{"id":87822,"date":"2023-09-26T14:16:47","date_gmt":"2023-09-26T12:16:47","guid":{"rendered":"https:\/\/secureus.se\/produkt\/dorrsensor-dorrautomatik-active-infrared-sensor-oa-203c-silver\/"},"modified":"2026-01-06T21:05:14","modified_gmt":"2026-01-06T20:05:14","slug":"dorrsensor-dorrautomatik-active-infrared-sensor-oa-203c-silver","status":"publish","type":"product","link":"https:\/\/secureus.se\/pl\/dorrsensor-dorrautomatik-active-infrared-sensor-oa-203c-silver\/","title":{"rendered":"Czujnik drzwiowy Automatyka drzwiowa Aktywny czujnik podczerwieni OA-203C Srebrny"},"content":{"rendered":"<h1>Czujnik drzwi OA-203C to aktywny czujnik podczerwieni o du\u017cej precyzji i mo\u017cliwo\u015bciach dostosowywania, idealny do zapewnienia bezpiecznej i wydajnej automatyzacji drzwi w r\u00f3\u017cnych \u015brodowiskach.<\/h1>\n<p>Jego zaawansowane funkcje i niezawodne dzia\u0142anie sprawiaj\u0105, \u017ce jest to jedno z najlepszych rozwi\u0105za\u0144 w zakresie niezawodnego wykrywania drzwi.<\/p>\n<h4>Konfigurowalne obszary wykrywania<\/h4>\n<p>OA-203C umo\u017cliwia precyzyjn\u0105 regulacj\u0119 obszar\u00f3w detekcji w kierunku lewym, prawym i wzd\u0142u\u017cnym.<\/p>\n<p>Dzi\u0119ki maksymalnie 720 mo\u017cliwym wzorom wykrywania urz\u0105dzenie mo\u017cna \u0142atwo skonfigurowa\u0107 tak, aby pasowa\u0142o do okre\u015blonych \u015brodowisk i zastosowa\u0144.<\/p>\n<p>Wysoko\u015b\u0107 monta\u017cu do 3,0 metr\u00f3w sprawia, \u017ce czujnik jest wszechstronny i nadaje si\u0119 do r\u00f3\u017cnych instalacji, od \u015brodowisk komercyjnych po publiczne.<\/p>\n<h4>Doskona\u0142a stabilno\u015b\u0107<\/h4>\n<p>Dzi\u0119ki zaawansowanej technologii podczerwieni OA-203C jest odporny na zak\u0142\u00f3cenia pochodz\u0105ce od czynnik\u00f3w zewn\u0119trznych, takich jak deszcz, \u015bnieg i owady.<\/p>\n<p>Zapewnia to stabiln\u0105 i niezawodn\u0105 prac\u0119 zar\u00f3wno w \u015brodowisku wewn\u0119trznym, jak i zewn\u0119trznym.<\/p>\n<p>W czujniku zastosowano mikrokontrolery, kt\u00f3re dodatkowo zwi\u0119kszaj\u0105 jego odporno\u015b\u0107 na wp\u0142ywy \u015brodowiska, zmniejszaj\u0105c ryzyko fa\u0142szywych alarm\u00f3w.<\/p>\n<h4>\u0141atwa instalacja i regulacja<\/h4>\n<p>OA-203C zaprojektowano z my\u015bl\u0105 o \u0142atwej instalacji i konfiguracji.<\/p>\n<p>Oferuje dwa ustawienia kierunku bocznego (\u00b13,5\u00b0) i osiem ustawie\u0144 g\u0142\u0119boko\u015bci (\u00b11\u00b0), zapewniaj\u0105c du\u017c\u0105 elastyczno\u015b\u0107 instalacji.<\/p>\n<p>Do\u0142\u0105czone narz\u0119dzie do regulacji oraz przejrzysta instrukcja monta\u017cu u\u0142atwiaj\u0105 szybk\u0105 konfiguracj\u0119 i optymalizacj\u0119 urz\u0105dzenia.<\/p>\n<h4>G\u0142\u00f3wne cechy:<\/h4>\n<ul>\n<li><strong>Aktywna technologia podczerwieni:<\/strong> Zapewnia dok\u0142adne i szybkie wykrywanie.<\/li>\n<li><strong>Konfigurowalne obszary detekcji:<\/strong> Do 720 wzorc\u00f3w wykrywania zapewniaj\u0105cych optymaln\u0105 elastyczno\u015b\u0107.<\/li>\n<li><strong>Odporna konstrukcja:<\/strong> Wytrzymuje temperatury od -20\u00b0C do +55\u00b0C i jest odporny na warunki atmosferyczne.<\/li>\n<li><strong>\u0141atwy w instalacji:<\/strong> Opcje regulacji i do\u0142\u0105czone narz\u0119dzia u\u0142atwiaj\u0105 monta\u017c.<\/li>\n<li><strong>Stabilny i niezawodny:<\/strong> Odporny na zak\u0142\u00f3cenia powodowane przez deszcz, \u015bnieg i owady.<\/li>\n<\/ul>\n<h4>Idealny do szeregu zastosowa\u0144<\/h4>\n<p>OA-203C to idealne rozwi\u0105zanie do wykrywania drzwi w budynkach komercyjnych, sklepach, przestrzeniach publicznych i innych obszarach, gdzie wymagana jest niezawodna aktywacja drzwi automatycznych.<\/p>\n<p>Wysoka jako\u015b\u0107 wykonania i wszechstronno\u015b\u0107 sprawiaj\u0105, \u017ce jest to niezawodny wyb\u00f3r zar\u00f3wno w przypadku nowych instalacji, jak i modernizacji.<\/p>\n<p>Dzi\u0119ki czujnikowi drzwi OA-203C otrzymujesz stabilne, wszechstronne i \u0142atwe w instalacji rozwi\u0105zanie, kt\u00f3re poprawia bezpiecze\u0144stwo i \u0142atwo\u015b\u0107 u\u017cytkowania we wszystkich typach \u015brodowisk.<\/p>","protected":false},"excerpt":{"rendered":"<p>Czujnik drzwi OA-203C z technologi\u0105 aktywnej podczerwieni oferuje regulowane zakresy detekcji w celu niezawodnej aktywacji i detekcji.<\/p>\n<p>Idealny do r\u00f3\u017cnych zastosowa\u0144, zapewniaj\u0105cy doskona\u0142\u0105 stabilno\u015b\u0107 i \u0142atw\u0105 instalacj\u0119.<\/p>","protected":false},"featured_media":155442,"template":"","meta":{"_acf_changed":false},"product_brand":[],"product_cat":[4867],"product_tag":[],"class_list":{"0":"post-87822","1":"product","2":"type-product","3":"status-publish","4":"has-post-thumbnail","6":"product_cat-oppnaknappar-kategorier","7":"product_shipping_class-tunga-paket","8":"pa_brands-optex","9":"tm-no-options","11":"first","12":"onbackorder","13":"sale","14":"taxable","15":"shipping-taxable","16":"purchasable","17":"product-type-simple"},"acf":[],"_links":{"self":[{"href":"https:\/\/secureus.se\/pl\/wp-json\/wp\/v2\/product\/87822","targetHints":{"allow":["GET"]}}],"collection":[{"href":"https:\/\/secureus.se\/pl\/wp-json\/wp\/v2\/product"}],"about":[{"href":"https:\/\/secureus.se\/pl\/wp-json\/wp\/v2\/types\/product"}],"wp:featuredmedia":[{"embeddable":true,"href":"https:\/\/secureus.se\/pl\/wp-json\/wp\/v2\/media\/155442"}],"wp:attachment":[{"href":"https:\/\/secureus.se\/pl\/wp-json\/wp\/v2\/media?parent=87822"}],"wp:term":[{"taxonomy":"product_brand","embeddable":true,"href":"https:\/\/secureus.se\/pl\/wp-json\/wp\/v2\/product_brand?post=87822"},{"taxonomy":"product_cat","embeddable":true,"href":"https:\/\/secureus.se\/pl\/wp-json\/wp\/v2\/product_cat?post=87822"},{"taxonomy":"product_tag","embeddable":true,"href":"https:\/\/secureus.se\/pl\/wp-json\/wp\/v2\/product_tag?post=87822"}],"curies":[{"name":"wp","href":"https:\/\/api.w.org\/{rel}","templated":true}]}}