{"id":89250,"date":"2024-01-04T15:43:11","date_gmt":"2024-01-04T14:43:11","guid":{"rendered":"https:\/\/secureus.se\/produkt\/fonsterbroms-160s-4-l1100mm-hoger\/"},"modified":"2026-04-09T10:34:42","modified_gmt":"2026-04-09T08:34:42","slug":"fonsterbroms-dorrbroms-160s-4-l1100mm-hoger","status":"publish","type":"product","link":"https:\/\/secureus.se\/pl\/fonsterbroms-dorrbroms-160s-4-l1100mm-hoger\/","title":{"rendered":"ASSA Fix 160S\/4 Hamulec szyby \/ drzwi \u2013 prawy \u2013 452 mm"},"content":{"rendered":"<div>ASSA ABLOY 160S to hamulec okienny do okien i drzwi okiennych wraz ze spanielem, kt\u00f3ry ma przek\u0142adni\u0119 (oznaczon\u0105 liter\u0105 F w oznaczeniu). Zwykle stosowany do okien i drzwi okiennych wraz z spanjoletem ASSA\/FIX, kt\u00f3ry ma przek\u0142adni\u0119 hamulca drzwi. Urz\u0105dzenie 160S posiada homologacj\u0119 typu jako urz\u0105dzenie blokuj\u0105ce zabezpieczone przed dzie\u0107mi zgodnie z przepisami budowlanymi Szwedzkiego Urz\u0119du ds. Mieszkalnictwa, BBR, dotyczy to sytuacji, gdy klucz jest wyj\u0119ty z pokr\u0119t\u0142a steruj\u0105cego 4570 (do nabycia osobno). S\u0142u\u017cy do utrzymywania otwartych okien i drzwi tarasowych w \u017c\u0105danej pozycji wentylacji. Hamulec szyby 160S posiada zdejmowany wspornik ramy i montowany jest za pomoc\u0105 wspornika ramy 5580 lub 5550T, kt\u00f3ry nale\u017cy zakupi\u0107 osobno.<\/div>\n<div><b><br \/>\nW\u0142a\u015bciwo\u015bci:<\/b><\/div>\n<div>\n<ul>\n<li>Urz\u0105dzenie zabezpieczaj\u0105ce przed dzie\u0107mi z homologacj\u0105 typu zgodnie z BBR<\/li>\n<li>Obowi\u0105zuje w przypadku wyj\u0119cia klucza z pokr\u0119t\u0142a steruj\u0105cego 4570<\/li>\n<li>Z od\u0142\u0105czanym mocowaniem do ramy (modele 150 i 150S maj\u0105 mocowanie sta\u0142e)<\/li>\n<li>Do okien i drzwi okiennych, kt\u00f3re musz\u0105 posiada\u0107 okucia zabezpieczaj\u0105ce.<\/li>\n<li>Obs\u0142ugiwany za pomoc\u0105 r\u0105czki spaniela.<\/li>\n<li>Gdy uchwyt jest w pozycji zamkni\u0119tej, \u0142uk utrzymuje si\u0119 poprzez tarcie w \u017c\u0105danej pozycji wentylacji.<\/li>\n<li>Aby chroni\u0107 ram\u0119 i zawiasy, hamulec szyby \u015blizga si\u0119 w przypadku przeci\u0105\u017cenia.<\/li>\n<li>Przy r\u0105czce w pozycji otwartej \u0142uk ma luz.<\/li>\n<li>Tarcie przytrzymuj\u0105ce wzrasta wraz ze wzrostem k\u0105ta otwarcia.<\/li>\n<li>Prawy lub lewy okre\u015bla si\u0119 w zale\u017cno\u015bci od spagnolette i zawiasu drzwiowego.<\/li>\n<\/ul>\n<\/div>\n<div><b><br \/>\nFunkcjonowa\u0107:<\/b><\/div>\n<div>\n<ul>\n<li>Trzpie\u0144 blokuj\u0105cy ograniczaj\u0105cy otwarcie do dopuszczalnej pozycji wentylacyjnej ze wzgl\u0119du na bezpiecze\u0144stwo dzieci (maks. szczelina otwarcia 100 mm).<\/li>\n<li>Aby otworzy\u0107 poza pozycj\u0119 zamka, nale\u017cy w\u0142o\u017cy\u0107 i otworzy\u0107 wyjmowany klucz.<\/li>\n<li>Klucz nale\u017cy przekr\u0119ci\u0107, zanim \u0142uk osi\u0105gnie pozycj\u0119 zapadki, gdy \u0142uk si\u0119 otworzy.<\/li>\n<li>Funkcja ryglowania zostaje automatycznie wznowiona po zamkni\u0119ciu \u0142uku i wyj\u0119ciu klucza.<\/li>\n<\/ul>\n<\/div>\n<div><b><br \/>\nWymiary rozmiaru 160S\/4:<\/b><\/div>\n<div>\n<ul>\n<li>Szeroko\u015b\u0107 \u0142uku: 801-1100 mm<\/li>\n<li>D\u0142ugo\u015b\u0107 trzonka blokady przy maksymalnej szeroko\u015bci \u0142uku: 907 mm.<\/li>\n<li>D\u0142ugo\u015b\u0107 skrzyni hamulcowej: 452 mm.<\/li>\n<li>D\u0142ugo\u015b\u0107 ramienia: 450 mm.<\/li>\n<li>Szeroko\u015b\u0107: 20mm<\/li>\n<\/ul>\n<p><strong>Zobacz zdj\u0119cia, aby dowiedzie\u0107 si\u0119, jakiego modelu potrzebujesz. Pierwszy obraz w pokazie slajd\u00f3w zawsze pokazuje konkretny hamulec, na kt\u00f3rym aktualnie si\u0119 znajdujesz.\u00a0<\/strong><\/p>\n<p><strong>To, \u017ce produkt nosi nazw\u0119 \u201ePrawe\u201d lub \u201eLewe\u201d, nie ma nic wsp\u00f3lnego z tym, czy Twoje drzwi s\u0105 otwierane w lewo, czy w prawo. Na przyk\u0142ad \u201elewy\u201d oznacza, \u017ce d\u017awignia hamulca znajduje si\u0119 po lewej stronie wewn\u0105trz skrzyni\/skrzyni hamulca, gdy otwarta strona skrzyni jest skierowana do g\u00f3ry.\u00a0<\/strong><\/p>\n<p><strong>Wiele os\u00f3b zamawia niew\u0142a\u015bciwy produkt tego typu, dlatego je\u015bli nie jeste\u015b pewien, czy ten, kt\u00f3ry masz w domu, odpowiada zdj\u0119ciu, prosimy o zwr\u00f3cenie szczeg\u00f3lnej uwagi.<\/strong><\/p>\n<\/div>","protected":false},"excerpt":{"rendered":"<div style=\"background: #f6f8fa;padding: 14px;border-radius: 6px;margin: 15px 0\">\n<p><strong>\u2714 Ten model jest DOBRY<\/strong><\/p>\n<p>Przed z\u0142o\u017ceniem zam\u00f3wienia sprawd\u017a sw\u00f3j obecny hamulec okienny. Trzymaj\u0105c skrzynk\u0119 hamulcow\u0105 otworem do g\u00f3ry i kr\u00f3tszym bokiem do siebie, <strong>W przypadku zakupu tego modelu bolec hamulcowy znajduje si\u0119 po prawej stronie.<\/strong><\/p>\n<p><img decoding=\"async\" style=\"max-width: 300px;width: 100%;margin-top: 10px;border-radius: 6px\" src=\"https:\/\/secureus.se\/wp-content\/uploads\/2026\/03\/hoger-vanster-enkel.jpg\" alt=\"Hamulec szyby lewej lub prawej\" \/><\/p>\n<\/div>","protected":false},"featured_media":138905,"template":"","meta":{"_acf_changed":false},"product_brand":[],"product_cat":[3126,4795],"product_tag":[4100,4108,4102,4863],"class_list":{"0":"post-89250","1":"product","2":"type-product","3":"status-publish","4":"has-post-thumbnail","6":"product_cat-fonsterbroms","7":"product_cat-assa-fix-160s","8":"product_tag-4100","9":"product_tag-4108","10":"product_tag-hoger","11":"product_tag-pf","12":"product_shipping_class-tunga-paket","13":"pa_brands-abloy","14":"tm-no-options","16":"first","17":"outofstock","18":"sale","19":"taxable","20":"shipping-taxable","21":"purchasable","22":"product-type-simple"},"acf":[],"_links":{"self":[{"href":"https:\/\/secureus.se\/pl\/wp-json\/wp\/v2\/product\/89250","targetHints":{"allow":["GET"]}}],"collection":[{"href":"https:\/\/secureus.se\/pl\/wp-json\/wp\/v2\/product"}],"about":[{"href":"https:\/\/secureus.se\/pl\/wp-json\/wp\/v2\/types\/product"}],"wp:featuredmedia":[{"embeddable":true,"href":"https:\/\/secureus.se\/pl\/wp-json\/wp\/v2\/media\/138905"}],"wp:attachment":[{"href":"https:\/\/secureus.se\/pl\/wp-json\/wp\/v2\/media?parent=89250"}],"wp:term":[{"taxonomy":"product_brand","embeddable":true,"href":"https:\/\/secureus.se\/pl\/wp-json\/wp\/v2\/product_brand?post=89250"},{"taxonomy":"product_cat","embeddable":true,"href":"https:\/\/secureus.se\/pl\/wp-json\/wp\/v2\/product_cat?post=89250"},{"taxonomy":"product_tag","embeddable":true,"href":"https:\/\/secureus.se\/pl\/wp-json\/wp\/v2\/product_tag?post=89250"}],"curies":[{"name":"wp","href":"https:\/\/api.w.org\/{rel}","templated":true}]}}