{"id":89254,"date":"2024-01-04T15:43:14","date_gmt":"2024-01-04T14:43:14","guid":{"rendered":"https:\/\/secureus.se\/produkt\/fonsterbroms-150-2-l550mm-vanster\/"},"modified":"2026-04-13T16:21:40","modified_gmt":"2026-04-13T14:21:40","slug":"fonsterbroms-dorrbroms-150-2-l550mm-vanster","status":"publish","type":"product","link":"https:\/\/secureus.se\/pl\/fonsterbroms-dorrbroms-150-2-l550mm-vanster\/","title":{"rendered":"ASSA Fix 150\/2 Hamulec szyby \/ drzwi \u2013 lewy \u2013 252 mm"},"content":{"rendered":"<p><strong>ASSA Fix 150\/2<\/strong> jest klasyk\u0105 <strong>hamulec okienny do okien i drzwi tarasowych<\/strong> kt\u00f3ry jest u\u017cywany razem z <strong>ASSA espagnolette z transferem<\/strong>. Hamulec pozwala na pozostawienie drzwi lub okna w pozycji otwartej, w celu wentylacji, zamiast trzaskania lub ca\u0142kowitego otwarcia.<\/p>\n<p>Obs\u0142ugiwany jest za pomoc\u0105 klamki zasuwnicy i wytwarza tarcie w pr\u0119cie hamulcowym, dzi\u0119ki czemu drzwi mo\u017cna utrzyma\u0107 w \u017c\u0105danej pozycji.<\/p>\n<h3>Charakterystyka<\/h3>\n<ul>\n<li>Mocowanie ramy sta\u0142ej<\/li>\n<li>Stosowa\u0107 razem z zasuwnic\u0105 ASSA\/FIX z transferem<\/li>\n<li>Pasuje do okien i drzwi francuskich<\/li>\n<li>Obs\u0142ugiwane za pomoc\u0105 klamki zasuwnicy<\/li>\n<li>Utrzymuje drzwi w pozycji wentylacyjnej<\/li>\n<li>Po\u015blizg w przypadku przeci\u0105\u017cenia, chroni\u0105cy zawiasy i okucia<\/li>\n<\/ul>\n<h3>Wymiary \u2013 ASSA Fix 150\/2<\/h3>\n<ul>\n<li>Do szeroko\u015bci \u0142uku: 401\u2013550 mm<\/li>\n<li>D\u0142ugo\u015b\u0107 wa\u0142u blokuj\u0105cego przy maksymalnej szeroko\u015bci \u0142uku: 457 mm<\/li>\n<li>D\u0142ugo\u015b\u0107 skrzynki hamulcowej: 252 mm<\/li>\n<li>D\u0142ugo\u015b\u0107 ramienia: 205 mm<\/li>\n<li>Szeroko\u015b\u0107 skrzynki hamulcowej: 20 mm<\/li>\n<\/ul>\n<h3>Wa\u017cne o lewej i prawej stronie<\/h3>\n<p>Imi\u0119 <strong>lewo lub prawo<\/strong> nie ma nic wsp\u00f3lnego z tym, czy drzwi s\u0105 lewo- czy prawostronne.<br \/>\nWariant jest zamiast tego okre\u015blany przez <strong>po\u0142o\u017cenie sworznia hamulcowego wewn\u0105trz skrzynki hamulcowej<\/strong>.<\/p>\n<p>\u2022 Szpilka po lewej stronie = model lewy<br \/>\n\u2022 Szpilka po prawej stronie = model prawy<\/p>\n<p>Podczas sprawdzania trzymaj skrzynk\u0119 hamulcow\u0105 otworem skierowanym do g\u00f3ry i kr\u00f3tszym bokiem w swoj\u0105 stron\u0119.<\/p>\n<div style=\"background: #f6f8fa;padding: 14px;border-radius: 6px;margin: 18px 0\">\n<p><strong>Nie wiesz, jaki model jest Ci potrzebny?<\/strong><br \/>\nPor\u00f3wnaj sw\u00f3j obecny hamulec z obrazami produktu lub zobacz ca\u0142\u0105 gam\u0119.<a style=\"font-weight: bold\" href=\"https:\/\/secureus.se\/pl\/fonsterbroms\/\"><br \/>\nZobacz wszystkie hamulce okienne tutaj \u2192<br \/>\n<\/a><\/p>\n<\/div>","protected":false},"excerpt":{"rendered":"<div style=\"background: #f6f8fa;padding: 14px;border-radius: 6px;margin: 15px 0\">\n<p><strong>\u2714 Ten model jest LEWY<\/strong><\/p>\n<p>Przed z\u0142o\u017ceniem zam\u00f3wienia sprawd\u017a sw\u00f3j obecny hamulec okienny. Trzymaj\u0105c skrzynk\u0119 hamulcow\u0105 otworem do g\u00f3ry i kr\u00f3tszym bokiem do siebie, <strong>sworze\u0144 hamulca znajduje si\u0119 po lewej stronie<\/strong>.<\/p>\n<p><img decoding=\"async\" style=\"max-width: 300px;width: 100%;margin-top: 10px;border-radius: 6px\" src=\"https:\/\/secureus.se\/wp-content\/uploads\/2026\/03\/hoger-vanster-enkel.jpg\" alt=\"Hamulec szyby lewej lub prawej\" \/><\/p>\n<\/div>","protected":false},"featured_media":138549,"template":"","meta":{"_acf_changed":false},"product_brand":[],"product_cat":[3126,4793],"product_tag":[4101,4107,4863,4099],"class_list":{"0":"post-89254","1":"product","2":"type-product","3":"status-publish","4":"has-post-thumbnail","6":"product_cat-fonsterbroms","7":"product_cat-assa-fix-150","8":"product_tag-4101","9":"product_tag-4107","10":"product_tag-pf","11":"product_tag-vanster","12":"product_shipping_class-tunga-paket","13":"pa_brands-abloy","14":"tm-no-options","16":"first","17":"instock","18":"sale","19":"taxable","20":"shipping-taxable","21":"purchasable","22":"product-type-simple"},"acf":[],"_links":{"self":[{"href":"https:\/\/secureus.se\/pl\/wp-json\/wp\/v2\/product\/89254","targetHints":{"allow":["GET"]}}],"collection":[{"href":"https:\/\/secureus.se\/pl\/wp-json\/wp\/v2\/product"}],"about":[{"href":"https:\/\/secureus.se\/pl\/wp-json\/wp\/v2\/types\/product"}],"wp:featuredmedia":[{"embeddable":true,"href":"https:\/\/secureus.se\/pl\/wp-json\/wp\/v2\/media\/138549"}],"wp:attachment":[{"href":"https:\/\/secureus.se\/pl\/wp-json\/wp\/v2\/media?parent=89254"}],"wp:term":[{"taxonomy":"product_brand","embeddable":true,"href":"https:\/\/secureus.se\/pl\/wp-json\/wp\/v2\/product_brand?post=89254"},{"taxonomy":"product_cat","embeddable":true,"href":"https:\/\/secureus.se\/pl\/wp-json\/wp\/v2\/product_cat?post=89254"},{"taxonomy":"product_tag","embeddable":true,"href":"https:\/\/secureus.se\/pl\/wp-json\/wp\/v2\/product_tag?post=89254"}],"curies":[{"name":"wp","href":"https:\/\/api.w.org\/{rel}","templated":true}]}}