{"id":89278,"date":"2024-01-04T15:43:21","date_gmt":"2024-01-04T14:43:21","guid":{"rendered":"https:\/\/secureus.se\/produkt\/fonsterbroms-160-4-l1100mm-hoger\/"},"modified":"2026-03-25T15:38:30","modified_gmt":"2026-03-25T14:38:30","slug":"fonsterbroms-dorrbroms-160-4-l1100mm-hoger","status":"publish","type":"product","link":"https:\/\/secureus.se\/pl\/fonsterbroms-dorrbroms-160-4-l1100mm-hoger\/","title":{"rendered":"ASSA Fix 160\/4 Hamulec szyby \/ drzwi \u2013 prawy \u2013 452 mm"},"content":{"rendered":"<p><strong>ASSA Fix 160\/4<\/strong> jest jeden <strong>hamulec okienny do okien i drzwi tarasowych<\/strong> kt\u00f3ry jest u\u017cywany razem z <strong>ASSA\/FIX zasuwnica z transferem<\/strong>. Hamulec pozwala na pozostawienie drzwi lub okna w pozycji otwartej, w celu wentylacji, zamiast trzaskania lub ca\u0142kowitego otwarcia.<\/p>\n<p>Obs\u0142ugiwany jest za pomoc\u0105 klamki zasuwnicy i wytwarza tarcie w pr\u0119cie hamulcowym, dzi\u0119ki czemu drzwi mo\u017cna utrzyma\u0107 w \u017c\u0105danej pozycji.<\/p>\n<p>Model <strong>160<\/strong> ma <strong>zdejmowany uchwyt ramy<\/strong> i montowany jest razem z uchwytem ramy <strong>5580<\/strong> Lub <strong>5550T<\/strong> kt\u00f3re s\u0105 kupowane osobno.<\/p>\n<h3>Charakterystyka<\/h3>\n<ul>\n<li>Od\u0142\u0105czany wspornik ramy (modele 150 i 150S maj\u0105 sta\u0142y wspornik)<\/li>\n<li>Stosowa\u0107 razem z zasuwnic\u0105 ASSA\/FIX z transferem<\/li>\n<li>Pasuje do okien i drzwi francuskich<\/li>\n<li>Obs\u0142ugiwane za pomoc\u0105 klamki zasuwnicy<\/li>\n<li>Utrzymuje drzwi w pozycji wentylacyjnej<\/li>\n<li>Po\u015blizg w przypadku przeci\u0105\u017cenia, chroni\u0105cy zawiasy i okucia<\/li>\n<li>Luz swobodny w pozycji otwartej klamki<\/li>\n<li>Tarcie przytrzymuj\u0105ce wzrasta wraz ze wzrostem k\u0105ta otwarcia<\/li>\n<\/ul>\n<h3>Wymiary \u2013 ASSA Fix 160\/4<\/h3>\n<ul>\n<li>Do szeroko\u015bci \u0142uku: 801\u20131100 mm<\/li>\n<li>D\u0142ugo\u015b\u0107 wa\u0142u zamka przy maksymalnej szeroko\u015bci \u0142uku: 907 mm<\/li>\n<li>D\u0142ugo\u015b\u0107 skrzynki hamulcowej: 452 mm<\/li>\n<li>D\u0142ugo\u015b\u0107 ramienia: 450 mm<\/li>\n<li>Szeroko\u015b\u0107 skrzynki hamulcowej: 20 mm<\/li>\n<\/ul>\n<h3>Wa\u017cne o lewej i prawej stronie<\/h3>\n<p>Imi\u0119 <strong>lewo lub prawo<\/strong> nie ma nic wsp\u00f3lnego z tym, czy drzwi s\u0105 lewo- czy prawostronne.<br \/>\nWariant jest zamiast tego okre\u015blany przez <strong>po\u0142o\u017cenie sworznia hamulcowego wewn\u0105trz skrzynki hamulcowej<\/strong>.<\/p>\n<p>\u2022 Szpilka po lewej stronie = model lewy<br \/>\n\u2022 Szpilka po prawej stronie = model prawy<\/p>\n<p>Podczas sprawdzania trzymaj skrzynk\u0119 hamulcow\u0105 otworem skierowanym do g\u00f3ry i kr\u00f3tszym bokiem w swoj\u0105 stron\u0119.<\/p>\n<div style=\"background: #f6f8fa;padding: 14px;border-radius: 6px;margin: 18px 0\">\n<p><strong>Nie wiesz, jaki model jest Ci potrzebny?<\/strong><br \/>\nPor\u00f3wnaj sw\u00f3j obecny hamulec z obrazami produktu lub zobacz ca\u0142\u0105 gam\u0119.<br \/>\n<a style=\"font-weight: bold\" href=\"https:\/\/secureus.se\/pl\/fonsterbroms\/\"><br \/>\nZobacz wszystkie hamulce okienne tutaj \u2192<\/a><\/p>\n<\/div>","protected":false},"excerpt":{"rendered":"<div style=\"background: #f6f8fa;padding: 14px;border-radius: 6px;margin: 15px 0\">\n<p><strong>\u2714 Ten model jest DOBRY<\/strong><\/p>\n<p>Przed z\u0142o\u017ceniem zam\u00f3wienia sprawd\u017a sw\u00f3j obecny hamulec okienny. Trzymaj\u0105c skrzynk\u0119 hamulcow\u0105 otworem do g\u00f3ry i kr\u00f3tszym bokiem do siebie, <strong>W przypadku zakupu tego modelu bolec hamulcowy znajduje si\u0119 po prawej stronie.<\/strong><\/p>\n<p><img decoding=\"async\" style=\"max-width: 300px;width: 100%;margin-top: 10px;border-radius: 6px\" src=\"https:\/\/secureus.se\/wp-content\/uploads\/2026\/03\/hoger-vanster-enkel.jpg\" alt=\"Hamulec szyby lewej lub prawej\" \/><\/p>\n<\/div>","protected":false},"featured_media":138534,"template":"","meta":{"_acf_changed":false},"product_brand":[],"product_cat":[3126,4794],"product_tag":[4100,4108,4102,4863],"class_list":{"0":"post-89278","1":"product","2":"type-product","3":"status-publish","4":"has-post-thumbnail","6":"product_cat-fonsterbroms","7":"product_cat-assa-fix-160","8":"product_tag-4100","9":"product_tag-4108","10":"product_tag-hoger","11":"product_tag-pf","12":"product_shipping_class-tunga-paket","13":"pa_brands-abloy","14":"tm-no-options","16":"first","17":"instock","18":"taxable","19":"shipping-taxable","20":"purchasable","21":"product-type-simple"},"acf":[],"_links":{"self":[{"href":"https:\/\/secureus.se\/pl\/wp-json\/wp\/v2\/product\/89278","targetHints":{"allow":["GET"]}}],"collection":[{"href":"https:\/\/secureus.se\/pl\/wp-json\/wp\/v2\/product"}],"about":[{"href":"https:\/\/secureus.se\/pl\/wp-json\/wp\/v2\/types\/product"}],"wp:featuredmedia":[{"embeddable":true,"href":"https:\/\/secureus.se\/pl\/wp-json\/wp\/v2\/media\/138534"}],"wp:attachment":[{"href":"https:\/\/secureus.se\/pl\/wp-json\/wp\/v2\/media?parent=89278"}],"wp:term":[{"taxonomy":"product_brand","embeddable":true,"href":"https:\/\/secureus.se\/pl\/wp-json\/wp\/v2\/product_brand?post=89278"},{"taxonomy":"product_cat","embeddable":true,"href":"https:\/\/secureus.se\/pl\/wp-json\/wp\/v2\/product_cat?post=89278"},{"taxonomy":"product_tag","embeddable":true,"href":"https:\/\/secureus.se\/pl\/wp-json\/wp\/v2\/product_tag?post=89278"}],"curies":[{"name":"wp","href":"https:\/\/api.w.org\/{rel}","templated":true}]}}