{"id":89284,"date":"2024-01-04T15:43:22","date_gmt":"2024-01-04T14:43:22","guid":{"rendered":"https:\/\/secureus.se\/produkt\/karmfaste-5580-svart\/"},"modified":"2026-04-14T14:07:01","modified_gmt":"2026-04-14T12:07:01","slug":"karmfaste-5580-svart","status":"publish","type":"product","link":"https:\/\/secureus.se\/pl\/karmfaste-5580-svart\/","title":{"rendered":"Uchwyt ramy ASSA Fix 5580 \u2013 czarny"},"content":{"rendered":"<p>Wspornik ramy 5580 to czarny plastikowy wspornik ramy do hamulca drzwi i okien Fix 160 i 160S. Wykonane z czarnego plastiku z otworem na \u015brub\u0119 po\u015brodku.<\/p>\n<p><b>W\u0142a\u015bciwo\u015bci:<\/b><\/p>\n<ul>\n<li>Otw\u00f3r po\u015brodku na sworze\u0144 hamulca drzwi 8 mm<\/li>\n<li>\u015arednica zewn\u0119trzna: 16 mm<\/li>\n<li>Wysoko\u015b\u0107: 16 mm.<\/li>\n<\/ul>","protected":false},"excerpt":{"rendered":"<p>Wspornik ramy 5580 do hamulca szyby Assa \/ Fix 160 i 160S.<\/p>","protected":false},"featured_media":139536,"template":"","meta":{"_acf_changed":false},"product_brand":[],"product_cat":[3126],"product_tag":[4863],"class_list":{"0":"post-89284","1":"product","2":"type-product","3":"status-publish","4":"has-post-thumbnail","6":"product_cat-fonsterbroms","7":"product_tag-pf","8":"product_shipping_class-postnord-varubrev","9":"pa_brands-abloy","10":"tm-no-options","12":"first","13":"instock","14":"sale","15":"taxable","16":"shipping-taxable","17":"purchasable","18":"product-type-simple"},"acf":[],"_links":{"self":[{"href":"https:\/\/secureus.se\/pl\/wp-json\/wp\/v2\/product\/89284","targetHints":{"allow":["GET"]}}],"collection":[{"href":"https:\/\/secureus.se\/pl\/wp-json\/wp\/v2\/product"}],"about":[{"href":"https:\/\/secureus.se\/pl\/wp-json\/wp\/v2\/types\/product"}],"wp:featuredmedia":[{"embeddable":true,"href":"https:\/\/secureus.se\/pl\/wp-json\/wp\/v2\/media\/139536"}],"wp:attachment":[{"href":"https:\/\/secureus.se\/pl\/wp-json\/wp\/v2\/media?parent=89284"}],"wp:term":[{"taxonomy":"product_brand","embeddable":true,"href":"https:\/\/secureus.se\/pl\/wp-json\/wp\/v2\/product_brand?post=89284"},{"taxonomy":"product_cat","embeddable":true,"href":"https:\/\/secureus.se\/pl\/wp-json\/wp\/v2\/product_cat?post=89284"},{"taxonomy":"product_tag","embeddable":true,"href":"https:\/\/secureus.se\/pl\/wp-json\/wp\/v2\/product_tag?post=89284"}],"curies":[{"name":"wp","href":"https:\/\/api.w.org\/{rel}","templated":true}]}}