{"id":89287,"date":"2024-01-04T15:43:23","date_gmt":"2024-01-04T14:43:23","guid":{"rendered":"https:\/\/secureus.se\/produkt\/karmfaste-5550t-zink\/"},"modified":"2026-04-21T18:24:35","modified_gmt":"2026-04-21T16:24:35","slug":"karmfaste-5550t-zink","status":"publish","type":"product","link":"https:\/\/secureus.se\/pl\/karmfaste-5550t-zink\/","title":{"rendered":"Wspornik ramy ASSA Fix 5550T \u2013 cynkowy"},"content":{"rendered":"<p>5550T to wspornik ramy w zestawie do hamulca do drzwi i okien Fix 160 i 160S. Wykonane z cynku.<\/p>\n<p><b>W\u0142a\u015bciwo\u015bci:<\/b><\/p>\n<ul>\n<li>Wkr\u0119cany w drewnian\u0105 ram\u0119<\/li>\n<li>Otw\u00f3r po\u015brodku na sworze\u0144 hamulca drzwi 8 mm<\/li>\n<li>\u015arednica zewn\u0119trzna cz\u0119\u015bci gwintowanej: 14 mm + gwinty<\/li>\n<li>\u015arednica zewn\u0119trzna: 18 mm<\/li>\n<li>Wysoko\u015b\u0107: 15 mm (cz\u0119\u015b\u0107 gwintowana 13 mm)<\/li>\n<\/ul>","protected":false},"excerpt":{"rendered":"<p>5550T to wspornik ramy w zestawie do hamulca do drzwi i okien Fix 160 i 160S. Wykonane z cynku. Cechy: Wkr\u0119cony w drewnian\u0105 ram\u0119. Otw\u00f3r po\u015brodku na sworze\u0144 hamulca drzwi. \u015arednica zewn\u0119trzna 8 mm<\/p>","protected":false},"featured_media":138517,"template":"","meta":{"_acf_changed":false},"product_brand":[],"product_cat":[3126],"product_tag":[4863],"class_list":{"0":"post-89287","1":"product","2":"type-product","3":"status-publish","4":"has-post-thumbnail","6":"product_cat-fonsterbroms","7":"product_tag-pf","8":"product_shipping_class-postnord-varubrev","9":"pa_brands-abloy","10":"tm-no-options","12":"first","13":"instock","14":"taxable","15":"shipping-taxable","16":"purchasable","17":"product-type-simple"},"acf":[],"_links":{"self":[{"href":"https:\/\/secureus.se\/pl\/wp-json\/wp\/v2\/product\/89287","targetHints":{"allow":["GET"]}}],"collection":[{"href":"https:\/\/secureus.se\/pl\/wp-json\/wp\/v2\/product"}],"about":[{"href":"https:\/\/secureus.se\/pl\/wp-json\/wp\/v2\/types\/product"}],"wp:featuredmedia":[{"embeddable":true,"href":"https:\/\/secureus.se\/pl\/wp-json\/wp\/v2\/media\/138517"}],"wp:attachment":[{"href":"https:\/\/secureus.se\/pl\/wp-json\/wp\/v2\/media?parent=89287"}],"wp:term":[{"taxonomy":"product_brand","embeddable":true,"href":"https:\/\/secureus.se\/pl\/wp-json\/wp\/v2\/product_brand?post=89287"},{"taxonomy":"product_cat","embeddable":true,"href":"https:\/\/secureus.se\/pl\/wp-json\/wp\/v2\/product_cat?post=89287"},{"taxonomy":"product_tag","embeddable":true,"href":"https:\/\/secureus.se\/pl\/wp-json\/wp\/v2\/product_tag?post=89287"}],"curies":[{"name":"wp","href":"https:\/\/api.w.org\/{rel}","templated":true}]}}