{"id":89291,"date":"2024-01-04T15:43:24","date_gmt":"2024-01-04T14:43:24","guid":{"rendered":"https:\/\/secureus.se\/produkt\/fonsterbroms-160-3-l800mm-hoger\/"},"modified":"2026-04-23T12:18:25","modified_gmt":"2026-04-23T10:18:25","slug":"fonsterbroms-dorrbroms-160-3-l800mm-hoger","status":"publish","type":"product","link":"https:\/\/secureus.se\/pl\/fonsterbroms-dorrbroms-160-3-l800mm-hoger\/","title":{"rendered":"ASSA Fix 160\/3 Hamulec szyby \/ drzwi \u2013 prawy \u2013 352 mm"},"content":{"rendered":"<p><strong>ASSA Fix 160\/3<\/strong> jest jeden <strong>hamulec okienny do okien i drzwi francuskich<\/strong> kt\u00f3ry jest u\u017cywany razem z <strong>ASSA\/FIX zasuwnica z transferem<\/strong> (oznaczone liter\u0105 F w nazwie). S\u0142u\u017cy do kontrolowanego utrzymywania otwartych okien lub drzwi tarasowych. <strong>tryb wentylacji<\/strong>.<\/p>\n<p>Hamulec okienny obs\u0142ugiwany jest za pomoc\u0105 klamki zasuwnicy. Gdy klamka jest w pozycji zamkni\u0119tej, w hamulcu wytwarzane jest tarcie, kt\u00f3re utrzymuje skrzyd\u0142o w \u017c\u0105danej pozycji wentylacyjnej. Po otwarciu klamki skrzyd\u0142o mo\u017ce si\u0119 swobodnie porusza\u0107. Konstrukcja hamulca sprawia, \u017ce pod wp\u0142ywem przeci\u0105\u017cenia hamulec \u015blizga si\u0119, chroni\u0105c zawiasy i okucia.<\/p>\n<p>Model <strong>160<\/strong> ma <strong>zdejmowany uchwyt ramy<\/strong> i montowany jest razem z uchwytem ramy <strong>5580<\/strong> Lub <strong>5550T<\/strong> kt\u00f3re s\u0105 kupowane osobno.<\/p>\n<h3>Charakterystyka<\/h3>\n<ul>\n<li>Od\u0142\u0105czany wspornik ramy (modele 150 i 150S maj\u0105 sta\u0142y wspornik)<\/li>\n<li>Do okien i drzwi francuskich z okuciami zabezpieczaj\u0105cymi<\/li>\n<li>Stosowa\u0107 razem z zasuwnic\u0105 ASSA\/FIX z transferem<\/li>\n<li>Obs\u0142ugiwane za pomoc\u0105 klamki zasuwnicy<\/li>\n<li>Utrzymuje okna lub drzwi tarasowe w trybie wentylacji<\/li>\n<li>Po\u015blizg w przypadku przeci\u0105\u017cenia, chroni\u0105cy zawiasy i okucia<\/li>\n<li>Luz swobodny w pozycji otwartej klamki<\/li>\n<li>Tarcie przytrzymuj\u0105ce wzrasta wraz ze wzrostem k\u0105ta otwarcia<\/li>\n<\/ul>\n<h3>Wymiary \u2013 ASSA Fix 160\/3<\/h3>\n<ul>\n<li>Do szeroko\u015bci \u0142uku: 551\u2013800 mm<\/li>\n<li>D\u0142ugo\u015b\u0107 wa\u0142u blokuj\u0105cego przy maksymalnej szeroko\u015bci \u0142uku: 657 mm<\/li>\n<li>D\u0142ugo\u015b\u0107 skrzynki hamulcowej: 352 mm<\/li>\n<li>D\u0142ugo\u015b\u0107 ramienia: 280 mm<\/li>\n<li>Szeroko\u015b\u0107 skrzynki hamulcowej: 20 mm<\/li>\n<\/ul>\n<h3>Wa\u017cne o lewej i prawej stronie<\/h3>\n<p>Imi\u0119 <strong>lewo lub prawo<\/strong> nie ma nic wsp\u00f3lnego z tym, czy drzwi s\u0105 lewo- czy prawostronne.<\/p>\n<p>Wariant jest zamiast tego okre\u015blany przez <strong>po\u0142o\u017cenie d\u017awigni hamulca wewn\u0105trz skrzynki hamulcowej<\/strong>.<\/p>\n<p>\u2022 D\u017awignia hamulca po lewej stronie = model lewostronny<br \/>\n\u2022 D\u017awignia hamulca po prawej stronie = model prawostronny<\/p>\n<p>Podczas sprawdzania trzymaj skrzynk\u0119 hamulcow\u0105 otworem skierowanym do g\u00f3ry i kr\u00f3tszym bokiem w swoj\u0105 stron\u0119.<\/p>\n<p><strong>Aby zidentyfikowa\u0107 w\u0142a\u015bciwy model, obejrzyj zdj\u0119cia produktu.<\/strong> Pierwszy obraz w pokazie slajd\u00f3w zawsze pokazuje konkretny hamulec, na kt\u00f3rym aktualnie si\u0119 znajdujesz.<\/p>\n<p><strong>Wiele os\u00f3b zamawia niew\u0142a\u015bciwy model tego typu produktu.<\/strong> Je\u015bli nie masz pewno\u015bci, czy Tw\u00f3j obecny hamulec pasuje do zdj\u0119\u0107, zalecamy dok\u0142adne sprawdzenie przed z\u0142o\u017ceniem zam\u00f3wienia.<\/p>","protected":false},"excerpt":{"rendered":"<div style=\"background: #f6f8fa;padding: 14px;border-radius: 6px;margin: 15px 0\">\n<p><strong>\u2714 Ten model jest DOBRY<\/strong><\/p>\n<p>Przed z\u0142o\u017ceniem zam\u00f3wienia sprawd\u017a sw\u00f3j obecny hamulec okienny. Trzymaj\u0105c skrzynk\u0119 hamulcow\u0105 otworem do g\u00f3ry i kr\u00f3tszym bokiem do siebie, <strong>W przypadku zakupu tego modelu bolec hamulcowy znajduje si\u0119 po prawej stronie.<\/strong><\/p>\n<p><img decoding=\"async\" style=\"max-width: 300px;width: 100%;margin-top: 10px;border-radius: 6px\" src=\"https:\/\/secureus.se\/wp-content\/uploads\/2026\/03\/hoger-vanster-enkel.jpg\" alt=\"Hamulec szyby lewej lub prawej\" \/><\/p>\n<\/div>","protected":false},"featured_media":138510,"template":"","meta":{"_acf_changed":false},"product_brand":[],"product_cat":[3126,4794],"product_tag":[4100,4109,4102,4863],"class_list":{"0":"post-89291","1":"product","2":"type-product","3":"status-publish","4":"has-post-thumbnail","6":"product_cat-fonsterbroms","7":"product_cat-assa-fix-160","8":"product_tag-4100","9":"product_tag-4109","10":"product_tag-hoger","11":"product_tag-pf","12":"product_shipping_class-tunga-paket","13":"pa_brands-abloy","14":"tm-no-options","16":"first","17":"instock","18":"sale","19":"taxable","20":"shipping-taxable","21":"purchasable","22":"product-type-simple"},"acf":[],"_links":{"self":[{"href":"https:\/\/secureus.se\/pl\/wp-json\/wp\/v2\/product\/89291","targetHints":{"allow":["GET"]}}],"collection":[{"href":"https:\/\/secureus.se\/pl\/wp-json\/wp\/v2\/product"}],"about":[{"href":"https:\/\/secureus.se\/pl\/wp-json\/wp\/v2\/types\/product"}],"wp:featuredmedia":[{"embeddable":true,"href":"https:\/\/secureus.se\/pl\/wp-json\/wp\/v2\/media\/138510"}],"wp:attachment":[{"href":"https:\/\/secureus.se\/pl\/wp-json\/wp\/v2\/media?parent=89291"}],"wp:term":[{"taxonomy":"product_brand","embeddable":true,"href":"https:\/\/secureus.se\/pl\/wp-json\/wp\/v2\/product_brand?post=89291"},{"taxonomy":"product_cat","embeddable":true,"href":"https:\/\/secureus.se\/pl\/wp-json\/wp\/v2\/product_cat?post=89291"},{"taxonomy":"product_tag","embeddable":true,"href":"https:\/\/secureus.se\/pl\/wp-json\/wp\/v2\/product_tag?post=89291"}],"curies":[{"name":"wp","href":"https:\/\/api.w.org\/{rel}","templated":true}]}}