{"id":89321,"date":"2024-01-09T12:15:26","date_gmt":"2024-01-09T11:15:26","guid":{"rendered":"https:\/\/secureus.se\/produkt\/testare-for-glaskrossdetektor-indigo\/"},"modified":"2026-01-06T21:06:28","modified_gmt":"2026-01-06T20:06:28","slug":"testare-for-glaskrossdetektor-indigo","status":"publish","type":"product","link":"https:\/\/secureus.se\/pl\/testare-for-glaskrossdetektor-indigo\/","title":{"rendered":"Tester detektora st\u0142uczenia szk\u0142a Indigo"},"content":{"rendered":"<h1>Tester czujki st\u0142uczenia szyby INDIGO \u2013 precyzja dla system\u00f3w bezpiecze\u0144stwa<\/h1>\n<p>Dzi\u0119ki Testerowi Czujki Zbicia Szyby INDIGO firmy Satel masz pewno\u015b\u0107, \u017ce Twoje akustyczne czujki st\u0142uczenia szyby b\u0119d\u0105 dzia\u0142a\u0107 optymalnie.<\/p>\n<p>Narz\u0119dzie symuluje d\u017awi\u0119k t\u0142uczonego szk\u0142a w celu przetestowania i dostosowania czujek przed ostateczn\u0105 instalacj\u0105.<\/p>\n<h5>G\u0142\u00f3wne funkcje<\/h5>\n<ul>\n<li><strong>Imituje d\u017awi\u0119k t\u0142uczonego szk\u0142a<\/strong>: Trzy typy sygna\u0142u dla szk\u0142a g\u0142adkiego, hartowanego i laminowanego.<\/li>\n<li><strong>Przyjazny dla u\u017cytkownika projekt<\/strong>: Urz\u0105dzenie zabezpieczaj\u0105ce zapobiegaj\u0105ce przypadkowemu uruchomieniu i wska\u017anik niskiego poziomu baterii.<\/li>\n<li><strong>Elastyczne testowanie<\/strong>: Umo\u017cliwia dostrojenie detektor\u00f3w w celu uzyskania najlepszej wydajno\u015bci.<\/li>\n<li><strong>Zasilanie bateryjne<\/strong>: Zasilany pojedyncz\u0105 bateri\u0105 alkaliczn\u0105 9 V 6LR61 dla \u0142atwo\u015bci u\u017cytkowania.<\/li>\n<\/ul>\n<h5>Korzy\u015bci<\/h5>\n<ul>\n<li><strong>Precyzyjna regulacja<\/strong>: Pomaga wybra\u0107 najlepsz\u0105 lokalizacj\u0119 dla czujek podczas instalacji.<\/li>\n<li><strong>Bezpieczne u\u017cytkowanie<\/strong>: Wbudowane funkcje bezpiecze\u0144stwa chroni\u0105 s\u0142uch podczas testowania.<\/li>\n<li><strong>D\u0142uga \u017cywotno\u015b\u0107<\/strong>: Solidna i niezawodna konstrukcja do codziennego u\u017cytku.<\/li>\n<\/ul>\n<h5>Obszary zastosowa\u0144<\/h5>\n<ul>\n<li><strong>Domy i firmy<\/strong>: Idealny do optymalizacji bezpiecze\u0144stwa w r\u00f3\u017cnych obiektach.<\/li>\n<li><strong>Lokale komercyjne<\/strong>: Upewnij si\u0119, \u017ce wszystkie detektory dzia\u0142aj\u0105 prawid\u0142owo w sklepach i biurach.<\/li>\n<li><strong>W\u0142a\u015bciwo\u015bci przemys\u0142owe<\/strong>: Chro\u0144 wra\u017cliwe obszary, testuj\u0105c systemy bezpiecze\u0144stwa.<\/li>\n<\/ul>\n<p>Z <strong>TESTY INDYGO<\/strong> otrzymujesz niezawodne i wydajne rozwi\u0105zanie optymalizuj\u0105ce bezpiecze\u0144stwo i dzia\u0142anie akustycznych czujnik\u00f3w st\u0142uczenia szyby.<\/p>","protected":false},"excerpt":{"rendered":"<p>INDIGO TESTER firmy Satel to narz\u0119dzie s\u0142u\u017c\u0105ce do symulacji d\u017awi\u0119k\u00f3w t\u0142uczonego szk\u0142a i zapewnienia optymalnego dzia\u0142ania akustycznych czujnik\u00f3w st\u0142uczenia szk\u0142a.<\/p>","protected":false},"featured_media":138811,"template":"","meta":{"_acf_changed":false},"product_brand":[],"product_cat":[3085],"product_tag":[2280],"class_list":{"0":"post-89321","1":"product","2":"type-product","3":"status-publish","4":"has-post-thumbnail","6":"product_cat-vibationsdetektorer-glaskrossdetektorer","7":"product_tag-glaskross-testare","8":"product_shipping_class-postnord-varubrev","9":"pa_brands-satel","10":"tm-no-options","12":"first","13":"onbackorder","14":"sale","15":"featured","16":"taxable","17":"shipping-taxable","18":"purchasable","19":"product-type-simple"},"acf":[],"_links":{"self":[{"href":"https:\/\/secureus.se\/pl\/wp-json\/wp\/v2\/product\/89321","targetHints":{"allow":["GET"]}}],"collection":[{"href":"https:\/\/secureus.se\/pl\/wp-json\/wp\/v2\/product"}],"about":[{"href":"https:\/\/secureus.se\/pl\/wp-json\/wp\/v2\/types\/product"}],"wp:featuredmedia":[{"embeddable":true,"href":"https:\/\/secureus.se\/pl\/wp-json\/wp\/v2\/media\/138811"}],"wp:attachment":[{"href":"https:\/\/secureus.se\/pl\/wp-json\/wp\/v2\/media?parent=89321"}],"wp:term":[{"taxonomy":"product_brand","embeddable":true,"href":"https:\/\/secureus.se\/pl\/wp-json\/wp\/v2\/product_brand?post=89321"},{"taxonomy":"product_cat","embeddable":true,"href":"https:\/\/secureus.se\/pl\/wp-json\/wp\/v2\/product_cat?post=89321"},{"taxonomy":"product_tag","embeddable":true,"href":"https:\/\/secureus.se\/pl\/wp-json\/wp\/v2\/product_tag?post=89321"}],"curies":[{"name":"wp","href":"https:\/\/api.w.org\/{rel}","templated":true}]}}