{"id":89401,"date":"2023-11-28T10:38:57","date_gmt":"2023-11-28T09:38:57","guid":{"rendered":"https:\/\/secureus.se\/produkt\/rokdetektor-optisk-4-trad\/"},"modified":"2026-03-31T12:30:41","modified_gmt":"2026-03-31T10:30:41","slug":"rokdetektor-optisk-4-trad","status":"publish","type":"product","link":"https:\/\/secureus.se\/pl\/rokdetektor-optisk-4-trad\/","title":{"rendered":"Czujnik dymu Optyczny 4-\u017cy\u0142owy 9-35V Uniwersalny do wszystkich alarm\u00f3w \u2013 EN54-7 \u2013 Kompletny, Gniazdo w zestawie"},"content":{"rendered":"<h1>Czujnik dymu Optyczny 4-\u017cy\u0142owy 9-35V Certyfikat TUV EN54-7 \u2013 <strong>Kompletny, zawiera podstaw\u0119.<\/strong><\/h1>\n<p>4-przewodowa czujka dymu o napi\u0119ciu roboczym 9V-35V DC to niezawodne i zaawansowane rozwi\u0105zanie zabezpieczaj\u0105ce, kt\u00f3re zabezpieczy Tw\u00f3j dom lub firm\u0119 przed po\u017carem.<\/p>\n<p>Czujka dymu Optyczna 4-przewodowa przeznaczona jest do wczesnego wykrywania dymu i szybkiego ostrzegania o niebezpiecznych sytuacjach.<\/p>\n<p>Dzi\u0119ki niskiemu pr\u0105dowi czuwania wynosz\u0105cemu mniej ni\u017c 80uA jest energooszcz\u0119dny i stale monitoruje Twoj\u0105 przestrze\u0144.<\/p>\n<p>Wykonany z wysokiej jako\u015bci materia\u0142u ABS, zapewnia trwa\u0142o\u015b\u0107 i d\u0142ug\u0105 \u017cywotno\u015b\u0107.<\/p>\n<p>Czujka dymu zapewnia wyra\u017an\u0105 sygnalizacj\u0119 alarmu za pomoc\u0105 czerwonej diody LED i resetuje si\u0119 r\u0119cznie poprzez wy\u0142\u0105czenie lub automatycznie, zapewniaj\u0105c \u0142atw\u0105 obs\u0142ug\u0119 i niezawodne dzia\u0142anie.<\/p>\n<p>Imponuj\u0105ca czu\u0142o\u015b\u0107 0,08\u20130,16 dB\/m (\u00b10,1 dB\/m) zapewnia wczesne wykrycie dymu, dzi\u0119ki czemu masz du\u017co czasu na podj\u0119cie dzia\u0142a\u0144 i ochron\u0119 domu lub firmy.<\/p>\n<p>Ten czujnik dymu posiada certyfikat EN54-7 wydany przez laboratorium TUV, co daje pewno\u015b\u0107 jego zgodno\u015bci z wysokimi normami bezpiecze\u0144stwa.<\/p>\n<p>Zainwestuj w bezpiecze\u0144stwo i niezawodno\u015b\u0107 dzi\u0119ki tej 4-przewodowej fotoelektrycznej czujce dymu i zapewnij sobie szybk\u0105 reakcj\u0119 na potencjalne zagro\u017cenie po\u017carowe.<\/p>\n<h3>Detektor dymu Optyczny 4-przewodowy<\/h3>\n<p>\u2022 Napi\u0119cie robocze: DC: 9-35V<br \/>\n\u2022 Pr\u0105d czuwania: &lt;80uA<br \/>\n\u2022 Materia\u0142: ABS<br \/>\n\u2022 Sygnalizacja alarmu: czerwona dioda LED<br \/>\n\u2022 Reset: wy\u0142\u0105czenie lub automatyczny reset<br \/>\n\u2022 Czu\u0142o\u015b\u0107: 0,08-0,16 dB\/m (\u00b10,1 dB\/m)<br \/>\n\u2022 Certyfikat: EN54-7 z laboratorium TUV<\/p>\n<p><a href=\"https:\/\/en.wikipedia.org\/wiki\/EN_54\" target=\"_blank\" rel=\"noopener\"><span style=\"text-decoration: underline;\"><strong>Tutaj mo\u017cesz przeczyta\u0107 wi\u0119cej na temat certyfikatu EN54<\/strong><\/span><\/a><\/p>\n<h3><img decoding=\"async\" class=\"alignnone size-full wp-image-123511602\" style=\"font-size: 16px;\" src=\"https:\/\/securityonline.se\/wp-content\/uploads\/2023\/11\/SD_605_Rokdetektor-2.png\" alt=\"Czujka dymu 4-przewodowa\" width=\"720\" height=\"397\" \/><\/h3>\n<p><img decoding=\"async\" class=\"alignnone size-full wp-image-123511604\" src=\"https:\/\/securityonline.se\/wp-content\/uploads\/2023\/11\/SD_605_Rokdetektor-4.png\" alt=\"\" width=\"720\" height=\"481\" \/><\/p>\n<h3><img decoding=\"async\" class=\"alignnone wp-image-123511605\" style=\"font-size: 16px;\" src=\"https:\/\/securityonline.se\/wp-content\/uploads\/2023\/11\/SD_605_Rokdetektor-5.png\" alt=\"\" width=\"719\" height=\"802\" \/><\/h3>\n<p><img decoding=\"async\" class=\"alignnone size-full wp-image-123511606\" src=\"https:\/\/securityonline.se\/wp-content\/uploads\/2023\/11\/SD_605_Rokdetektor-6.png\" alt=\"\" width=\"720\" height=\"710\" \/><\/p>\n<p>&nbsp;<\/p>\n<p>,<\/p>","protected":false},"excerpt":{"rendered":"<p>Czujka dymu do alarm\u00f3w antyw\u0142amaniowych lub system\u00f3w sygnalizacji po\u017caru, kt\u00f3re wymagaj\u0105 4 przewod\u00f3w. <strong>Kompletny, zawiera podstaw\u0119.<\/strong><\/p>\n<p>Czujka dymu sygnalizuje wyzwolenie alarmu za pomoc\u0105 czerwonej diody i resetuje si\u0119 go poprzez odci\u0119cie napi\u0119cia na kilka sekund.<\/p>\n<p>Aby utrzyma\u0107 dzia\u0142anie czujnik\u00f3w dymu, zawsze testuj je za pomoc\u0105 gazu testowego. Nie u\u017cywaj papieru ani innych materia\u0142\u00f3w do wytwarzania dymu, poniewa\u017c mog\u0105 one zawiera\u0107 cz\u0105stki sadzy itp., kt\u00f3re zanieczyszczaj\u0105 komor\u0119 dymn\u0105.<\/p>\n<p>Zasilany napi\u0119ciem 9-35 V i wyposa\u017cony w przeka\u017anik alarmowy C\/NO.<\/p>\n<p>&nbsp;<\/p>","protected":false},"featured_media":139032,"template":"","meta":{"_acf_changed":false},"product_brand":[],"product_cat":[3373,1756],"product_tag":[2959],"class_list":{"0":"post-89401","1":"product","2":"type-product","3":"status-publish","4":"has-post-thumbnail","6":"product_cat-rokdetektorer","7":"product_cat-rokdetektorer-kolmonoxid","8":"product_tag-certifierad-en54","9":"product_shipping_class-postnord-varubrev","10":"tm-no-options","12":"first","13":"instock","14":"sale","15":"taxable","16":"shipping-taxable","17":"purchasable","18":"product-type-simple"},"acf":[],"_links":{"self":[{"href":"https:\/\/secureus.se\/pl\/wp-json\/wp\/v2\/product\/89401","targetHints":{"allow":["GET"]}}],"collection":[{"href":"https:\/\/secureus.se\/pl\/wp-json\/wp\/v2\/product"}],"about":[{"href":"https:\/\/secureus.se\/pl\/wp-json\/wp\/v2\/types\/product"}],"wp:featuredmedia":[{"embeddable":true,"href":"https:\/\/secureus.se\/pl\/wp-json\/wp\/v2\/media\/139032"}],"wp:attachment":[{"href":"https:\/\/secureus.se\/pl\/wp-json\/wp\/v2\/media?parent=89401"}],"wp:term":[{"taxonomy":"product_brand","embeddable":true,"href":"https:\/\/secureus.se\/pl\/wp-json\/wp\/v2\/product_brand?post=89401"},{"taxonomy":"product_cat","embeddable":true,"href":"https:\/\/secureus.se\/pl\/wp-json\/wp\/v2\/product_cat?post=89401"},{"taxonomy":"product_tag","embeddable":true,"href":"https:\/\/secureus.se\/pl\/wp-json\/wp\/v2\/product_tag?post=89401"}],"curies":[{"name":"wp","href":"https:\/\/api.w.org\/{rel}","templated":true}]}}