{"id":89451,"date":"2023-11-28T10:39:01","date_gmt":"2023-11-28T09:39:01","guid":{"rendered":"https:\/\/secureus.se\/?post_type=product&#038;p=89451"},"modified":"2025-12-31T21:02:14","modified_gmt":"2025-12-31T20:02:14","slug":"varmedetektor-4-trad","status":"publish","type":"product","link":"https:\/\/secureus.se\/pl\/varmedetektor-4-trad\/","title":{"rendered":"Czujnik ciep\u0142a 4-\u017cy\u0142owy 9-35V 57 stopni, HD504 \u2013 Certyfikat TUV EN54-7 \u2013 Kompletny, w zestawie gniazdo"},"content":{"rendered":"<div class=\"react-scroll-to-bottom--css-zyaht-1n7m0yu\">\n<div class=\"flex flex-col pb-9 text-sm\">\n<div class=\"w-full text-token-text-primary sm:AIPRM__conversation__response\" data-testid=\"conversation-turn-3\">\n<div class=\"px-4 py-2 justify-center text-base md:gap-6 m-auto\">\n<div class=\"flex flex-1 text-base mx-auto gap-3 md:px-5 lg:px-1 xl:px-5 md:max-w-3xl lg:max-w-[40rem] xl:max-w-[48rem] group final-completion\">\n<div class=\"relative flex w-full flex-col lg:w-[calc(100%-115px)] agent-turn\">\n<div class=\"flex-col gap-1 md:gap-3\">\n<div class=\"flex flex-grow flex-col max-w-full\">\n<div class=\"min-h-[20px] text-message flex flex-col items-start gap-3 whitespace-pre-wrap break-words [.text-message+&amp;]:mt-5 overflow-x-auto\" data-message-author-role=\"assistant\" data-message-id=\"e7343c02-24da-45b1-8141-87ec370e42f4\">\n<div class=\"markdown prose w-full break-words dark:prose-invert light AIPRM__conversation__response\">\n<h1>V\u00e4rmedetektor 4 tr\u00e5d 9-35V HD504 &#8211; Komplett, sockel ing\u00e5r<\/h1>\n<p>V\u00e4rmedetektor 4 tr\u00e5d 9-35V med En Effektiv L\u00f6sning f\u00f6r Brandskydd.<\/p>\n<p>V\u00e4rmedetektorn HD504 erbjuder en kombinationsdetektering av temperaturstigning och fast temperatur, 57 grader,\u00a0 med koaxialkabel, vilket passar perfekt f\u00f6r b\u00e5de hemmabruk och kommersiella till\u00e4mpningar.<\/p>\n<p>V\u00e4rmedetektor 4 tr\u00e5d 9-35V detektoralternativ best\u00e5r av en externt monterad termistor med en s\u00e4rskilt utformad huva som skyddar termistorn samtidigt som den m\u00f6jligg\u00f6r maximal luftfl\u00f6de.<\/p>\n<p>Termistorn m\u00e4ter temperaturen i den inkommande luften och \u00f6verf\u00f6r en signal som representerar temperaturen till kontroll-IC.<\/p>\n<p>Om temperaturen n\u00e5r eller \u00f6verstiger tr\u00f6skelv\u00e4rdet utl\u00f6ses detektorn. Status-LED-lampan lyser i r\u00f6tt och alarmets signal aktiveras.<\/p>\n<p>&nbsp;<\/p>\n<p><strong>Produktegenskaper f\u00f6r V\u00e4rmedetektor 4 tr\u00e5d 9-35V<\/strong><\/p>\n<ul>\n<li>Stark anpassningsf\u00f6rm\u00e5ga f\u00f6r olika milj\u00f6er.<\/li>\n<li>SMT-teknik anv\u00e4nds f\u00f6r h\u00f6g stabilitet.<\/li>\n<li>L\u00e5g standby-str\u00f6m.<\/li>\n<li>Brett sp\u00e4nningsomr\u00e5de p\u00e5 9-35VDC.<\/li>\n<li>Icke-polariserad str\u00f6ming\u00e5ng.<\/li>\n<li>Blinkande LED-str\u00f6mindikator.<\/li>\n<li>Alarmrel\u00e4 C \/ NO Normalt \u00f6ppen vid ej larm<\/li>\n<li>Fj\u00e4rr-LED-indikatorutg\u00e5ng (2-tr\u00e5ds).<\/li>\n<li>Sj\u00e4lvtestfunktion med magnetbrytare (valfri).<\/li>\n<li>Fast temperaturdetektion (standard).<\/li>\n<li>Kombinerad temperaturstigning och fast temperaturdetektion (valfri).<\/li>\n<\/ul>\n<h3><strong>Tekniska specifikationer V\u00e4rmedetektor 4 tr\u00e5d 9-35V<\/strong><\/h3>\n<p><strong>Produktkategori<\/strong>:\u00a04-tr\u00e5ds<\/p>\n<p><strong>Driftsp\u00e4nning:<\/strong> DC 9V35V<\/p>\n<p><strong>Standby-str\u00f6m:<\/strong> \u2264 50uA, \u2264 50 uA (rel\u00e4 NO)<\/p>\n<p><strong>Alarmstr\u00f6m:<\/strong> 2025 mA @12V, 4050 mA @24V, \u2264 40 mA (rel\u00e4 NO)<\/p>\n<p><strong>Alarmstr\u00f6m<\/strong>: 2025 mA @12V, 4050 mA @24V, \u2264 40 mA (rel\u00e4 NO)<\/p>\n<p><strong>Temperaturomr\u00e5de:<\/strong> 0\u2103+50\u2103<\/p>\n<p><strong>Fuktighet:<\/strong> \u2264 95%RH (ingen kondensation)<\/p>\n<p><strong>Temperaturniv\u00e5:<\/strong> Fast TEMP: 57\u2103(135\u2109)<\/p>\n<p><strong>Detekteringsomr\u00e5de<\/strong>: 50 m\u00b2 vid installationsh\u00f6jd p\u00e5 6~12m<\/p>\n<p><strong>Alarmutg\u00e5ng:<\/strong> Fj\u00e4rr-LED, rel\u00e4utg\u00e5ng Kontaktbetyg: N\/A, 0.5A@DC28V<\/p>\n<p><strong>Standard:<\/strong> EN54-5, UL521, GB4716-2005<\/p>\n<p><strong>Dimensioner:<\/strong> 98.5mm diameter*43.5mm djup<\/p>\n<p><strong>Magnetisk brytare sj\u00e4lvtest:<\/strong><\/p>\n<p>Anslut detektorn till kretsen och placera en magnet n\u00e4ra detektorn. Om detektorn fungerar normalt, lyser den r\u00f6da indikeringslampan.<\/p>\n<p><strong>Test:<\/strong><\/p>\n<p>Simulera en milj\u00f6 f\u00f6r att testa detektorn: placera detektorn i en kammare med termometer och anv\u00e4nd en v\u00e4rmeskapande enhet f\u00f6r att h\u00f6ja lufttemperaturen i kammaren.<\/p>\n<p>N\u00e4r temperaturen n\u00e5r tr\u00f6skelv\u00e4rdet, lyser detektorns LED-lampa kontinuerligt i r\u00f6tt, och alarmsignalen aktiveras.<\/p>\n<p><strong>Observera:<\/strong><\/p>\n<ol>\n<li>Detektorn kan inte installeras p\u00e5 platser som \u00e4r utsatta f\u00f6r direkt solljus eller v\u00e4rme.<\/li>\n<li>Det rekommenderas att installera detektorn n\u00e4ra en r\u00f6kdetektor.<\/li>\n<li>Se till att basen \u00e4r ordentligt f\u00e4st och alla tr\u00e5danslutningar \u00e4r korrekta.<\/li>\n<li>Testa detektorn varje kvartal.<\/li>\n<\/ol>\n<p><strong>Installation:<\/strong><\/p>\n<ol>\n<li>Anslut ledningarna till monteringsbasen.<\/li>\n<li>V\u00e4lj en l\u00e4mplig plats (normalt monterad i mitten av taket). F\u00e4st monteringsbasen och s\u00e4tt sedan in detektorn i basen och vrid f\u00f6r att f\u00e4sta den.<\/li>\n<\/ol>\n<p><strong>Anslutningsbeskrivning:<\/strong><\/p>\n<p><strong>Tr\u00e5ddiagram:<\/strong> <strong>4-tr\u00e5ds basanslutningar:<\/strong><\/p>\n<p>Skruv + p\u00e5 skruv 2 och &#8211; minus p\u00e5 skruv 5.<\/p>\n<p>Rel\u00e4et ligger p\u00e5 skruv 3\u00a0 f\u00f6r gemensamma och 6 f\u00f6r NO<\/p>\n<p>&nbsp;<\/p>\n<p><strong>Tr\u00e5ddiagram:<\/strong> <strong>2-tr\u00e5ds basanslutningar:<\/strong><\/p>\n<ol>\n<li>Str\u00f6mindat uttag 5. Str\u00f6mindata ing\u00e5ng<\/li>\n<li>Str\u00f6mindata ing\u00e5ng 6. Fj\u00e4rr-LED-utg\u00e5ng<\/li>\n<\/ol>\n<p><b>\u00a0<\/b><\/p>\n<\/div>\n<\/div>\n<\/div>\n<div class=\"mt-1 flex justify-start gap-3 empty:hidden\">\n<div class=\"text-gray-400 flex self-end lg:self-center justify-center lg:justify-start mt-0 -ml-1 visible\">\n<div class=\"flex\"><\/div>\n<div class=\"flex items-center gap-1.5 text-xs\"><\/div>\n<\/div>\n<\/div>\n<\/div>\n<div class=\"absolute\">\n<div class=\"flex w-full gap-2 items-center justify-center\"><\/div>\n<\/div>\n<\/div>\n<\/div>\n<\/div>\n<\/div>\n<\/div>\n<\/div>\n<div id=\"AIPRM__sidebar-icon\" class=\"AIPRM__p-2 AIPRM__top-12 md:AIPRM__top-2 AIPRM__p-2 AIPRM__items-center AIPRM__transition-colors AIPRM__duration-200 AIPRM__cursor-pointer AIPRM__text-sm AIPRM__rounded-md AIPRM__border AIPRM__bg-white dark:AIPRM__bg-gray-800 AIPRM__border-black\/10 dark:AIPRM__border-white\/20 hover:AIPRM__bg-gray-50 dark:hover:AIPRM__bg-gray-700 AIPRM__cursor-pointer AIPRM__fixed AIPRM__right-4 AIPRM__z-30\" title=\"Open AIPRM sidebar\"><\/div>\n","protected":false},"excerpt":{"rendered":"<p><strong>Kompletny czujnik ciep\u0142a, \u0142\u0105cznie z podstaw\u0105.<\/strong><\/p>","protected":false},"featured_media":139719,"template":"","meta":{"_acf_changed":false},"product_brand":[],"product_cat":[4157],"product_tag":[2959],"class_list":{"0":"post-89451","1":"product","2":"type-product","3":"status-publish","4":"has-post-thumbnail","6":"product_cat-varmedetektor","7":"product_tag-certifierad-en54","8":"product_shipping_class-postnord-varubrev","9":"tm-no-options","11":"first","12":"outofstock","13":"taxable","14":"shipping-taxable","15":"purchasable","16":"product-type-simple"},"acf":[],"_links":{"self":[{"href":"https:\/\/secureus.se\/pl\/wp-json\/wp\/v2\/product\/89451","targetHints":{"allow":["GET"]}}],"collection":[{"href":"https:\/\/secureus.se\/pl\/wp-json\/wp\/v2\/product"}],"about":[{"href":"https:\/\/secureus.se\/pl\/wp-json\/wp\/v2\/types\/product"}],"wp:featuredmedia":[{"embeddable":true,"href":"https:\/\/secureus.se\/pl\/wp-json\/wp\/v2\/media\/139719"}],"wp:attachment":[{"href":"https:\/\/secureus.se\/pl\/wp-json\/wp\/v2\/media?parent=89451"}],"wp:term":[{"taxonomy":"product_brand","embeddable":true,"href":"https:\/\/secureus.se\/pl\/wp-json\/wp\/v2\/product_brand?post=89451"},{"taxonomy":"product_cat","embeddable":true,"href":"https:\/\/secureus.se\/pl\/wp-json\/wp\/v2\/product_cat?post=89451"},{"taxonomy":"product_tag","embeddable":true,"href":"https:\/\/secureus.se\/pl\/wp-json\/wp\/v2\/product_tag?post=89451"}],"curies":[{"name":"wp","href":"https:\/\/api.w.org\/{rel}","templated":true}]}}