{"id":89646,"date":"2024-01-31T16:34:29","date_gmt":"2024-01-31T15:34:29","guid":{"rendered":"https:\/\/secureus.se\/produkt\/transformator-200ma\/"},"modified":"2026-04-23T10:35:18","modified_gmt":"2026-04-23T08:35:18","slug":"transformator-200ma","status":"publish","type":"product","link":"https:\/\/secureus.se\/pl\/transformator-200ma\/","title":{"rendered":"TRANSFORMATOR 200MA"},"content":{"rendered":"<p>Transformator do monta\u017cu w puszce aparaturowej z rozstawem \u015brub mocuj\u0105cych 60mm lub do monta\u017cu zewn\u0119trznego w ramie pionowej.<\/p>\n<p>Specyfikacja techniczna Napi\u0119cie Pierwotne 230 V, 5 VA, 50 Hz.<\/p>\n<p>Napi\u0119cie wt\u00f3rne 24V. Maksymalny pr\u0105d 200mA.<\/p>\n<p>Ochrona temperaturowa Automatyczna.<\/p>\n<p>Bezpiecznik g\u0142\u00f3wny 50 mA.<\/p>\n<p>Odleg\u0142o\u015b\u0107 izolacji pierwotna\/wt\u00f3rna 25mm.<\/p>\n<p>G\u0142\u0119boko\u015b\u0107 monta\u017cu 32mm.<\/p>\n<p>Kolor g\u00f3rski bia\u0142y<\/p>","protected":false},"excerpt":{"rendered":"<p>Transformator do monta\u017cu w puszce aparaturowej z rozstawem \u015brub mocuj\u0105cych 60mm lub do monta\u017cu zewn\u0119trznego w ramie pionowej. Specyfikacja techniczna Napi\u0119cie Pierwotne 230 V, 5 VA, 50 Hz. Napi\u0119cie wt\u00f3rne 24V. Maksymalny pr\u0105d 200mA. Ochrona temperaturowa Automatyczna. Bezpiecznik g\u0142\u00f3wny 50 mA.<\/p>","protected":false},"featured_media":139164,"template":"","meta":{"_acf_changed":false},"product_brand":[],"product_cat":[1604],"product_tag":[],"class_list":{"0":"post-89646","1":"product","2":"type-product","3":"status-publish","4":"has-post-thumbnail","6":"product_cat-stromforsorjning-till-rwc-larm","7":"product_shipping_class-tunga-paket","8":"tm-no-options","10":"first","11":"instock","12":"sale","13":"taxable","14":"shipping-taxable","15":"purchasable","16":"product-type-simple"},"acf":[],"_links":{"self":[{"href":"https:\/\/secureus.se\/pl\/wp-json\/wp\/v2\/product\/89646","targetHints":{"allow":["GET"]}}],"collection":[{"href":"https:\/\/secureus.se\/pl\/wp-json\/wp\/v2\/product"}],"about":[{"href":"https:\/\/secureus.se\/pl\/wp-json\/wp\/v2\/types\/product"}],"wp:featuredmedia":[{"embeddable":true,"href":"https:\/\/secureus.se\/pl\/wp-json\/wp\/v2\/media\/139164"}],"wp:attachment":[{"href":"https:\/\/secureus.se\/pl\/wp-json\/wp\/v2\/media?parent=89646"}],"wp:term":[{"taxonomy":"product_brand","embeddable":true,"href":"https:\/\/secureus.se\/pl\/wp-json\/wp\/v2\/product_brand?post=89646"},{"taxonomy":"product_cat","embeddable":true,"href":"https:\/\/secureus.se\/pl\/wp-json\/wp\/v2\/product_cat?post=89646"},{"taxonomy":"product_tag","embeddable":true,"href":"https:\/\/secureus.se\/pl\/wp-json\/wp\/v2\/product_tag?post=89646"}],"curies":[{"name":"wp","href":"https:\/\/api.w.org\/{rel}","templated":true}]}}