{"id":89685,"date":"2024-02-05T16:21:34","date_gmt":"2024-02-05T15:21:34","guid":{"rendered":"https:\/\/secureus.se\/produkt\/ajax-nvr-8-kanaler-vit-videolagring\/"},"modified":"2026-03-20T12:22:47","modified_gmt":"2026-03-20T11:22:47","slug":"aajax-nvr-8-kanaler-vit-videolagring","status":"publish","type":"product","link":"https:\/\/secureus.se\/pl\/aajax-nvr-8-kanaler-vit-videolagring\/","title":{"rendered":"Ajax NVR 8 kana\u0142\u00f3w Bia\u0142y - Przechowywanie wideo"},"content":{"rendered":"<h3>Ajax NVR 8 kana\u0142\u00f3w Bia\u0142y to pot\u0119\u017cne rozwi\u0105zanie do przechowywania wideo, kt\u00f3re umo\u017cliwia \u0142atw\u0105 integracj\u0119 kamer monitoruj\u0105cych z systemem alarmowym Ajax.<\/h3>\n<p>Urz\u0105dzenie to oferuje intuicyjny interfejs do monitoringu wideo i przechowywania wysokiej jako\u015bci materia\u0142\u00f3w wideo.<\/p>\n<p>NVR nagrywa lokalnie na urz\u0105dzeniu i umo\u017cliwia przegl\u0105danie strumieni wideo za po\u015brednictwem aplikacji Ajax, co daje Ci pe\u0142n\u0105 kontrol\u0119 nad bezpiecze\u0144stwem.<\/p>\n<p>NVR jest kompatybilny z kamerami obs\u0142uguj\u0105cymi protoko\u0142y Onvif lub RTSP i mo\u017ce obs\u0142ugiwa\u0107 do 8 kamer jednocze\u015bnie, dzi\u0119ki czemu idealnie nadaje si\u0119 zar\u00f3wno do ma\u0142ych, jak i \u015brednich system\u00f3w monitoringu.<\/p>\n<p><strong>\u0141atwa instalacja i elastyczno\u015b\u0107<\/strong><br \/>\n8 kana\u0142\u00f3w Ajax NVR zosta\u0142o zaprojektowane tak, aby by\u0142o \u0142atwe w instalacji i konfiguracji.<\/p>\n<p>Po zainstalowaniu systemu mo\u017cesz monitorowa\u0107 kamery za pomoc\u0105 aplikacji mobilnej lub aplikacji internetowej, dzi\u0119ki czemu zawsze masz dost\u0119p do obrazu z kamer, niezale\u017cnie od tego, gdzie si\u0119 znajdujesz.<\/p>\n<p>Ta elastyczno\u015b\u0107 sprawia, \u017ce kana\u0142y Ajax NVR 8 s\u0105 idealnym rozwi\u0105zaniem zar\u00f3wno dla dom\u00f3w, jak i firm, kt\u00f3re potrzebuj\u0105 przechowywania wideo w wysokiej rozdzielczo\u015bci.<\/p>\n<p><strong>Scenariusze nagrywania<\/strong><br \/>\nDzi\u0119ki kana\u0142om Ajax NVR 8 mo\u017cna skonfigurowa\u0107 scenariusze nagrywania tak, aby nagrywa\u0142y tylko w przypadku wyzwolenia alarm\u00f3w. Na przyk\u0142ad kamery mog\u0105 rozpocz\u0105\u0107 nagrywanie w przypadku uruchomienia alarmu w\u0142amaniowego lub po\u017carowego.<\/p>\n<p>Dzi\u0119ki temu \u0142atwiej jest znale\u017a\u0107 odpowiednie sekwencje wideo bez konieczno\u015bci przegl\u0105dania du\u017cej ilo\u015bci materia\u0142u. System mo\u017cna r\u00f3wnie\u017c skonfigurowa\u0107 tak, aby nagrywa\u0142 w spos\u00f3b ci\u0105g\u0142y lub o okre\u015blonych porach, zapewniaj\u0105c elastyczne rozwi\u0105zanie dla wszystkich rodzaj\u00f3w potrzeb w zakresie monitorowania.<\/p>\n<p><strong>Kompatybilno\u015b\u0107 i przechowywanie<\/strong><br \/>\nKana\u0142y Ajax NVR 8 mo\u017cna pod\u0142\u0105czy\u0107 do dowolnej kamery obs\u0142uguj\u0105cej Onvif lub RTSP i zainstalowanej w tej samej sieci. Do przechowywania materia\u0142u wideo NVR obs\u0142uguje dyski twarde o pojemno\u015bci do 16 TB.<\/p>\n<p>Pozwala to na bezpieczne i uporz\u0105dkowane przechowywanie du\u017cej ilo\u015bci materia\u0142\u00f3w wideo. Mo\u017cesz tak\u017ce wykona\u0107 kopi\u0119 zapasow\u0105 danych wideo lub skorzysta\u0107 z redundancji, aby zabezpieczy\u0107 si\u0119 przed utrat\u0105 danych.<\/p>\n<p><strong>Wysokie bezpiecze\u0144stwo i szyfrowanie<\/strong><br \/>\nKana\u0142y Ajax NVR 8 wykorzystuj\u0105 technologi\u0119 JetSparrow do bezpiecznego i szybkiego przesy\u0142ania danych, zapewniaj\u0105c ochron\u0119 strumieni wideo przed nieautoryzowanym dost\u0119pem.<\/p>\n<p>System jest r\u00f3wnie\u017c zgodny z NDAA i przeszed\u0142 rygorystyczne testy bezpiecze\u0144stwa cybernetycznego, zapewniaj\u0105c wysoki poziom bezpiecze\u0144stwa.<\/p>\n<p><strong>Dost\u0119p zdalny i kontrola stanu<\/strong><br \/>\nKana\u0142y Ajax NVR 8 umo\u017cliwiaj\u0105 monitorowanie stanu systemu za po\u015brednictwem aplikacji, gdzie mo\u017cna uzyska\u0107 informacje o miejscu na dysku twardym, temperaturze, obci\u0105\u017ceniu procesora i wykorzystaniu pami\u0119ci RAM.<\/p>\n<p>Przyjazna dla u\u017cytkownika aplikacja u\u0142atwia \u015bledzenie systemu i upewnienie si\u0119, \u017ce dzia\u0142a tak, jak powinien.<\/p>\n<p><strong>Dane techniczne<\/strong>:<\/p>\n<ul>\n<li><strong>Liczba kana\u0142\u00f3w<\/strong>: 8<\/li>\n<li><strong>Sk\u0142adowanie<\/strong>: Do 16 TB (dysk twardy nie jest do\u0142\u0105czony)<\/li>\n<li><strong>Zgodno\u015b\u0107<\/strong>: Kamery kompatybilne z Onvif lub RTSP<\/li>\n<li><strong>Nagranie<\/strong>: Lokalnie przechowywane wideo, zdalny dost\u0119p za po\u015brednictwem aplikacji<\/li>\n<li><strong>Bezpiecze\u0144stwo<\/strong>: Szyfrowanie za pomoc\u0105 technologii JetSparrow, zgodne z NDAA<\/li>\n<li><strong>Zdalny dost\u0119p<\/strong>: Aplikacja internetowa i aplikacja mobilna<\/li>\n<li><strong>Zasilanie<\/strong>: 12V DC, PoE (opcjonalnie)<\/li>\n<li><strong>Po\u0142\u0105czenie<\/strong>: Ethernet, RS232 do komunikacji<\/li>\n<\/ul>\n<p><strong>Pakiet zawiera<\/strong>:<\/p>\n<ul>\n<li>1 x Ajax NVR 8 kana\u0142\u00f3w<\/li>\n<li>1 x panel monta\u017cowy SmartBracket<\/li>\n<li>1 x kabel zasilaj\u0105cy<\/li>\n<li>1 x kabel Ethernet<\/li>\n<li>1 x zestaw instalacyjny<\/li>\n<li>1 x skr\u00f3cona instrukcja obs\u0142ugi<\/li>\n<\/ul>\n<p><strong>Wniosek<\/strong>:<br \/>\n8 kana\u0142\u00f3w Ajax NVR oferuje niezawodne i elastyczne rozwi\u0105zanie do przechowywania i nadzoru wideo.<\/p>\n<p>Dzi\u0119ki \u0142atwej instalacji, wysokiemu bezpiecze\u0144stwu i mo\u017cliwo\u015bci zarz\u0105dzania a\u017c 8 kamerami jest idealny dla ka\u017cdego, kto chce mie\u0107 pe\u0142n\u0105 kontrol\u0119 nad swoim monitoringiem.<\/p>\n<p>Niezale\u017cnie od tego, czy chcesz przechowywa\u0107 materia\u0142 lokalnie, czy zdalnie monitorowa\u0107 system za pomoc\u0105 aplikacji, 8 kana\u0142\u00f3w Ajax NVR oferuje najlepsze mo\u017cliwe rozwi\u0105zanie zar\u00f3wno dla ma\u0142ych, jak i \u015brednich system\u00f3w nadzoru.<\/p>","protected":false},"excerpt":{"rendered":"<p>8 kana\u0142\u00f3w Ajax NVR oferuje proste i elastyczne rozwi\u0105zanie do przechowywania wideo.<\/p>\n<p>Nagrywaj i przechowuj materia\u0142y wideo z maksymalnie 8 kamer o pojemno\u015bci do 16 TB.<\/p>\n<p>Zdalny dost\u0119p poprzez aplikacj\u0119 u\u0142atwia zarz\u0105dzanie i przegl\u0105danie nagranego materia\u0142u.<\/p>","protected":false},"featured_media":155630,"template":"","meta":{"_acf_changed":false},"product_brand":[],"product_cat":[1319,4011,3358],"product_tag":[4863],"class_list":{"0":"post-89685","1":"product","2":"type-product","3":"status-publish","4":"has-post-thumbnail","6":"product_cat-ajax-larm","7":"product_cat-ajax-kameror","8":"product_cat-nvr-network-video-recorder","9":"product_tag-pf","10":"product_shipping_class-tunga-paket","11":"pa_brands-ajax-systems","12":"pa_farg-vit","13":"tm-no-options","15":"first","16":"onbackorder","17":"sale","18":"taxable","19":"shipping-taxable","20":"purchasable","21":"product-type-simple"},"acf":[],"_links":{"self":[{"href":"https:\/\/secureus.se\/pl\/wp-json\/wp\/v2\/product\/89685","targetHints":{"allow":["GET"]}}],"collection":[{"href":"https:\/\/secureus.se\/pl\/wp-json\/wp\/v2\/product"}],"about":[{"href":"https:\/\/secureus.se\/pl\/wp-json\/wp\/v2\/types\/product"}],"wp:featuredmedia":[{"embeddable":true,"href":"https:\/\/secureus.se\/pl\/wp-json\/wp\/v2\/media\/155630"}],"wp:attachment":[{"href":"https:\/\/secureus.se\/pl\/wp-json\/wp\/v2\/media?parent=89685"}],"wp:term":[{"taxonomy":"product_brand","embeddable":true,"href":"https:\/\/secureus.se\/pl\/wp-json\/wp\/v2\/product_brand?post=89685"},{"taxonomy":"product_cat","embeddable":true,"href":"https:\/\/secureus.se\/pl\/wp-json\/wp\/v2\/product_cat?post=89685"},{"taxonomy":"product_tag","embeddable":true,"href":"https:\/\/secureus.se\/pl\/wp-json\/wp\/v2\/product_tag?post=89685"}],"curies":[{"name":"wp","href":"https:\/\/api.w.org\/{rel}","templated":true}]}}