{"id":89816,"date":"2024-02-20T14:23:38","date_gmt":"2024-02-20T13:23:38","guid":{"rendered":"https:\/\/secureus.se\/produkt\/magicard-3633-0054-printer-cleaning-roller-kit-pack-of-5\/"},"modified":"2026-04-23T12:32:18","modified_gmt":"2026-04-23T10:32:18","slug":"magicard-3633-0054-printer-cleaning-roller-kit-pack-of-5","status":"publish","type":"product","link":"https:\/\/secureus.se\/pl\/magicard-3633-0054-printer-cleaning-roller-kit-pack-of-5\/","title":{"rendered":"Magicard 3633-0054 Rolki czyszcz\u0105ce do drukarki kart \u2013 zestaw 5 szt."},"content":{"rendered":"<p>Udowodniono, \u017ce zestaw rolek czyszcz\u0105cych Magicard 3633-0054 usuwa kurz, zanieczyszczenia i pozosta\u0142o\u015bci atramentu, kt\u00f3re mog\u0105 spowodowa\u0107 uszkodzenie kluczowych cz\u0119\u015bci drukarki. Regularne czyszczenie to najprostszy spos\u00f3b na utrzymanie wydajno\u015bci drukarki i uzyskanie wysokiej jako\u015bci wydruk\u00f3w.<\/p>\n<ul>\n<li>Zawiera pi\u0119\u0107 kart rolek czyszcz\u0105cych i jedn\u0105 listw\u0119 rolkow\u0105 wielokrotnego u\u017cytku<\/li>\n<li>Producent zaleca u\u017cycie zestawu czyszcz\u0105cego przy ka\u017cdej wymianie ta\u015bmy<\/li>\n<li>Okres trwa\u0142o\u015bci do jednego roku, je\u015bli jest przechowywany w odpowiednich warunkach. Numer katalogowy producenta: 3633-0054<\/li>\n<\/ul>","protected":false},"excerpt":{"rendered":"<p>Udowodniono, \u017ce zestaw rolek czyszcz\u0105cych Magicard 3633-0054 usuwa kurz, zanieczyszczenia i pozosta\u0142o\u015bci atramentu, kt\u00f3re mog\u0105 spowodowa\u0107 uszkodzenie kluczowych cz\u0119\u015bci drukarki. Regularne czyszczenie to naj\u0142atwiejszy spos\u00f3b konserwacji<\/p>","protected":false},"featured_media":139075,"template":"","meta":{"_acf_changed":false},"product_brand":[],"product_cat":[4807],"product_tag":[3174,3182,4863],"class_list":{"0":"post-89816","1":"product","2":"type-product","3":"status-publish","4":"has-post-thumbnail","6":"product_cat-rengoringskit","7":"product_tag-magicard","8":"product_tag-magicard-tillbehor","9":"product_tag-pf","10":"product_shipping_class-postnord-varubrev","11":"pa_brands-magicard","12":"tm-no-options","14":"first","15":"instock","16":"taxable","17":"shipping-taxable","18":"purchasable","19":"product-type-simple"},"acf":[],"_links":{"self":[{"href":"https:\/\/secureus.se\/pl\/wp-json\/wp\/v2\/product\/89816","targetHints":{"allow":["GET"]}}],"collection":[{"href":"https:\/\/secureus.se\/pl\/wp-json\/wp\/v2\/product"}],"about":[{"href":"https:\/\/secureus.se\/pl\/wp-json\/wp\/v2\/types\/product"}],"wp:featuredmedia":[{"embeddable":true,"href":"https:\/\/secureus.se\/pl\/wp-json\/wp\/v2\/media\/139075"}],"wp:attachment":[{"href":"https:\/\/secureus.se\/pl\/wp-json\/wp\/v2\/media?parent=89816"}],"wp:term":[{"taxonomy":"product_brand","embeddable":true,"href":"https:\/\/secureus.se\/pl\/wp-json\/wp\/v2\/product_brand?post=89816"},{"taxonomy":"product_cat","embeddable":true,"href":"https:\/\/secureus.se\/pl\/wp-json\/wp\/v2\/product_cat?post=89816"},{"taxonomy":"product_tag","embeddable":true,"href":"https:\/\/secureus.se\/pl\/wp-json\/wp\/v2\/product_tag?post=89816"}],"curies":[{"name":"wp","href":"https:\/\/api.w.org\/{rel}","templated":true}]}}