{"id":89899,"date":"2024-02-27T13:54:35","date_gmt":"2024-02-27T12:54:35","guid":{"rendered":"https:\/\/secureus.se\/produkt\/batteribackup-24v-2a\/"},"modified":"2026-04-15T16:44:20","modified_gmt":"2026-04-15T14:44:20","slug":"batteribackup-24v-2a","status":"publish","type":"product","link":"https:\/\/secureus.se\/pl\/batteribackup-24v-2a\/","title":{"rendered":"Zasilanie bateryjne 24V 2A"},"content":{"rendered":"<h1>Bateria zapasowa 24 V 2 A \u2013 stabilne zasilanie dla system\u00f3w krytycznych<\/h1>\n<p>Dzi\u0119ki nim Twoje systemy b\u0119d\u0105 dzia\u0142a\u0107 nawet podczas przerw w dostawie pr\u0105du <strong>Zasilanie bateryjne 24V 2A<\/strong>.<\/p>\n<p>To rozwi\u0105zanie jest idealne do system\u00f3w niskiego napi\u0119cia w domach, biurach i \u015brodowiskach przemys\u0142owych.<\/p>\n<p>Dzi\u0119ki miejscu na dwa akumulatory 7Ah i zaawansowanym funkcjom zabezpieczaj\u0105cym zapewnia wysok\u0105 niezawodno\u015b\u0107 i bezpiecze\u0144stwo.<\/p>\n<h5>G\u0142\u00f3wne funkcje<\/h5>\n<ul>\n<li><strong>Wydajny zasilacz<\/strong>: Pr\u0105d wyj\u015bciowy 2,2 A przy 27,6 V DC z obs\u0142ug\u0105 \u0142adowania akumulator\u00f3w.<\/li>\n<li><strong>Funkcje ochronne<\/strong>: Wyposa\u017cony w zabezpieczenie przed zwarciem (SCP), zabezpieczenie przed przeci\u0105\u017ceniem (OLP), zabezpieczenie przed przepi\u0119ciem (OVP) i zabezpieczenie przed g\u0142\u0119bokim roz\u0142adowaniem (UVP).<\/li>\n<li><strong>Miejsce na dwie baterie<\/strong>: Przeznaczony na dwa akumulatory 7Ah, kt\u00f3re zapewniaj\u0105 d\u0142ugotrwa\u0142e zasilanie.<\/li>\n<li><strong>Stan wizualny<\/strong>: Wska\u017anik LED u\u0142atwiaj\u0105cy monitorowanie stanu systemu.<\/li>\n<li><strong>Trwa\u0142a konstrukcja<\/strong>: Metalowa obudowa w kolorze bia\u0142ym RAL9003 o stopniu ochrony IP20 zapewniaj\u0105ca solidn\u0105 i niezawodn\u0105 prac\u0119.<\/li>\n<\/ul>\n<h5>Korzy\u015bci<\/h5>\n<ul>\n<li><strong>Bezpiecze\u0144stwo i stabilno\u015b\u0107<\/strong>: Zapewnia nieprzerwan\u0105 prac\u0119 krytycznych system\u00f3w.<\/li>\n<li><strong>Wszechstronne zastosowanie<\/strong>: Idealny do system\u00f3w bezpiecze\u0144stwa, telekomunikacji i przemys\u0142u.<\/li>\n<li><strong>D\u0142uga \u017cywotno\u015b\u0107<\/strong>: Niskie wymagania konserwacyjne i trwa\u0142a konstrukcja.<\/li>\n<\/ul>\n<h5>Dane techniczne<\/h5>\n<ul>\n<li><strong>Zasilanie<\/strong>: 200-240 V AC<\/li>\n<li><strong>Napi\u0119cie wyj\u015bciowe<\/strong>: 27,6 V pr\u0105du sta\u0142ego<\/li>\n<li><strong>Efektywno\u015b\u0107<\/strong>: 90%<\/li>\n<li><strong>Pojemno\u015b\u0107 baterii<\/strong>: 2x7Ah<\/li>\n<li><strong>Wymiary<\/strong>: 230 x 300 x 82 mm<\/li>\n<\/ul>\n<p>Wybiera\u0107 <strong>Zasilanie bateryjne 24V 2A<\/strong> dla niezawodnego i elastycznego rozwi\u0105zania, kt\u00f3re chroni najwa\u017cniejsze systemy przed przerwami w dostawie pr\u0105du.<\/p>\n<p>&nbsp;<\/p>\n<p><img decoding=\"async\" class=\"alignnone size-medium wp-image-123514565\" src=\"https:\/\/securityonline.se\/wp-content\/uploads\/2024\/02\/HPSB-24V2A-B-300x206.png\" alt=\"\" width=\"300\" height=\"206\" \/><\/p>","protected":false},"excerpt":{"rendered":"<p>Wydajny i kompaktowy akumulator podtrzymuj\u0105cy 24V 2A z miejscem na dwa akumulatory 7Ah.<\/p>\n<p>Chroni Twoje systemy w przypadku przerw w dostawie pr\u0105du i zapewnia niezawodne dzia\u0142anie.<\/p>","protected":false},"featured_media":138925,"template":"","meta":{"_acf_changed":false},"product_brand":[],"product_cat":[2721],"product_tag":[3197,3195],"class_list":{"0":"post-89899","1":"product","2":"type-product","3":"status-publish","4":"has-post-thumbnail","6":"product_cat-batteribackuper","7":"product_tag-backup-24v","8":"product_tag-batteribackup-hpsb-12-24v-serie","9":"product_shipping_class-tunga-paket","10":"pa_brands-pulsar","11":"tm-no-options","13":"first","14":"onbackorder","15":"featured","16":"taxable","17":"shipping-taxable","18":"purchasable","19":"product-type-simple"},"acf":[],"_links":{"self":[{"href":"https:\/\/secureus.se\/pl\/wp-json\/wp\/v2\/product\/89899","targetHints":{"allow":["GET"]}}],"collection":[{"href":"https:\/\/secureus.se\/pl\/wp-json\/wp\/v2\/product"}],"about":[{"href":"https:\/\/secureus.se\/pl\/wp-json\/wp\/v2\/types\/product"}],"wp:featuredmedia":[{"embeddable":true,"href":"https:\/\/secureus.se\/pl\/wp-json\/wp\/v2\/media\/138925"}],"wp:attachment":[{"href":"https:\/\/secureus.se\/pl\/wp-json\/wp\/v2\/media?parent=89899"}],"wp:term":[{"taxonomy":"product_brand","embeddable":true,"href":"https:\/\/secureus.se\/pl\/wp-json\/wp\/v2\/product_brand?post=89899"},{"taxonomy":"product_cat","embeddable":true,"href":"https:\/\/secureus.se\/pl\/wp-json\/wp\/v2\/product_cat?post=89899"},{"taxonomy":"product_tag","embeddable":true,"href":"https:\/\/secureus.se\/pl\/wp-json\/wp\/v2\/product_tag?post=89899"}],"curies":[{"name":"wp","href":"https:\/\/api.w.org\/{rel}","templated":true}]}}