{"id":89902,"date":"2024-02-27T13:54:14","date_gmt":"2024-02-27T12:54:14","guid":{"rendered":"https:\/\/secureus.se\/produkt\/batteribackup-24v-5a\/"},"modified":"2026-02-02T15:03:28","modified_gmt":"2026-02-02T14:03:28","slug":"batteribackup-24v-5a","status":"publish","type":"product","link":"https:\/\/secureus.se\/pl\/batteribackup-24v-5a\/","title":{"rendered":"Zasilanie bateryjne 24V 5A"},"content":{"rendered":"<h1>Zasilanie akumulatorowe 24 V 5 A \u2013 dla niezawodnej i ci\u0105g\u0142ej pracy<\/h1>\n<p>Utrzymuj krytyczne systemy w dzia\u0142aniu nawet podczas przerw w dostawie pr\u0105du <strong>Zasilanie bateryjne 24V 5A<\/strong>.<\/p>\n<p>To pot\u0119\u017cne urz\u0105dzenie doskonale sprawdza si\u0119 w instalacjach niskiego napi\u0119cia w domach, biurach i przemy\u015ble.<\/p>\n<p>Dzi\u0119ki miejscu na dwa akumulatory 18 Ah, solidnej konstrukcji i zaawansowanym funkcjom zabezpieczaj\u0105cym zapewnia wysokie bezpiecze\u0144stwo i niezawodno\u015b\u0107.<\/p>\n<h5>G\u0142\u00f3wne funkcje<\/h5>\n<ul>\n<li><strong>Wydajny zasilacz<\/strong>: Pr\u0105d wyj\u015bciowy 5 A przy 27,6 V DC z elastyczn\u0105 wydajno\u015bci\u0105 \u0142adowania.<\/li>\n<li><strong>Funkcje ochronne<\/strong>: Zabezpieczenie przed zwarciem (SCP), zabezpieczenie przed przeci\u0105\u017ceniem (OLP), zabezpieczenie przed przepi\u0119ciem (OVP) i zabezpieczenie przed g\u0142\u0119bokim roz\u0142adowaniem (UVP).<\/li>\n<li><strong>Elastyczne wykorzystanie baterii<\/strong>: Zaprojektowany dla dw\u00f3ch akumulator\u00f3w 18 Ah, zapewniaj\u0105cy d\u0142ugotrwa\u0142\u0105 prac\u0119 podczas przerw w dostawie pr\u0105du.<\/li>\n<li><strong>Wskazanie optyczne<\/strong>: Diody LED pokazuj\u0105 stan baterii, zasilanie i wszelkie b\u0142\u0119dy.<\/li>\n<li><strong>Zr\u00f3wnowa\u017cony projekt<\/strong>: Wykonane z wytrzyma\u0142ego metalu w kolorze bia\u0142ym RAL9003, stopie\u0144 ochrony IP20.<\/li>\n<\/ul>\n<h5>Korzy\u015bci<\/h5>\n<ul>\n<li><strong>Bezpiecze\u0144stwo i stabilno\u015b\u0107<\/strong>: Zapewnia nieprzerwan\u0105 prac\u0119 krytycznych system\u00f3w.<\/li>\n<li><strong>Instalacja przyjazna dla u\u017cytkownika<\/strong>: \u0141atwy w monta\u017cu dzi\u0119ki konstrukcji do monta\u017cu powierzchniowego i zamkni\u0119ciu \u015brubowemu.<\/li>\n<li><strong>D\u0142uga \u017cywotno\u015b\u0107<\/strong>: Trwa\u0142a konstrukcja z dwuletni\u0105 gwarancj\u0105.<\/li>\n<\/ul>\n<h5>Dane techniczne<\/h5>\n<ul>\n<li><strong>Napi\u0119cie zasilania<\/strong>: 200-240 V AC<\/li>\n<li><strong>Napi\u0119cie wyj\u015bciowe<\/strong>: 27,6 V pr\u0105du sta\u0142ego<\/li>\n<li><strong>Efektywno\u015b\u0107<\/strong>: 90%<\/li>\n<li><strong>Pojemno\u015b\u0107 baterii<\/strong>: 2 x 18 Ah<\/li>\n<li><strong>Wymiary<\/strong>: 330 x 380 x 173 mm<\/li>\n<\/ul>\n<p>Zainwestuj <strong>Zasilanie bateryjne 24V 5A<\/strong> dla bezpiecznego i stabilnego rozwi\u0105zania, kt\u00f3re chroni najwa\u017cniejsze systemy przed przerwami w dostawie pr\u0105du.<\/p>\n<h4><img decoding=\"async\" class=\"alignnone size-medium wp-image-123514569\" src=\"https:\/\/securityonline.se\/wp-content\/uploads\/2024\/02\/HPSB-24V5A-C-300x206.png\" alt=\"\" width=\"300\" height=\"206\" \/><\/h4>","protected":false},"excerpt":{"rendered":"<p>Efektywna bateria podtrzymuj\u0105ca 24V 5A, przeznaczona do system\u00f3w niskonapi\u0119ciowych.<\/p>\n<p>Zapewnia ci\u0105g\u0142\u0105 prac\u0119 z miejscem na dwa akumulatory 18 Ah i zaawansowanymi funkcjami zabezpieczaj\u0105cymi.<\/p>","protected":false},"featured_media":138925,"template":"","meta":{"_acf_changed":false},"product_brand":[],"product_cat":[2721],"product_tag":[3197,3195],"class_list":{"0":"post-89902","1":"product","2":"type-product","3":"status-publish","4":"has-post-thumbnail","6":"product_cat-batteribackuper","7":"product_tag-backup-24v","8":"product_tag-batteribackup-hpsb-12-24v-serie","9":"product_shipping_class-tunga-paket","10":"pa_brands-pulsar","11":"tm-no-options","13":"first","14":"onbackorder","15":"featured","16":"taxable","17":"shipping-taxable","18":"purchasable","19":"product-type-simple"},"acf":[],"_links":{"self":[{"href":"https:\/\/secureus.se\/pl\/wp-json\/wp\/v2\/product\/89902","targetHints":{"allow":["GET"]}}],"collection":[{"href":"https:\/\/secureus.se\/pl\/wp-json\/wp\/v2\/product"}],"about":[{"href":"https:\/\/secureus.se\/pl\/wp-json\/wp\/v2\/types\/product"}],"wp:featuredmedia":[{"embeddable":true,"href":"https:\/\/secureus.se\/pl\/wp-json\/wp\/v2\/media\/138925"}],"wp:attachment":[{"href":"https:\/\/secureus.se\/pl\/wp-json\/wp\/v2\/media?parent=89902"}],"wp:term":[{"taxonomy":"product_brand","embeddable":true,"href":"https:\/\/secureus.se\/pl\/wp-json\/wp\/v2\/product_brand?post=89902"},{"taxonomy":"product_cat","embeddable":true,"href":"https:\/\/secureus.se\/pl\/wp-json\/wp\/v2\/product_cat?post=89902"},{"taxonomy":"product_tag","embeddable":true,"href":"https:\/\/secureus.se\/pl\/wp-json\/wp\/v2\/product_tag?post=89902"}],"curies":[{"name":"wp","href":"https:\/\/api.w.org\/{rel}","templated":true}]}}