{"id":89904,"date":"2024-02-27T12:40:39","date_gmt":"2024-02-27T11:40:39","guid":{"rendered":"https:\/\/secureus.se\/produkt\/batteribackup-12v-2a\/"},"modified":"2026-04-15T16:48:46","modified_gmt":"2026-04-15T14:48:46","slug":"batteribackup-12v-2a","status":"publish","type":"product","link":"https:\/\/secureus.se\/pl\/batteribackup-12v-2a\/","title":{"rendered":"Zasilanie bateryjne 12V 2A"},"content":{"rendered":"<h1>Bateria zapasowa 12 V 2 A \u2014 stabilne zasilanie dla system\u00f3w krytycznych<\/h1>\n<p>Zabezpiecz swoje systemy za pomoc\u0105 <strong>Zasilanie bateryjne 12V 2A<\/strong> co zapewnia stabilne zasilanie i nieprzerwan\u0105 prac\u0119 nawet podczas przerw w dostawie pr\u0105du.<\/p>\n<p>Dzi\u0119ki miejscu na akumulator 7Ah urz\u0105dzenie to idealnie nadaje si\u0119 do u\u017cytku domowego, biurowego i biznesowego.<\/p>\n<h5>G\u0142\u00f3wne funkcje<\/h5>\n<ul>\n<li><strong>Wydajny zasilacz<\/strong>: Dostarcza pr\u0105d wyj\u015bciowy 2,5 A przy napi\u0119ciu 13,8 V DC i obejmuje \u0142adowanie akumulatora.<\/li>\n<li><strong>Zaawansowane funkcje ochrony<\/strong>: Ochrona przed zwarciem (SCP), przeci\u0105\u017ceniem (OLP), przegrzaniem (OHP) i g\u0142\u0119bokim roz\u0142adowaniem (UVP).<\/li>\n<li><strong>Elastyczny projekt<\/strong>: Miejsce na akumulator 7Ah ze zoptymalizowan\u0105 przestrzeni\u0105 i opcjami monta\u017cu.<\/li>\n<li><strong>Sygnalizacja LED<\/strong>: Optyczne diody LED do monitorowania stanu i sygnalizacji b\u0142\u0119d\u00f3w.<\/li>\n<li><strong>Solidna konstrukcja<\/strong>: Wykonane z wytrzyma\u0142ego metalu w kolorze bia\u0142ym RAL9003 o stopniu ochrony IP20.<\/li>\n<\/ul>\n<h5>Korzy\u015bci<\/h5>\n<ul>\n<li><strong>Bezpiecze\u0144stwo i stabilno\u015b\u0107<\/strong>: Zapewnia nieprzerwan\u0105 prac\u0119 wra\u017cliwych system\u00f3w.<\/li>\n<li><strong>Instalacja przyjazna dla u\u017cytkownika<\/strong>: Kompaktowa konstrukcja z mo\u017cliwo\u015bci\u0105 monta\u017cu powierzchniowego i \u0142atwym pod\u0142\u0105czeniem.<\/li>\n<li><strong>D\u0142uga \u017cywotno\u015b\u0107<\/strong>: Zaprojektowane z my\u015bl\u0105 o trwa\u0142o\u015bci, z dwuletni\u0105 gwarancj\u0105.<\/li>\n<\/ul>\n<h5>Dane techniczne<\/h5>\n<ul>\n<li><strong>Napi\u0119cie zasilania<\/strong>: 200\u2013240 V AC<\/li>\n<li><strong>Napi\u0119cie wyj\u015bciowe<\/strong>: 13,8 V pr\u0105du sta\u0142ego<\/li>\n<li><strong>Pojemno\u015b\u0107 baterii<\/strong>: 1x7Ah<\/li>\n<li><strong>Efektywno\u015b\u0107<\/strong>: 87%<\/li>\n<li><strong>Wymiary<\/strong>: 170 x 180 x 82 mm<\/li>\n<\/ul>\n<p>Zainwestuj <strong>Zasilanie bateryjne 12V 2A<\/strong> aby zapewni\u0107 stabilne zasilanie i chroni\u0107 najwa\u017cniejsze systemy.<\/p>\n<p><img decoding=\"async\" class=\"alignnone size-medium wp-image-123514570\" src=\"https:\/\/securityonline.se\/wp-content\/uploads\/2024\/02\/HPSB-12V2A-B-300x206.png\" alt=\"\" width=\"300\" height=\"206\" \/><\/p>","protected":false},"excerpt":{"rendered":"<p>Kompaktowy i wydajny akumulator podtrzymuj\u0105cy 12V 2A z miejscem na akumulator 7Ah.<\/p>\n<p>Chroni Twoje systemy dzi\u0119ki zaawansowanym funkcjom ochronnym i stabilnej pracy.<\/p>","protected":false},"featured_media":138866,"template":"","meta":{"_acf_changed":false},"product_brand":[],"product_cat":[2721],"product_tag":[3196,3195],"class_list":{"0":"post-89904","1":"product","2":"type-product","3":"status-publish","4":"has-post-thumbnail","6":"product_cat-batteribackuper","7":"product_tag-backup-12v","8":"product_tag-batteribackup-hpsb-12-24v-serie","9":"product_shipping_class-tunga-paket","10":"pa_brands-pulsar","11":"tm-no-options","13":"first","14":"onbackorder","15":"featured","16":"taxable","17":"shipping-taxable","18":"purchasable","19":"product-type-simple"},"acf":[],"_links":{"self":[{"href":"https:\/\/secureus.se\/pl\/wp-json\/wp\/v2\/product\/89904","targetHints":{"allow":["GET"]}}],"collection":[{"href":"https:\/\/secureus.se\/pl\/wp-json\/wp\/v2\/product"}],"about":[{"href":"https:\/\/secureus.se\/pl\/wp-json\/wp\/v2\/types\/product"}],"wp:featuredmedia":[{"embeddable":true,"href":"https:\/\/secureus.se\/pl\/wp-json\/wp\/v2\/media\/138866"}],"wp:attachment":[{"href":"https:\/\/secureus.se\/pl\/wp-json\/wp\/v2\/media?parent=89904"}],"wp:term":[{"taxonomy":"product_brand","embeddable":true,"href":"https:\/\/secureus.se\/pl\/wp-json\/wp\/v2\/product_brand?post=89904"},{"taxonomy":"product_cat","embeddable":true,"href":"https:\/\/secureus.se\/pl\/wp-json\/wp\/v2\/product_cat?post=89904"},{"taxonomy":"product_tag","embeddable":true,"href":"https:\/\/secureus.se\/pl\/wp-json\/wp\/v2\/product_tag?post=89904"}],"curies":[{"name":"wp","href":"https:\/\/api.w.org\/{rel}","templated":true}]}}