{"id":89957,"date":"2024-03-04T14:27:59","date_gmt":"2024-03-04T13:27:59","guid":{"rendered":"https:\/\/secureus.se\/?post_type=product&#038;p=89957"},"modified":"2026-03-26T10:10:15","modified_gmt":"2026-03-26T09:10:15","slug":"fargo-45610-ymcko-colour-ribbon-500-prints","status":"publish","type":"product","link":"https:\/\/secureus.se\/pl\/fargo-45610-ymcko-colour-ribbon-500-prints\/","title":{"rendered":"Wst\u0105\u017cka kolorowa Fargo 45610 YMCKO (500 wydruk\u00f3w)"},"content":{"rendered":"<p dir=\"ltr\">Ta\u015bma kolorowa Fargo 45610 YMCKO doskonale nadaje si\u0119 do druku jednostronnych kart w wyj\u0105tkowej rozdzielczo\u015bci.<\/p>\n<p dir=\"ltr\">Pe\u0142nokolorowy barwnik tworzy \u017cywe i \u017cywe obrazy, a jednolita czarna \u017cywica zapewnia ostry tekst i szczeg\u00f3\u0142owe kody kreskowe.<\/p>\n<p dir=\"ltr\">Zawiera r\u00f3wnie\u017c przezroczysty panel nak\u0142adki, kt\u00f3ry chroni karty przed codziennym zu\u017cyciem.<\/p>\n<ul dir=\"ltr\">\n<li>500 wydruk\u00f3w na rolk\u0119<\/li>\n<li>Wst\u0105\u017cka YMCKO (panele \u017c\u00f3\u0142ty, magenta, cyjan, czarny i nak\u0142adany)<\/li>\n<li>Aby zapewni\u0107 wysok\u0105 jako\u015b\u0107 dzia\u0142ania, nale\u017cy u\u017cywa\u0107 wy\u0142\u0105cznie oryginalnych ta\u015bm Fargo<\/li>\n<\/ul>\n<p>&nbsp;<\/p>","protected":false},"excerpt":{"rendered":"<p>Ta\u015bma kolorowa Fargo 45610 YMCKO doskonale nadaje si\u0119 do druku jednostronnych kart w wyj\u0105tkowej rozdzielczo\u015bci. Pe\u0142nokolorowy barwnik tworzy \u017cywe i \u017cywe obrazy, podczas gdy solidna czarna \u017cywica zapewnia ostro\u015b\u0107<\/p>","protected":false},"featured_media":138584,"template":"","meta":{"_acf_changed":false},"product_brand":[],"product_cat":[3214,4843],"product_tag":[3201,4863],"class_list":{"0":"post-89957","1":"product","2":"type-product","3":"status-publish","4":"has-post-thumbnail","6":"product_cat-fargo-fargband-retransfer","7":"product_cat-dtc1500-band","8":"product_tag-fargo-tillbehor","9":"product_tag-pf","10":"product_shipping_class-tunga-paket","11":"pa_brands-fargo","12":"tm-has-options","14":"first","15":"instock","16":"sale","17":"taxable","18":"shipping-taxable","19":"purchasable","20":"product-type-simple"},"acf":[],"_links":{"self":[{"href":"https:\/\/secureus.se\/pl\/wp-json\/wp\/v2\/product\/89957","targetHints":{"allow":["GET"]}}],"collection":[{"href":"https:\/\/secureus.se\/pl\/wp-json\/wp\/v2\/product"}],"about":[{"href":"https:\/\/secureus.se\/pl\/wp-json\/wp\/v2\/types\/product"}],"wp:featuredmedia":[{"embeddable":true,"href":"https:\/\/secureus.se\/pl\/wp-json\/wp\/v2\/media\/138584"}],"wp:attachment":[{"href":"https:\/\/secureus.se\/pl\/wp-json\/wp\/v2\/media?parent=89957"}],"wp:term":[{"taxonomy":"product_brand","embeddable":true,"href":"https:\/\/secureus.se\/pl\/wp-json\/wp\/v2\/product_brand?post=89957"},{"taxonomy":"product_cat","embeddable":true,"href":"https:\/\/secureus.se\/pl\/wp-json\/wp\/v2\/product_cat?post=89957"},{"taxonomy":"product_tag","embeddable":true,"href":"https:\/\/secureus.se\/pl\/wp-json\/wp\/v2\/product_tag?post=89957"}],"curies":[{"name":"wp","href":"https:\/\/api.w.org\/{rel}","templated":true}]}}