{"id":89963,"date":"2024-03-04T14:28:03","date_gmt":"2024-03-04T13:28:03","guid":{"rendered":"https:\/\/secureus.se\/produkt\/fargo-84911-ymck-colour-ribbon-750-prints\/"},"modified":"2025-10-21T12:29:37","modified_gmt":"2025-10-21T10:29:37","slug":"fargo-84911-ymck-colour-ribbon-750-prints","status":"publish","type":"product","link":"https:\/\/secureus.se\/pl\/fargo-84911-ymck-colour-ribbon-750-prints\/","title":{"rendered":"Wst\u0105\u017cka kolorowa Fargo 84911 YMCK (750 wydruk\u00f3w)"},"content":{"rendered":"<p>Ta\u015bma pe\u0142nokolorowa Fargo 84911 YMCK pozwala na uzyskanie wysokiej jako\u015bci jednostronnych nadruk\u00f3w.<\/p>\n<p>Kolorowe panele tworz\u0105 \u017cywe, fotograficzne obrazy, a jednolita, czarna \u017cywica zapewnia szczeg\u00f3\u0142owy tekst i dok\u0142adne kody kreskowe.<\/p>\n<p>Nale\u017cy pami\u0119ta\u0107, \u017ce tej wst\u0105\u017cki nale\u017cy u\u017cywa\u0107 razem z\u00a0<a href=\"https:\/\/www.digitalid.co.uk\/product\/fargo-84900-standard-clear-film-2737\" target=\"_blank\" rel=\"noopener\">Film z retransferu Fargo 84900<\/a>.<\/p>\n<ul>\n<li>750 wydruk\u00f3w na rolk\u0119<\/li>\n<li>Wst\u0105\u017cka YMCK (panele \u017c\u00f3\u0142ty, magenta, cyjan i czarny)<\/li>\n<li>Numer cz\u0119\u015bci producenta \u2013 84911<\/li>\n<\/ul>","protected":false},"excerpt":{"rendered":"<p>Ta\u015bma pe\u0142nokolorowa Fargo 84911 YMCK pozwala na uzyskanie wysokiej jako\u015bci jednostronnych nadruk\u00f3w. Pe\u0142nokolorowe panele tworz\u0105 \u017cywe, fotograficzne obrazy, a solidna czarna \u017cywica zapewnia szczeg\u00f3\u0142owy tekst i dok\u0142adne kody kreskowe. Uwaga,<\/p>","protected":false},"featured_media":138569,"template":"","meta":{"_acf_changed":false},"product_brand":[],"product_cat":[3214],"product_tag":[3201,4863],"class_list":{"0":"post-89963","1":"product","2":"type-product","3":"status-publish","4":"has-post-thumbnail","6":"product_cat-fargo-fargband-retransfer","7":"product_tag-fargo-tillbehor","8":"product_tag-pf","9":"product_shipping_class-tunga-paket","10":"pa_brands-fargo","11":"tm-has-options","13":"first","14":"outofstock","15":"sale","16":"taxable","17":"shipping-taxable","18":"purchasable","19":"product-type-simple"},"acf":[],"_links":{"self":[{"href":"https:\/\/secureus.se\/pl\/wp-json\/wp\/v2\/product\/89963","targetHints":{"allow":["GET"]}}],"collection":[{"href":"https:\/\/secureus.se\/pl\/wp-json\/wp\/v2\/product"}],"about":[{"href":"https:\/\/secureus.se\/pl\/wp-json\/wp\/v2\/types\/product"}],"wp:featuredmedia":[{"embeddable":true,"href":"https:\/\/secureus.se\/pl\/wp-json\/wp\/v2\/media\/138569"}],"wp:attachment":[{"href":"https:\/\/secureus.se\/pl\/wp-json\/wp\/v2\/media?parent=89963"}],"wp:term":[{"taxonomy":"product_brand","embeddable":true,"href":"https:\/\/secureus.se\/pl\/wp-json\/wp\/v2\/product_brand?post=89963"},{"taxonomy":"product_cat","embeddable":true,"href":"https:\/\/secureus.se\/pl\/wp-json\/wp\/v2\/product_cat?post=89963"},{"taxonomy":"product_tag","embeddable":true,"href":"https:\/\/secureus.se\/pl\/wp-json\/wp\/v2\/product_tag?post=89963"}],"curies":[{"name":"wp","href":"https:\/\/api.w.org\/{rel}","templated":true}]}}