{"id":89991,"date":"2024-03-04T14:25:15","date_gmt":"2024-03-04T13:25:15","guid":{"rendered":"https:\/\/secureus.se\/produkt\/evolis-agilia-rt5f102e100-ymckk-colour-ribbon-600-prints\/"},"modified":"2026-04-08T16:59:01","modified_gmt":"2026-04-08T14:59:01","slug":"evolis-agilia-rt5f102e100-ymckk-colour-ribbon-600-prints","status":"publish","type":"product","link":"https:\/\/secureus.se\/pl\/evolis-agilia-rt5f102e100-ymckk-colour-ribbon-600-prints\/","title":{"rendered":"Ta\u015bma barwi\u0105ca Evolis YMCKK \u2013 Agilia (600 wydruk\u00f3w)"},"content":{"rendered":"<h1>Wst\u0105\u017cka<br \/>\n  Evolis YMCKK \u2013 Agilia (600 wydruk\u00f3w)<\/h1>\n<p>Ta\u015bma Evolis YMCKK \u2013 Agilia (600 wydruk\u00f3w) to ta\u015bma barwi\u0105ca<br \/>\n  do drukowania kart plastikowych o ostrych kolorach, wyra\u017anym tek\u015bcie i dobrej jako\u015bci<br \/>\n  Wst\u0105\u017cka typu YMCKK zapewnia odpowiedni\u0105 kombinacj\u0119 paneli kolor\u00f3w dla<br \/>\n  profesjonalny druk kart.<\/p>\n<p>Nadaje si\u0119 do dowod\u00f3w osobistych, kart dost\u0119pu, kart cz\u0142onkowskich i innych<br \/>\n  karty plastikowe, gdzie liczy si\u0119 wysoka jako\u015b\u0107 druku i niezawodno\u015b\u0107<br \/>\n  wa\u017cny.<\/p>\n<ul>\n<li>Pojemno\u015b\u0107: do 600 wydruk\u00f3w<\/li>\n<li>Typ wst\u0105\u017cki: YMCKK<\/li>\n<li>Nadaje si\u0119 do dwustronnego druku kart<\/li>\n<li>Oryginalny produkt<\/li>\n<\/ul>","protected":false},"excerpt":{"rendered":"<p>F\u00e4rgband Evolis YMCKK &#8211; Agilia (600 utskrifter) F\u00e4rgband Evolis YMCKK &#8211; Agilia (600 utskrifter) \u00e4r ett f\u00e4rgband f\u00f6r utskrift av plastkort med skarpa f\u00e4rger, tydlig text och bra detalj\u00e5tergivning. Bandtypen<\/p>","protected":false},"featured_media":138692,"template":"","meta":{"_acf_changed":false},"product_brand":[],"product_cat":[3213,4854],"product_tag":[3181,4863],"class_list":{"0":"post-89991","1":"product","2":"type-product","3":"status-publish","4":"has-post-thumbnail","6":"product_cat-evolis-fargband-retransfer","7":"product_cat-agilia","8":"product_tag-evolis-tillbehor","9":"product_tag-pf","10":"product_shipping_class-tunga-paket","11":"pa_brands-evolis","12":"tm-has-options","14":"first","15":"instock","16":"sale","17":"taxable","18":"shipping-taxable","19":"purchasable","20":"product-type-simple"},"acf":[],"_links":{"self":[{"href":"https:\/\/secureus.se\/pl\/wp-json\/wp\/v2\/product\/89991","targetHints":{"allow":["GET"]}}],"collection":[{"href":"https:\/\/secureus.se\/pl\/wp-json\/wp\/v2\/product"}],"about":[{"href":"https:\/\/secureus.se\/pl\/wp-json\/wp\/v2\/types\/product"}],"wp:featuredmedia":[{"embeddable":true,"href":"https:\/\/secureus.se\/pl\/wp-json\/wp\/v2\/media\/138692"}],"wp:attachment":[{"href":"https:\/\/secureus.se\/pl\/wp-json\/wp\/v2\/media?parent=89991"}],"wp:term":[{"taxonomy":"product_brand","embeddable":true,"href":"https:\/\/secureus.se\/pl\/wp-json\/wp\/v2\/product_brand?post=89991"},{"taxonomy":"product_cat","embeddable":true,"href":"https:\/\/secureus.se\/pl\/wp-json\/wp\/v2\/product_cat?post=89991"},{"taxonomy":"product_tag","embeddable":true,"href":"https:\/\/secureus.se\/pl\/wp-json\/wp\/v2\/product_tag?post=89991"}],"curies":[{"name":"wp","href":"https:\/\/api.w.org\/{rel}","templated":true}]}}