{"id":90164,"date":"2024-03-12T10:37:31","date_gmt":"2024-03-12T09:37:31","guid":{"rendered":"https:\/\/secureus.se\/?post_type=product&#038;p=90164"},"modified":"2026-02-10T16:46:36","modified_gmt":"2026-02-10T15:46:36","slug":"risco-wifi-2mp-cube-camera","status":"publish","type":"product","link":"https:\/\/secureus.se\/pl\/risco-wifi-2mp-cube-camera\/","title":{"rendered":"Kamera kostkowa Risco WiFi 2MP"},"content":{"rendered":"<h1>Kamera kostkowa Risco WiFi 2MP<\/h1>\n<p data-start=\"341\" data-end=\"630\">Kamera Risco WiFi 2MP Cube zosta\u0142a zaprojektowana do zapewniania wysokiej jako\u015bci monitoringu wideo dzi\u0119ki 2-megapikselowemu progresywnemu przetwornikowi obrazu CMOS.<\/p>\n<p data-start=\"341\" data-end=\"630\">Kamera ma ogniskow\u0105 2,8 mm i obs\u0142uguje widoczno\u015b\u0107 w podczerwieni do 10 metr\u00f3w, dzi\u0119ki czemu nadaje si\u0119 do u\u017cytku zar\u00f3wno wewn\u0105trz, jak i na zewn\u0105trz.<\/p>\n<p data-start=\"632\" data-end=\"951\">Urz\u0105dzenie jest wyposa\u017cone we wbudowany g\u0142o\u015bnik i mikrofon, co umo\u017cliwia dwustronn\u0105 komunikacj\u0119. U\u017cytkownik mo\u017ce zar\u00f3wno s\u0142ucha\u0107, jak i m\u00f3wi\u0107 przez kamer\u0119.<\/p>\n<p data-start=\"632\" data-end=\"951\">WDR (DWDR) zapewnia dobr\u0105 jako\u015b\u0107 obrazu nawet w trudnych warunkach o\u015bwietleniowych.<\/p>\n<p data-start=\"632\" data-end=\"951\">Kamera obs\u0142uguje tak\u017ce karty Micro SD o pojemno\u015bci do 256 GB do lokalnego przechowywania nagra\u0144 wideo.<\/p>\n<p data-start=\"953\" data-end=\"1101\">Dzi\u0119ki mocy wyj\u015bciowej WiFi wynosz\u0105cej 20 dBm i obs\u0142udze cz\u0119stotliwo\u015bci WiFi 2,4 GHz urz\u0105dzenie jest \u0142atwe w instalacji i integracji z istniej\u0105cym systemem bezpiecze\u0144stwa.<\/p>\n<p data-start=\"1103\" data-end=\"1132\"><strong data-start=\"1103\" data-end=\"1132\">Dane techniczne:<\/strong><\/p>\n<ul data-start=\"1133\" data-end=\"1475\">\n<li data-start=\"1133\" data-end=\"1169\">\n<p data-start=\"1135\" data-end=\"1169\">Model: Kamera kostkowa Risco WiFi 2MP<\/p>\n<\/li>\n<li data-start=\"1170\" data-end=\"1218\">\n<p data-start=\"1172\" data-end=\"1218\">Przetwornik obrazu: 1\/2,7\u201d 2-megapikselowy, progresywny CMOS<\/p>\n<\/li>\n<li data-start=\"1219\" data-end=\"1241\">\n<p data-start=\"1221\" data-end=\"1241\">Odleg\u0142o\u015b\u0107 IR: 10 metr\u00f3w<\/p>\n<\/li>\n<li data-start=\"1242\" data-end=\"1261\">\n<p data-start=\"1244\" data-end=\"1261\">Ogniskowa: 2,8 mm<\/p>\n<\/li>\n<li data-start=\"1262\" data-end=\"1288\">\n<p data-start=\"1264\" data-end=\"1288\">Zasilanie: 12V DC<\/p>\n<\/li>\n<li data-start=\"1289\" data-end=\"1314\">\n<p data-start=\"1291\" data-end=\"1314\">Pob\u00f3r mocy: &lt;3,5 W<\/p>\n<\/li>\n<li data-start=\"1315\" data-end=\"1347\">\n<p data-start=\"1317\" data-end=\"1347\">Moc wyj\u015bciowa Wi-Fi: maks. 20 dBm.<\/p>\n<\/li>\n<li data-start=\"1348\" data-end=\"1373\">\n<p data-start=\"1350\" data-end=\"1373\">Cz\u0119stotliwo\u015b\u0107 Wi-Fi: 2,4 GHz<\/p>\n<\/li>\n<li data-start=\"1374\" data-end=\"1406\">\n<p data-start=\"1376\" data-end=\"1406\">Wbudowany g\u0142o\u015bnik i mikrofon<\/p>\n<\/li>\n<li data-start=\"1407\" data-end=\"1447\">\n<p data-start=\"1409\" data-end=\"1447\">WDR: DWDR (Cyfrowy szeroki zakres dynamiki)<\/p>\n<\/li>\n<li data-start=\"1448\" data-end=\"1475\">\n<p data-start=\"1450\" data-end=\"1475\">Karta Micro SD, maks. 256 GB<\/p>\n<\/li>\n<\/ul>","protected":false},"excerpt":{"rendered":"<p>Kamera Risco WiFi 2MP Cube to kompaktowa kamera bezpiecze\u0144stwa z 2-megapikselowym przetwornikiem obrazu i obs\u0142ug\u0105 \u0142\u0105czno\u015bci WiFi.<\/p>\n<p>Zapewnia widoczno\u015b\u0107 w podczerwieni do 10 metr\u00f3w i posiada wbudowany g\u0142o\u015bnik i mikrofon umo\u017cliwiaj\u0105cy dwustronn\u0105 komunikacj\u0119.<\/p>","protected":false},"featured_media":137905,"template":"","meta":{"_acf_changed":false},"product_brand":[],"product_cat":[3192],"product_tag":[],"class_list":{"0":"post-90164","1":"product","2":"type-product","3":"status-publish","4":"has-post-thumbnail","6":"product_cat-risco-ip-kamera","7":"product_shipping_class-tunga-paket","8":"pa_brands-4risco","9":"tm-no-options","11":"first","12":"instock","13":"sale","14":"taxable","15":"shipping-taxable","16":"purchasable","17":"product-type-simple"},"acf":[],"_links":{"self":[{"href":"https:\/\/secureus.se\/pl\/wp-json\/wp\/v2\/product\/90164","targetHints":{"allow":["GET"]}}],"collection":[{"href":"https:\/\/secureus.se\/pl\/wp-json\/wp\/v2\/product"}],"about":[{"href":"https:\/\/secureus.se\/pl\/wp-json\/wp\/v2\/types\/product"}],"wp:featuredmedia":[{"embeddable":true,"href":"https:\/\/secureus.se\/pl\/wp-json\/wp\/v2\/media\/137905"}],"wp:attachment":[{"href":"https:\/\/secureus.se\/pl\/wp-json\/wp\/v2\/media?parent=90164"}],"wp:term":[{"taxonomy":"product_brand","embeddable":true,"href":"https:\/\/secureus.se\/pl\/wp-json\/wp\/v2\/product_brand?post=90164"},{"taxonomy":"product_cat","embeddable":true,"href":"https:\/\/secureus.se\/pl\/wp-json\/wp\/v2\/product_cat?post=90164"},{"taxonomy":"product_tag","embeddable":true,"href":"https:\/\/secureus.se\/pl\/wp-json\/wp\/v2\/product_tag?post=90164"}],"curies":[{"name":"wp","href":"https:\/\/api.w.org\/{rel}","templated":true}]}}