{"id":90166,"date":"2024-03-12T10:37:30","date_gmt":"2024-03-12T09:37:30","guid":{"rendered":"https:\/\/secureus.se\/?post_type=product&#038;p=90166"},"modified":"2026-04-21T14:57:04","modified_gmt":"2026-04-21T12:57:04","slug":"risco-wifi-2mp-pan-tilt-camera","status":"publish","type":"product","link":"https:\/\/secureus.se\/pl\/risco-wifi-2mp-pan-tilt-camera\/","title":{"rendered":"Kamera obrotowa Risco WiFi 2 MP"},"content":{"rendered":"<h1>Kamera obrotowa Risco WiFi 2 MP<\/h1>\n<p data-start=\"369\" data-end=\"676\">Kamera obrotowo-uchylna Risco WiFi 2MP oferuje bezpiecze\u0144stwo w wysokiej rozdzielczo\u015bci dzi\u0119ki 2-megapikselowemu progresywnemu przetwornikowi obrazu CMOS.<\/p>\n<p data-start=\"369\" data-end=\"676\">Kamera ma regulowan\u0105 ogniskow\u0105 3,6 mm i umo\u017cliwia u\u017cytkownikowi obr\u00f3t o 355\u00b0 oraz pochylenie w zakresie od 0\u00b0 do 90\u00b0, zapewniaj\u0105c pe\u0142ny podgl\u0105d obszaru monitorowania.<\/p>\n<p data-start=\"678\" data-end=\"1008\">Dzi\u0119ki widoczno\u015bci podczerwieni do 10 metr\u00f3w kamera idealnie nadaje si\u0119 do monitoringu zar\u00f3wno w dzie\u0144, jak i w nocy. Aby zapewni\u0107 lepsz\u0105 interaktywno\u015b\u0107 i bezpiecze\u0144stwo, kamera posiada wbudowany g\u0142o\u015bnik i mikrofon, kt\u00f3re umo\u017cliwiaj\u0105 dwustronn\u0105 komunikacj\u0119.<\/p>\n<p data-start=\"678\" data-end=\"1008\">Urz\u0105dzenie jest wyposa\u017cone w modu\u0142 Wi-Fi, co u\u0142atwia konfiguracj\u0119 i pod\u0142\u0105czenie do sieci. Moc wyj\u015bciowa sygna\u0142u Wi-Fi wynosi do 20 dBm.<\/p>\n<p data-start=\"1010\" data-end=\"1137\">Kamera obrotowo-uchylna Risco WiFi 2MP obs\u0142uguje r\u00f3wnie\u017c karty Micro SD o pojemno\u015bci do 128 GB do lokalnego przechowywania materia\u0142u wideo.<\/p>\n<p data-start=\"1139\" data-end=\"1168\"><strong data-start=\"1139\" data-end=\"1168\">Dane techniczne:<\/strong><\/p>\n<ul data-start=\"1169\" data-end=\"1556\">\n<li data-start=\"1169\" data-end=\"1209\">\n<p data-start=\"1171\" data-end=\"1209\">Model: Kamera obrotowo-uchylna Risco WiFi 2MP<\/p>\n<\/li>\n<li data-start=\"1210\" data-end=\"1257\">\n<p data-start=\"1212\" data-end=\"1257\">Przetwornik obrazu: Progresywny CMOS 1\/2,7\u201d o rozdzielczo\u015bci 2 megapikseli<\/p>\n<\/li>\n<li data-start=\"1258\" data-end=\"1280\">\n<p data-start=\"1260\" data-end=\"1280\">Odleg\u0142o\u015b\u0107 IR: 10 metr\u00f3w<\/p>\n<\/li>\n<li data-start=\"1281\" data-end=\"1300\">\n<p data-start=\"1283\" data-end=\"1300\">Ogniskowa: 3,6 mm<\/p>\n<\/li>\n<li data-start=\"1301\" data-end=\"1336\">\n<p data-start=\"1303\" data-end=\"1336\">Pan \/ Tilt: 355\u00b0 Pan i 0~90\u00b0 Tilt<\/p>\n<\/li>\n<li data-start=\"1337\" data-end=\"1369\">\n<p data-start=\"1339\" data-end=\"1369\">Zasilanie: 5V \/ 1,5A DC<\/p>\n<\/li>\n<li data-start=\"1370\" data-end=\"1394\">\n<p data-start=\"1372\" data-end=\"1394\">Pob\u00f3r mocy: 5,5 W<\/p>\n<\/li>\n<li data-start=\"1395\" data-end=\"1427\">\n<p data-start=\"1397\" data-end=\"1427\">Moc wyj\u015bciowa Wi-Fi: maks. 20 dBm.<\/p>\n<\/li>\n<li data-start=\"1428\" data-end=\"1453\">\n<p data-start=\"1430\" data-end=\"1453\">Cz\u0119stotliwo\u015b\u0107 Wi-Fi: 2,4 GHz<\/p>\n<\/li>\n<li data-start=\"1454\" data-end=\"1493\">\n<p data-start=\"1456\" data-end=\"1493\">Funkcje: Pan \/ Tilt \/ Zoom cyfrowy<\/p>\n<\/li>\n<li data-start=\"1494\" data-end=\"1524\">\n<p data-start=\"1496\" data-end=\"1524\">Wbudowany g\u0142o\u015bnik i mikrofon<\/p>\n<\/li>\n<li data-start=\"1525\" data-end=\"1556\">\n<p data-start=\"1527\" data-end=\"1556\">Pami\u0119\u0107: Micro SD, maks. 128 GB<\/p>\n<\/li>\n<\/ul>","protected":false},"excerpt":{"rendered":"<p>Kamera obrotowo-uchylna Risco WiFi 2MP to elastyczna kamera bezpiecze\u0144stwa z przetwornikiem obrazu o rozdzielczo\u015bci 2 megapikseli, widoczno\u015bci\u0105 w podczerwieni do 10 metr\u00f3w, funkcj\u0105 obrotu 355\u00b0 i pochylenia 0-90\u00b0.<\/p>\n<p>Idealny do monitoringu dzi\u0119ki \u0142\u0105czno\u015bci Wi-Fi oraz wbudowanemu g\u0142o\u015bnikowi i mikrofonowi.<\/p>","protected":false},"featured_media":138324,"template":"","meta":{"_acf_changed":false},"product_brand":[],"product_cat":[3192],"product_tag":[],"class_list":{"0":"post-90166","1":"product","2":"type-product","3":"status-publish","4":"has-post-thumbnail","6":"product_cat-risco-ip-kamera","7":"product_shipping_class-tunga-paket","8":"pa_brands-4risco","9":"tm-no-options","11":"first","12":"onbackorder","13":"sale","14":"taxable","15":"shipping-taxable","16":"purchasable","17":"product-type-simple"},"acf":[],"_links":{"self":[{"href":"https:\/\/secureus.se\/pl\/wp-json\/wp\/v2\/product\/90166","targetHints":{"allow":["GET"]}}],"collection":[{"href":"https:\/\/secureus.se\/pl\/wp-json\/wp\/v2\/product"}],"about":[{"href":"https:\/\/secureus.se\/pl\/wp-json\/wp\/v2\/types\/product"}],"wp:featuredmedia":[{"embeddable":true,"href":"https:\/\/secureus.se\/pl\/wp-json\/wp\/v2\/media\/138324"}],"wp:attachment":[{"href":"https:\/\/secureus.se\/pl\/wp-json\/wp\/v2\/media?parent=90166"}],"wp:term":[{"taxonomy":"product_brand","embeddable":true,"href":"https:\/\/secureus.se\/pl\/wp-json\/wp\/v2\/product_brand?post=90166"},{"taxonomy":"product_cat","embeddable":true,"href":"https:\/\/secureus.se\/pl\/wp-json\/wp\/v2\/product_cat?post=90166"},{"taxonomy":"product_tag","embeddable":true,"href":"https:\/\/secureus.se\/pl\/wp-json\/wp\/v2\/product_tag?post=90166"}],"curies":[{"name":"wp","href":"https:\/\/api.w.org\/{rel}","templated":true}]}}