{"id":90168,"date":"2024-03-12T10:37:30","date_gmt":"2024-03-12T09:37:30","guid":{"rendered":"https:\/\/secureus.se\/?post_type=product&#038;p=90168"},"modified":"2026-04-21T14:54:59","modified_gmt":"2026-04-21T12:54:59","slug":"risco-wifi-2mp-eyeball-camera","status":"publish","type":"product","link":"https:\/\/secureus.se\/pl\/risco-wifi-2mp-eyeball-camera\/","title":{"rendered":"Kamera Risco WiFi 2MP na ga\u0142k\u0119 oczn\u0105"},"content":{"rendered":"<h1>Kamera Risco WiFi 2MP na ga\u0142k\u0119 oczn\u0105<\/h1>\n<p data-start=\"355\" data-end=\"728\">Kamera Risco WiFi 2MP Eyeball Camera wyposa\u017cona jest w progresywny przetwornik obrazu CMOS o wysokiej rozdzielczo\u015bci 2 megapikseli, kt\u00f3ry zapewnia wyra\u017any i szczeg\u00f3\u0142owy obraz.<\/p>\n<p data-start=\"355\" data-end=\"728\">Kamera ma zasi\u0119g podczerwieni do 20 metr\u00f3w, co czyni j\u0105 idealn\u0105 do monitoringu zar\u00f3wno w dzie\u0144, jak i w nocy.<\/p>\n<p data-start=\"355\" data-end=\"728\">Dzi\u0119ki ogniskowej 2,8 mm kamera rejestruje szerokie pole widzenia i doskonale nadaje si\u0119 do monitorowania wi\u0119kszych obszar\u00f3w.<\/p>\n<p data-start=\"730\" data-end=\"974\">Kamera posiada certyfikat IP67, co oznacza, \u017ce jest wodoodporna i py\u0142oszczelna, dzi\u0119ki czemu nadaje si\u0119 do u\u017cytku zar\u00f3wno wewn\u0105trz, jak i na zewn\u0105trz.<\/p>\n<p data-start=\"730\" data-end=\"974\">Obs\u0142uguje tak\u017ce karty Micro SD o pojemno\u015bci do 128 GB do lokalnego przechowywania materia\u0142\u00f3w wideo.<\/p>\n<p data-start=\"976\" data-end=\"1223\">Kamera Risco WiFi 2MP Eyeball Camera obs\u0142uguje \u0142\u0105czno\u015b\u0107 Wi-Fi, co upraszcza instalacj\u0119 i zapewnia elastyczno\u015b\u0107 w umieszczaniu kamery w dowolnym miejscu, bez konieczno\u015bci prowadzenia kabli.<\/p>\n<p data-start=\"976\" data-end=\"1223\">Obs\u0142uguje moc wyj\u015bciow\u0105 Wi-Fi do 20 dBm i dzia\u0142a na cz\u0119stotliwo\u015bci 2,4 GHz.<\/p>\n<p data-start=\"1225\" data-end=\"1254\"><strong data-start=\"1225\" data-end=\"1254\">Dane techniczne:<\/strong><\/p>\n<ul data-start=\"1255\" data-end=\"1696\">\n<li data-start=\"1255\" data-end=\"1276\">\n<p data-start=\"1257\" data-end=\"1276\">Model: RVCM32W1600<\/p>\n<\/li>\n<li data-start=\"1277\" data-end=\"1325\">\n<p data-start=\"1279\" data-end=\"1325\">Przetwornik obrazu: 1\/2,7\u201d 2-megapikselowy, progresywny CMOS<\/p>\n<\/li>\n<li data-start=\"1326\" data-end=\"1348\">\n<p data-start=\"1328\" data-end=\"1348\">Odleg\u0142o\u015b\u0107 IR: 20 metr\u00f3w<\/p>\n<\/li>\n<li data-start=\"1349\" data-end=\"1368\">\n<p data-start=\"1351\" data-end=\"1368\">Ogniskowa: 2,8 mm<\/p>\n<\/li>\n<li data-start=\"1369\" data-end=\"1399\">\n<p data-start=\"1371\" data-end=\"1399\">Zasilanie: 12V DC, 1A<\/p>\n<\/li>\n<li data-start=\"1400\" data-end=\"1425\">\n<p data-start=\"1402\" data-end=\"1425\">Pob\u00f3r mocy: &lt;4,7 W<\/p>\n<\/li>\n<li data-start=\"1426\" data-end=\"1462\">\n<p data-start=\"1428\" data-end=\"1462\">Moc wyj\u015bciowa Wi-Fi: maksymalnie 20 dBm<\/p>\n<\/li>\n<li data-start=\"1463\" data-end=\"1488\">\n<p data-start=\"1465\" data-end=\"1488\">Cz\u0119stotliwo\u015b\u0107 Wi-Fi: 2,4 GHz<\/p>\n<\/li>\n<li data-start=\"1489\" data-end=\"1565\">\n<p data-start=\"1491\" data-end=\"1565\">Warunki pracy: od -20\u00b0C do 45\u00b0C (od -4\u00b0F do 113\u00b0F), wilgotno\u015b\u0107 \u2264 95%<\/p>\n<\/li>\n<li data-start=\"1566\" data-end=\"1615\">\n<p data-start=\"1568\" data-end=\"1615\">Klasa ochrony: IP67 (wodoodporno\u015b\u0107 i py\u0142oszczelno\u015b\u0107)<\/p>\n<\/li>\n<li data-start=\"1616\" data-end=\"1647\">\n<p data-start=\"1618\" data-end=\"1647\">Pami\u0119\u0107: Micro SD, maks. 128 GB<\/p>\n<\/li>\n<li data-start=\"1648\" data-end=\"1696\">\n<p data-start=\"1650\" data-end=\"1696\">Funkcje: ICR dzie\u0144\/noc (z filtrem podczerwieni)<\/p>\n<\/li>\n<\/ul>","protected":false},"excerpt":{"rendered":"<p>Kamera Risco WiFi 2MP Eyeball Camera to 2-megapikselowa kamera bezpiecze\u0144stwa z widoczno\u015bci\u0105 w podczerwieni do 20 metr\u00f3w.<\/p>\n<p>Kamera posiada certyfikat IP67 i oferuje wysokiej jako\u015bci monitoring wideo z ogniskow\u0105 2,8 mm oraz \u0142\u0105czno\u015bci\u0105 Wi-Fi, co u\u0142atwia instalacj\u0119.<\/p>","protected":false},"featured_media":138328,"template":"","meta":{"_acf_changed":false},"product_brand":[],"product_cat":[3192],"product_tag":[],"class_list":{"0":"post-90168","1":"product","2":"type-product","3":"status-publish","4":"has-post-thumbnail","6":"product_cat-risco-ip-kamera","7":"product_shipping_class-tunga-paket","8":"pa_brands-4risco","9":"tm-no-options","11":"first","12":"onbackorder","13":"sale","14":"taxable","15":"shipping-taxable","16":"purchasable","17":"product-type-simple"},"acf":[],"_links":{"self":[{"href":"https:\/\/secureus.se\/pl\/wp-json\/wp\/v2\/product\/90168","targetHints":{"allow":["GET"]}}],"collection":[{"href":"https:\/\/secureus.se\/pl\/wp-json\/wp\/v2\/product"}],"about":[{"href":"https:\/\/secureus.se\/pl\/wp-json\/wp\/v2\/types\/product"}],"wp:featuredmedia":[{"embeddable":true,"href":"https:\/\/secureus.se\/pl\/wp-json\/wp\/v2\/media\/138328"}],"wp:attachment":[{"href":"https:\/\/secureus.se\/pl\/wp-json\/wp\/v2\/media?parent=90168"}],"wp:term":[{"taxonomy":"product_brand","embeddable":true,"href":"https:\/\/secureus.se\/pl\/wp-json\/wp\/v2\/product_brand?post=90168"},{"taxonomy":"product_cat","embeddable":true,"href":"https:\/\/secureus.se\/pl\/wp-json\/wp\/v2\/product_cat?post=90168"},{"taxonomy":"product_tag","embeddable":true,"href":"https:\/\/secureus.se\/pl\/wp-json\/wp\/v2\/product_tag?post=90168"}],"curies":[{"name":"wp","href":"https:\/\/api.w.org\/{rel}","templated":true}]}}