{"id":90170,"date":"2024-03-12T10:37:30","date_gmt":"2024-03-12T09:37:30","guid":{"rendered":"https:\/\/secureus.se\/?post_type=product&#038;p=90170"},"modified":"2026-04-21T14:51:50","modified_gmt":"2026-04-21T12:51:50","slug":"risco-poe-4mp-eyeball-camera","status":"publish","type":"product","link":"https:\/\/secureus.se\/pl\/risco-poe-4mp-eyeball-camera\/","title":{"rendered":"Kamera na ga\u0142k\u0119 oczn\u0105 Risco PoE 4 MP"},"content":{"rendered":"<h1><strong>Kamera na ga\u0142k\u0119 oczn\u0105 Risco PoE 4 MP<\/strong><\/h1>\n<p data-start=\"380\" data-end=\"742\">Kamera Risco PoE 4MP Eyeball Camera to wydajne rozwi\u0105zanie zabezpieczaj\u0105ce, kt\u00f3re zapewnia krystalicznie czysty obraz dzi\u0119ki 4-megapikselowemu progresywnemu przetwornikowi obrazu CMOS.<\/p>\n<p data-start=\"380\" data-end=\"742\">Kamera oferuje zasi\u0119g podczerwieni do 30 metr\u00f3w, dzi\u0119ki czemu nadaje si\u0119 do nadzoru zar\u00f3wno w dzie\u0144, jak i w nocy.<\/p>\n<p data-start=\"380\" data-end=\"742\">Dzi\u0119ki WDR (szerokiemu zakresowi dynamiki) na poziomie 120 dB uzyskasz dobry obraz nawet w trudnych warunkach o\u015bwietleniowych.<\/p>\n<p data-start=\"744\" data-end=\"1039\">Aby zainstalowa\u0107 kamer\u0119, nale\u017cy pod\u0142\u0105czy\u0107 j\u0105 za pomoc\u0105 kabla Ethernet do portu PoE routera lub rejestratora NVR.<\/p>\n<p data-start=\"744\" data-end=\"1039\">Je\u015bli nie u\u017cywasz PoE, pod\u0142\u0105cz kamer\u0119 do zasilania za pomoc\u0105 odpowiedniego zasilacza.<\/p>\n<p data-start=\"744\" data-end=\"1039\">Kamer\u0119 mo\u017cna pod\u0142\u0105czy\u0107 do RISCO Cloud wy\u0142\u0105cznie za po\u015brednictwem VUpoint NVR i aby dzia\u0142a\u0142a prawid\u0142owo, musi by\u0107 skonfigurowana jako kamera \u201eRISCO Pro\u201d.<\/p>\n<p data-start=\"1041\" data-end=\"1196\">Kamera Risco PoE 4MP Eyeball Camera ma wbudowany mikrofon i certyfikat IP67, co oznacza, \u017ce jest odporna na kurz i wod\u0119, dzi\u0119ki czemu doskonale nadaje si\u0119 do u\u017cytku na zewn\u0105trz.<\/p>\n<p data-start=\"1198\" data-end=\"1227\"><strong data-start=\"1198\" data-end=\"1227\">Dane techniczne:<\/strong><\/p>\n<ul data-start=\"1228\" data-end=\"1767\">\n<li data-start=\"1228\" data-end=\"1249\">\n<p data-start=\"1230\" data-end=\"1249\">Model: RVCM72P2100<\/p>\n<\/li>\n<li data-start=\"1250\" data-end=\"1296\">\n<p data-start=\"1252\" data-end=\"1296\">Czujnik obrazu: 1\/3\u201d 4-megapikselowy progresywny CMOS<\/p>\n<\/li>\n<li data-start=\"1297\" data-end=\"1319\">\n<p data-start=\"1299\" data-end=\"1319\">Odleg\u0142o\u015b\u0107 IR: 30 metr\u00f3w<\/p>\n<\/li>\n<li data-start=\"1320\" data-end=\"1339\">\n<p data-start=\"1322\" data-end=\"1339\">Ogniskowa: 2,8 mm<\/p>\n<\/li>\n<li data-start=\"1340\" data-end=\"1374\">\n<p data-start=\"1342\" data-end=\"1374\">WDR: 120 dB (szeroki zakres dynamiki)<\/p>\n<\/li>\n<li data-start=\"1375\" data-end=\"1426\">\n<p data-start=\"1377\" data-end=\"1426\">Aktualizacja oprogramowania: za po\u015brednictwem interfejsu internetowego kamery<\/p>\n<\/li>\n<li data-start=\"1427\" data-end=\"1457\">\n<p data-start=\"1429\" data-end=\"1457\">Zasilanie: 12V DC\/POE<\/p>\n<\/li>\n<li data-start=\"1458\" data-end=\"1483\">\n<p data-start=\"1460\" data-end=\"1483\">Pob\u00f3r mocy: &lt;6,6 W<\/p>\n<\/li>\n<li data-start=\"1484\" data-end=\"1561\">\n<p data-start=\"1486\" data-end=\"1561\">Warunki pracy: -40\u00b0C do 60\u00b0C (-40\u00b0F do 140\u00b0F), wilgotno\u015b\u0107 \u2264 95%<\/p>\n<\/li>\n<li data-start=\"1562\" data-end=\"1618\">\n<p data-start=\"1564\" data-end=\"1618\">Temperatura przechowywania: -40\u00b0C do 60\u00b0C (-40\u00b0F do 140\u00b0F)<\/p>\n<\/li>\n<li data-start=\"1619\" data-end=\"1662\">\n<p data-start=\"1621\" data-end=\"1662\">Ochrona: IP67 (wodoodporno\u015b\u0107 i py\u0142oszczelno\u015b\u0107)<\/p>\n<\/li>\n<li data-start=\"1663\" data-end=\"1693\">\n<p data-start=\"1665\" data-end=\"1693\">Cechy: Wbudowany mikrofon<\/p>\n<\/li>\n<li data-start=\"1694\" data-end=\"1767\">\n<p data-start=\"1696\" data-end=\"1767\">Zgodno\u015b\u0107: RISCO Cloud przez VUpoint NVR (z kamer\u0105 typu \u201eRISCO Pro\u201d)<\/p>\n<\/li>\n<\/ul>\n<p>&nbsp;<\/p>","protected":false},"excerpt":{"rendered":"<p>Kamera Risco PoE 4MP Eyeball to kamera bezpiecze\u0144stwa o wysokiej rozdzielczo\u015bci z 4-megapikselowym przetwornikiem obrazu CMOS i widoczno\u015bci\u0105 w podczerwieni do 30 metr\u00f3w.<\/p>\n<p>Posiada certyfikat IP67 i gwarantuje solidn\u0105 wydajno\u015b\u0107 zar\u00f3wno w pomieszczeniach, jak i na zewn\u0105trz.<\/p>\n<p>Kompatybilny z RISCO Cloud poprzez VUpoint NVR.<\/p>","protected":false},"featured_media":138411,"template":"","meta":{"_acf_changed":false},"product_brand":[],"product_cat":[3192],"product_tag":[],"class_list":{"0":"post-90170","1":"product","2":"type-product","3":"status-publish","4":"has-post-thumbnail","6":"product_cat-risco-ip-kamera","7":"product_shipping_class-tunga-paket","8":"pa_brands-4risco","9":"tm-no-options","11":"first","12":"onbackorder","13":"sale","14":"taxable","15":"shipping-taxable","16":"purchasable","17":"product-type-simple"},"acf":[],"_links":{"self":[{"href":"https:\/\/secureus.se\/pl\/wp-json\/wp\/v2\/product\/90170","targetHints":{"allow":["GET"]}}],"collection":[{"href":"https:\/\/secureus.se\/pl\/wp-json\/wp\/v2\/product"}],"about":[{"href":"https:\/\/secureus.se\/pl\/wp-json\/wp\/v2\/types\/product"}],"wp:featuredmedia":[{"embeddable":true,"href":"https:\/\/secureus.se\/pl\/wp-json\/wp\/v2\/media\/138411"}],"wp:attachment":[{"href":"https:\/\/secureus.se\/pl\/wp-json\/wp\/v2\/media?parent=90170"}],"wp:term":[{"taxonomy":"product_brand","embeddable":true,"href":"https:\/\/secureus.se\/pl\/wp-json\/wp\/v2\/product_brand?post=90170"},{"taxonomy":"product_cat","embeddable":true,"href":"https:\/\/secureus.se\/pl\/wp-json\/wp\/v2\/product_cat?post=90170"},{"taxonomy":"product_tag","embeddable":true,"href":"https:\/\/secureus.se\/pl\/wp-json\/wp\/v2\/product_tag?post=90170"}],"curies":[{"name":"wp","href":"https:\/\/api.w.org\/{rel}","templated":true}]}}