{"id":90172,"date":"2024-03-12T10:37:30","date_gmt":"2024-03-12T09:37:30","guid":{"rendered":"https:\/\/secureus.se\/?post_type=product&#038;p=90172"},"modified":"2025-12-31T21:05:30","modified_gmt":"2025-12-31T20:05:30","slug":"risco-poe-4mp-cube-camera","status":"publish","type":"product","link":"https:\/\/secureus.se\/pl\/risco-poe-4mp-cube-camera\/","title":{"rendered":"Kamera kostkowa Risco PoE 4MP"},"content":{"rendered":"<h1>Kamera kostkowa Risco PoE 4MP<\/h1>\n<p data-start=\"377\" data-end=\"712\">Kamera Risco PoE 4MP Cube zapewnia znakomit\u0105 jako\u015b\u0107 obrazu dzi\u0119ki 4-megapikselowemu przetwornikowi obrazu.<\/p>\n<p data-start=\"377\" data-end=\"712\">Wyposa\u017cono j\u0105 w technologi\u0119 WDR (DWDR), kt\u00f3ra poprawia jako\u015b\u0107 obrazu w trudnych warunkach o\u015bwietleniowych, oraz wbudowany mikrofon umo\u017cliwiaj\u0105cy dwustronn\u0105 komunikacj\u0119.<\/p>\n<p data-start=\"377\" data-end=\"712\">Zasi\u0119g podczerwieni do 10 metr\u00f3w zapewnia wyra\u017an\u0105 widoczno\u015b\u0107 nawet przy s\u0142abym o\u015bwietleniu.<\/p>\n<p data-start=\"714\" data-end=\"1033\">Aby zainstalowa\u0107 kamer\u0119, nale\u017cy pod\u0142\u0105czy\u0107 j\u0105 do routera lub portu PoE w rejestratorze NVR za pomoc\u0105 kabla Ethernet.<\/p>\n<p data-start=\"714\" data-end=\"1033\">Je\u017celi kamera nie b\u0119dzie u\u017cywana z PoE, nale\u017cy j\u0105 zasila\u0107 za pomoc\u0105 odpowiedniego zasilacza.<\/p>\n<p data-start=\"714\" data-end=\"1033\">Aby zapewni\u0107 prawid\u0142owe dzia\u0142anie, kamera musi by\u0107 pod\u0142\u0105czona do RISCO Cloud za po\u015brednictwem VUpoint NVR i skonfigurowana jako kamera \u201eRISCO Pro\u201d.<\/p>\n<p data-start=\"1035\" data-end=\"1155\">Kamera doskonale nadaje si\u0119 do u\u017cytku zar\u00f3wno wewn\u0105trz, jak i na zewn\u0105trz pomieszcze\u0144, zapewniaj\u0105c niezawodny nadz\u00f3r i bezpiecze\u0144stwo.<\/p>\n<p data-start=\"1157\" data-end=\"1186\"><strong data-start=\"1157\" data-end=\"1186\">Dane techniczne:<\/strong><\/p>\n<ul data-start=\"1187\" data-end=\"1495\">\n<li data-start=\"1187\" data-end=\"1208\">\n<p data-start=\"1189\" data-end=\"1208\">Modele: RVCM11P1800<\/p>\n<\/li>\n<li data-start=\"1209\" data-end=\"1249\">\n<p data-start=\"1211\" data-end=\"1249\">WDR: DWDR (Cyfrowy szeroki zakres dynamiki)<\/p>\n<\/li>\n<li data-start=\"1250\" data-end=\"1272\">\n<p data-start=\"1252\" data-end=\"1272\">Wbudowany mikrofon: Tak<\/p>\n<\/li>\n<li data-start=\"1273\" data-end=\"1300\">\n<p data-start=\"1275\" data-end=\"1300\">Odleg\u0142o\u015b\u0107 IR: maks. 10 metr\u00f3w<\/p>\n<\/li>\n<li data-start=\"1301\" data-end=\"1372\">\n<p data-start=\"1303\" data-end=\"1372\">Zasilanie: POE lub zewn\u0119trzny zasilacz (je\u015bli PoE nie jest u\u017cywane)<\/p>\n<\/li>\n<li data-start=\"1373\" data-end=\"1446\">\n<p data-start=\"1375\" data-end=\"1446\">Zgodno\u015b\u0107: RISCO Cloud przez VUpoint NVR (z kamer\u0105 typu \u201eRISCO Pro\u201d)<\/p>\n<\/li>\n<li data-start=\"1447\" data-end=\"1495\">\n<p data-start=\"1449\" data-end=\"1495\">Wymiary: Kompaktowa konstrukcja umo\u017cliwiaj\u0105ca elastyczn\u0105 instalacj\u0119<\/p>\n<\/li>\n<\/ul>","protected":false},"excerpt":{"rendered":"<p>Kamera Risco PoE 4MP Cube to kamera bezpiecze\u0144stwa o wysokiej rozdzielczo\u015bci z 4-megapikselowym przetwornikiem obrazu, wbudowanym mikrofonem i widoczno\u015bci\u0105 w podczerwieni do 10 metr\u00f3w.<\/p>\n<p>Kamera jest kompatybilna z RISCO Cloud za po\u015brednictwem VUpoint NVR i idealnie nadaje si\u0119 do monitorowania zar\u00f3wno wewn\u0105trz, jak i na zewn\u0105trz budynk\u00f3w.<\/p>","protected":false},"featured_media":137905,"template":"","meta":{"_acf_changed":false},"product_brand":[],"product_cat":[3192],"product_tag":[],"class_list":{"0":"post-90172","1":"product","2":"type-product","3":"status-publish","4":"has-post-thumbnail","6":"product_cat-risco-ip-kamera","7":"product_shipping_class-tunga-paket","8":"pa_brands-4risco","9":"tm-no-options","11":"first","12":"instock","13":"sale","14":"taxable","15":"shipping-taxable","16":"purchasable","17":"product-type-simple"},"acf":[],"_links":{"self":[{"href":"https:\/\/secureus.se\/pl\/wp-json\/wp\/v2\/product\/90172","targetHints":{"allow":["GET"]}}],"collection":[{"href":"https:\/\/secureus.se\/pl\/wp-json\/wp\/v2\/product"}],"about":[{"href":"https:\/\/secureus.se\/pl\/wp-json\/wp\/v2\/types\/product"}],"wp:featuredmedia":[{"embeddable":true,"href":"https:\/\/secureus.se\/pl\/wp-json\/wp\/v2\/media\/137905"}],"wp:attachment":[{"href":"https:\/\/secureus.se\/pl\/wp-json\/wp\/v2\/media?parent=90172"}],"wp:term":[{"taxonomy":"product_brand","embeddable":true,"href":"https:\/\/secureus.se\/pl\/wp-json\/wp\/v2\/product_brand?post=90172"},{"taxonomy":"product_cat","embeddable":true,"href":"https:\/\/secureus.se\/pl\/wp-json\/wp\/v2\/product_cat?post=90172"},{"taxonomy":"product_tag","embeddable":true,"href":"https:\/\/secureus.se\/pl\/wp-json\/wp\/v2\/product_tag?post=90172"}],"curies":[{"name":"wp","href":"https:\/\/api.w.org\/{rel}","templated":true}]}}