{"id":90175,"date":"2024-03-12T10:37:30","date_gmt":"2024-03-12T09:37:30","guid":{"rendered":"https:\/\/secureus.se\/?post_type=product&#038;p=90175"},"modified":"2026-04-21T13:03:44","modified_gmt":"2026-04-21T11:03:44","slug":"risco-poe-4mp-bullet-camera","status":"publish","type":"product","link":"https:\/\/secureus.se\/pl\/risco-poe-4mp-bullet-camera\/","title":{"rendered":"Kamera typu Bullet 4MP firmy Risco PoE"},"content":{"rendered":"<h1>Kamera typu Bullet 4MP firmy Risco PoE<\/h1>\n<p data-start=\"356\" data-end=\"751\">Kamera typu bullet Risco PoE 4MP zapewnia krystalicznie czysty obraz dzi\u0119ki 4-megapikselowemu progresywnemu przetwornikowi obrazu CMOS.<\/p>\n<p data-start=\"356\" data-end=\"751\">Zasi\u0119g podczerwieni wynosi do 30 metr\u00f3w, co zapewnia doskona\u0142\u0105 widoczno\u015b\u0107 nawet w ciemno\u015bci.<\/p>\n<p data-start=\"356\" data-end=\"751\">Kamera wyposa\u017cona jest w funkcj\u0119 WDR (szeroki zakres dynamiki) o warto\u015bci 120 dB, co pozwala jej radzi\u0107 sobie w trudnych warunkach o\u015bwietleniowych, na przyk\u0142ad w jasnym \u015bwietle s\u0142onecznym lub w zacienionych miejscach.<\/p>\n<p data-start=\"753\" data-end=\"1036\">Aby zainstalowa\u0107 kamer\u0119, nale\u017cy j\u0105 pod\u0142\u0105czy\u0107 za pomoc\u0105 kabla Ethernet do routera lub portu PoE w rejestratorze NVR.<\/p>\n<p data-start=\"753\" data-end=\"1036\">Je\u015bli nie korzystamy z funkcji PoE, kamer\u0119 zasilamy za pomoc\u0105 odpowiedniego zasilacza.<\/p>\n<p data-start=\"753\" data-end=\"1036\">Kamera posiada certyfikat IP67, dzi\u0119ki czemu jest wodoodporna i py\u0142oszczelna, doskonale nadaj\u0105c si\u0119 do u\u017cytku na zewn\u0105trz i w trudnych warunkach.<\/p>\n<p data-start=\"1038\" data-end=\"1067\"><strong data-start=\"1038\" data-end=\"1067\">Dane techniczne:<\/strong><\/p>\n<ul data-start=\"1068\" data-end=\"1504\">\n<li data-start=\"1068\" data-end=\"1089\">\n<p data-start=\"1070\" data-end=\"1089\">Model: RVCM52P2000<\/p>\n<\/li>\n<li data-start=\"1090\" data-end=\"1136\">\n<p data-start=\"1092\" data-end=\"1136\">Czujnik obrazu: 1\/3\u201d 4-megapikselowy progresywny CMOS<\/p>\n<\/li>\n<li data-start=\"1137\" data-end=\"1159\">\n<p data-start=\"1139\" data-end=\"1159\">Odleg\u0142o\u015b\u0107 IR: 30 metr\u00f3w<\/p>\n<\/li>\n<li data-start=\"1160\" data-end=\"1179\">\n<p data-start=\"1162\" data-end=\"1179\">Ogniskowa: 2,8 mm<\/p>\n<\/li>\n<li data-start=\"1180\" data-end=\"1214\">\n<p data-start=\"1182\" data-end=\"1214\">WDR: 120 dB (szeroki zakres dynamiki)<\/p>\n<\/li>\n<li data-start=\"1215\" data-end=\"1266\">\n<p data-start=\"1217\" data-end=\"1266\">Aktualizacja oprogramowania: za po\u015brednictwem interfejsu internetowego kamery<\/p>\n<\/li>\n<li data-start=\"1267\" data-end=\"1299\">\n<p data-start=\"1269\" data-end=\"1299\">Zasilanie: 12V DC \/ PoE<\/p>\n<\/li>\n<li data-start=\"1300\" data-end=\"1325\">\n<p data-start=\"1302\" data-end=\"1325\">Pob\u00f3r mocy: &lt;5,0 W<\/p>\n<\/li>\n<li data-start=\"1326\" data-end=\"1403\">\n<p data-start=\"1328\" data-end=\"1403\">Warunki pracy: od -40\u00b0C do 55\u00b0C (od -40\u00b0F do 131\u00b0F), wilgotno\u015b\u0107 \u2264 95%<\/p>\n<\/li>\n<li data-start=\"1404\" data-end=\"1460\">\n<p data-start=\"1406\" data-end=\"1460\">Temperatura przechowywania: -40\u00b0C do 60\u00b0C (-40\u00b0F do 140\u00b0F)<\/p>\n<\/li>\n<li data-start=\"1461\" data-end=\"1504\">\n<p data-start=\"1463\" data-end=\"1504\">Ochrona: IP67 (wodoodporno\u015b\u0107 i py\u0142oszczelno\u015b\u0107)<\/p>\n<\/li>\n<\/ul>","protected":false},"excerpt":{"rendered":"<p>Kamera typu Bullet Risco PoE 4MP to kamera bezpiecze\u0144stwa o wysokiej rozdzielczo\u015bci z 4-megapikselowym przetwornikiem obrazu CMOS i widoczno\u015bci\u0105 w podczerwieni do 30 metr\u00f3w.<\/p>\n<p>Kamera wykorzystuje technologi\u0119 WDR i posiada certyfikat IP67 gwarantuj\u0105cy niezawodn\u0105 prac\u0119 zar\u00f3wno wewn\u0105trz, jak i na zewn\u0105trz pomieszcze\u0144.<\/p>","protected":false},"featured_media":138418,"template":"","meta":{"_acf_changed":false},"product_brand":[],"product_cat":[3192],"product_tag":[],"class_list":{"0":"post-90175","1":"product","2":"type-product","3":"status-publish","4":"has-post-thumbnail","6":"product_cat-risco-ip-kamera","7":"product_shipping_class-tunga-paket","8":"pa_brands-4risco","9":"tm-no-options","11":"first","12":"onbackorder","13":"sale","14":"taxable","15":"shipping-taxable","16":"purchasable","17":"product-type-simple"},"acf":[],"_links":{"self":[{"href":"https:\/\/secureus.se\/pl\/wp-json\/wp\/v2\/product\/90175","targetHints":{"allow":["GET"]}}],"collection":[{"href":"https:\/\/secureus.se\/pl\/wp-json\/wp\/v2\/product"}],"about":[{"href":"https:\/\/secureus.se\/pl\/wp-json\/wp\/v2\/types\/product"}],"wp:featuredmedia":[{"embeddable":true,"href":"https:\/\/secureus.se\/pl\/wp-json\/wp\/v2\/media\/138418"}],"wp:attachment":[{"href":"https:\/\/secureus.se\/pl\/wp-json\/wp\/v2\/media?parent=90175"}],"wp:term":[{"taxonomy":"product_brand","embeddable":true,"href":"https:\/\/secureus.se\/pl\/wp-json\/wp\/v2\/product_brand?post=90175"},{"taxonomy":"product_cat","embeddable":true,"href":"https:\/\/secureus.se\/pl\/wp-json\/wp\/v2\/product_cat?post=90175"},{"taxonomy":"product_tag","embeddable":true,"href":"https:\/\/secureus.se\/pl\/wp-json\/wp\/v2\/product_tag?post=90175"}],"curies":[{"name":"wp","href":"https:\/\/api.w.org\/{rel}","templated":true}]}}