{"id":90177,"date":"2024-03-12T10:37:24","date_gmt":"2024-03-12T09:37:24","guid":{"rendered":"https:\/\/secureus.se\/?post_type=product&#038;p=90177"},"modified":"2026-04-21T14:58:56","modified_gmt":"2026-04-21T12:58:56","slug":"risco-bullet-4mp-varifocal-poe-network-camera","status":"publish","type":"product","link":"https:\/\/secureus.se\/pl\/risco-bullet-4mp-varifocal-poe-network-camera\/","title":{"rendered":"Kamera sieciowa Risco Bullet 4 MP ze zmiennoogniskow\u0105 funkcj\u0105 PoE"},"content":{"rendered":"<h1>Kamera sieciowa Risco Bullet 4 MP ze zmiennoogniskow\u0105 funkcj\u0105 PoE<\/h1>\n<p data-start=\"369\" data-end=\"794\">Kamera sieciowa Risco Bullet 4MP Varifocal PoE to zaawansowana kamera bezpiecze\u0144stwa zaprojektowana do zapewniania nadzoru o wysokiej rozdzielczo\u015bci dzi\u0119ki 4-megapikselowemu progresywnemu przetwornikowi obrazu CMOS.<\/p>\n<p data-start=\"369\" data-end=\"794\">Kamera ma regulowan\u0105 ogniskow\u0105 w zakresie od 2,8 mm do 12 mm, co pozwala na dostosowanie pola widzenia w zale\u017cno\u015bci od potrzeb zwi\u0105zanych z nadzorem.<\/p>\n<p data-start=\"369\" data-end=\"794\">Dzi\u0119ki zasi\u0119gowi podczerwieni do 50 metr\u00f3w kamera zapewnia wyra\u017any obraz wysokiej jako\u015bci nawet w warunkach s\u0142abego o\u015bwietlenia.<\/p>\n<p data-start=\"796\" data-end=\"1070\">Kamera jest kompatybilna z RISCO Cloud, ale aby po\u0142\u0105czy\u0107 j\u0105 z RISCO Cloud, nale\u017cy j\u0105 pod\u0142\u0105czy\u0107 do rejestratora VUpoint NVR.<\/p>\n<p data-start=\"796\" data-end=\"1070\">Instalacja odbywa si\u0119 za po\u015brednictwem portu Ethernet i funkcji PoE (Power over Ethernet), co u\u0142atwia pod\u0142\u0105czenie i zasilanie kamery za pomoc\u0105 kabla sieciowego.<\/p>\n<p data-start=\"1072\" data-end=\"1383\">Kamera wykorzystuje tak\u017ce technologi\u0119 szerokiego zakresu dynamiki (WDR) 120 dB, kt\u00f3ra poprawia jako\u015b\u0107 obrazu w trudnych warunkach o\u015bwietleniowych i zapewnia wyra\u017any i ostry obraz niezale\u017cnie od poziomu o\u015bwietlenia.<\/p>\n<p data-start=\"1072\" data-end=\"1383\">Urz\u0105dzenie posiada certyfikat IP67, co oznacza, \u017ce jest wodoodporne i py\u0142oszczelne \u2013 doskonale nadaje si\u0119 do u\u017cytku zar\u00f3wno wewn\u0105trz, jak i na zewn\u0105trz.<\/p>\n<p data-start=\"1385\" data-end=\"1414\"><strong data-start=\"1385\" data-end=\"1414\">Dane techniczne:<\/strong><\/p>\n<ul data-start=\"1415\" data-end=\"1870\">\n<li data-start=\"1415\" data-end=\"1436\">\n<p data-start=\"1417\" data-end=\"1436\">Model: RVCM52P2200<\/p>\n<\/li>\n<li data-start=\"1437\" data-end=\"1484\">\n<p data-start=\"1439\" data-end=\"1484\">Czujnik obrazu: 1\/2,7\u201d 4-megapikselowy progresywny CMOS<\/p>\n<\/li>\n<li data-start=\"1485\" data-end=\"1503\">\n<p data-start=\"1487\" data-end=\"1503\">Odleg\u0142o\u015b\u0107 IR: 50m<\/p>\n<\/li>\n<li data-start=\"1504\" data-end=\"1543\">\n<p data-start=\"1506\" data-end=\"1543\">Ogniskowa: 2,8 mm \u2013 12 mm (regulowana)<\/p>\n<\/li>\n<li data-start=\"1544\" data-end=\"1578\">\n<p data-start=\"1546\" data-end=\"1578\">WDR: 120 dB (szeroki zakres dynamiki)<\/p>\n<\/li>\n<li data-start=\"1579\" data-end=\"1630\">\n<p data-start=\"1581\" data-end=\"1630\">Aktualizacja oprogramowania: za po\u015brednictwem interfejsu internetowego kamery<\/p>\n<\/li>\n<li data-start=\"1631\" data-end=\"1663\">\n<p data-start=\"1633\" data-end=\"1663\">Zasilanie: 12V DC \/ PoE<\/p>\n<\/li>\n<li data-start=\"1664\" data-end=\"1689\">\n<p data-start=\"1666\" data-end=\"1689\">Pob\u00f3r mocy: &lt;5,4 W<\/p>\n<\/li>\n<li data-start=\"1690\" data-end=\"1767\">\n<p data-start=\"1692\" data-end=\"1767\">Warunki pracy: -40\u00b0C do 60\u00b0C (-40\u00b0F do 140\u00b0F), wilgotno\u015b\u0107 \u2264 95%<\/p>\n<\/li>\n<li data-start=\"1768\" data-end=\"1824\">\n<p data-start=\"1770\" data-end=\"1824\">Temperatura przechowywania: -40\u00b0C do 60\u00b0C (-40\u00b0F do 140\u00b0F)<\/p>\n<\/li>\n<li data-start=\"1825\" data-end=\"1838\">\n<p data-start=\"1827\" data-end=\"1838\">Ochrona: IP67<\/p>\n<\/li>\n<li data-start=\"1839\" data-end=\"1870\">\n<p data-start=\"1841\" data-end=\"1870\">Pami\u0119\u0107: Micro SD, maks. 256 GB<\/p>\n<\/li>\n<\/ul>","protected":false},"excerpt":{"rendered":"<p>Kamera sieciowa Risco Bullet 4MP Varifocal PoE to kamera bezpiecze\u0144stwa o wysokiej rozdzielczo\u015bci, regulowanej ogniskowej i widoczno\u015bci w podczerwieni do 50 metr\u00f3w.<\/p>\n<p>Jest kompatybilny z RISCO Cloud za po\u015brednictwem VUpoint NVR i oferuje solidn\u0105 ochron\u0119, potwierdzon\u0105 certyfikatem IP67.<\/p>","protected":false},"featured_media":138445,"template":"","meta":{"_acf_changed":false},"product_brand":[],"product_cat":[3192],"product_tag":[],"class_list":{"0":"post-90177","1":"product","2":"type-product","3":"status-publish","4":"has-post-thumbnail","6":"product_cat-risco-ip-kamera","7":"product_shipping_class-tunga-paket","8":"pa_brands-4risco","9":"tm-no-options","11":"first","12":"instock","13":"sale","14":"taxable","15":"shipping-taxable","16":"purchasable","17":"product-type-simple"},"acf":[],"_links":{"self":[{"href":"https:\/\/secureus.se\/pl\/wp-json\/wp\/v2\/product\/90177","targetHints":{"allow":["GET"]}}],"collection":[{"href":"https:\/\/secureus.se\/pl\/wp-json\/wp\/v2\/product"}],"about":[{"href":"https:\/\/secureus.se\/pl\/wp-json\/wp\/v2\/types\/product"}],"wp:featuredmedia":[{"embeddable":true,"href":"https:\/\/secureus.se\/pl\/wp-json\/wp\/v2\/media\/138445"}],"wp:attachment":[{"href":"https:\/\/secureus.se\/pl\/wp-json\/wp\/v2\/media?parent=90177"}],"wp:term":[{"taxonomy":"product_brand","embeddable":true,"href":"https:\/\/secureus.se\/pl\/wp-json\/wp\/v2\/product_brand?post=90177"},{"taxonomy":"product_cat","embeddable":true,"href":"https:\/\/secureus.se\/pl\/wp-json\/wp\/v2\/product_cat?post=90177"},{"taxonomy":"product_tag","embeddable":true,"href":"https:\/\/secureus.se\/pl\/wp-json\/wp\/v2\/product_tag?post=90177"}],"curies":[{"name":"wp","href":"https:\/\/api.w.org\/{rel}","templated":true}]}}