{"id":90185,"date":"2024-03-12T10:37:30","date_gmt":"2024-03-12T09:37:30","guid":{"rendered":"https:\/\/secureus.se\/?post_type=product&#038;p=90185"},"modified":"2025-12-31T21:03:12","modified_gmt":"2025-12-31T20:03:12","slug":"risco-vupoint-nvr-poe-8-channel","status":"publish","type":"product","link":"https:\/\/secureus.se\/pl\/risco-vupoint-nvr-poe-8-channel\/","title":{"rendered":"Risco VUPoint NVR PoE 8 kana\u0142\u00f3w"},"content":{"rendered":"<h1>Risco VUPoint NVR PoE 8 kana\u0142\u00f3w<\/h1>\n<p data-start=\"323\" data-end=\"609\">Urz\u0105dzenie 8-kana\u0142owe Risco VUPoint NVR PoE to wydajne i niezawodne rozwi\u0105zanie do zarz\u0105dzania nadzorem wideo.<\/p>\n<p data-start=\"323\" data-end=\"609\">Mo\u017ce zasila\u0107 do 8 kamer zgodnych ze standardem PoE i oferuje pami\u0119\u0107 masow\u0105 o pojemno\u015bci do 6 TB poprzez wewn\u0119trzny port SATA III (dysk twardy sprzedawany oddzielnie).<\/p>\n<p data-start=\"611\" data-end=\"928\">Urz\u0105dzenie zu\u017cywa mniej ni\u017c 8,3 W energii bez dysku twardego i obs\u0142uguje technologi\u0119 PoE, zapewniaj\u0105c do 25,5 W mocy na port i \u0142\u0105cznie 80 W dla wersji 8-kana\u0142owej.<\/p>\n<p data-start=\"611\" data-end=\"928\">Rejestrator NVR Risco VUPoint zosta\u0142 zaprojektowany do pracy w szerokim zakresie temperatur od -10\u00b0C do +55\u00b0C, dzi\u0119ki czemu nadaje si\u0119 do instalacji zar\u00f3wno wewn\u0105trz, jak i na zewn\u0105trz.<\/p>\n<p data-start=\"930\" data-end=\"1192\">Dzi\u0119ki kompaktowej i solidnej konstrukcji urz\u0105dzenie to posiada certyfikat bezpiecznego u\u017cytkowania i spe\u0142nia wymagania CE i FCC.<\/p>\n<p data-start=\"930\" data-end=\"1192\">Pami\u0119\u0107 masow\u0105 mo\u017cna \u0142atwo rozszerzy\u0107 poprzez pod\u0142\u0105czenie dysku twardego o pojemno\u015bci do 6 TB, co czyni urz\u0105dzenie idealnym do du\u017cych instalacji zabezpieczaj\u0105cych.<\/p>\n<p data-start=\"1194\" data-end=\"1223\"><strong data-start=\"1194\" data-end=\"1223\">Dane techniczne:<\/strong><\/p>\n<ul data-start=\"1224\" data-end=\"1834\">\n<li data-start=\"1224\" data-end=\"1246\">\n<p data-start=\"1226\" data-end=\"1246\">Model: RVNVR08002QB<\/p>\n<\/li>\n<li data-start=\"1247\" data-end=\"1276\">\n<p data-start=\"1249\" data-end=\"1276\">Liczba kana\u0142\u00f3w: 8-kana\u0142owy NVR<\/p>\n<\/li>\n<li data-start=\"1277\" data-end=\"1348\">\n<p data-start=\"1279\" data-end=\"1348\">Pami\u0119\u0107 masowa: wewn\u0119trzny port SATA III, do 6TB (dysk twardy sprzedawany oddzielnie)<\/p>\n<\/li>\n<li data-start=\"1349\" data-end=\"1379\">\n<p data-start=\"1351\" data-end=\"1379\">Zasilanie: DC48V\/1,5A<\/p>\n<\/li>\n<li data-start=\"1380\" data-end=\"1476\">\n<p data-start=\"1382\" data-end=\"1399\">Pob\u00f3r mocy:<\/p>\n<ul data-start=\"1403\" data-end=\"1476\">\n<li data-start=\"1403\" data-end=\"1435\">\n<p data-start=\"1405\" data-end=\"1435\">8-kana\u0142owy rejestrator NVR: &lt;8,3 W (bez dysku twardego)<\/p>\n<\/li>\n<li data-start=\"1439\" data-end=\"1476\">\n<p data-start=\"1441\" data-end=\"1476\">PoE: maks. 25,5 W na port, \u0142\u0105cznie 80 W<\/p>\n<\/li>\n<\/ul>\n<\/li>\n<li data-start=\"1477\" data-end=\"1556\">\n<p data-start=\"1479\" data-end=\"1556\">Warunki pracy: -10\u00b0C do +55\u00b0C (+14\u00b0F do +131\u00b0F), wilgotno\u015b\u0107 \u2264 95%<\/p>\n<\/li>\n<li data-start=\"1557\" data-end=\"1628\">\n<p data-start=\"1559\" data-end=\"1628\">Warunki przechowywania: -20\u00b0C do +70\u00b0C (-4\u00b0F do +158\u00b0F), 0 ~ 90% RH<\/p>\n<\/li>\n<li data-start=\"1629\" data-end=\"1683\">\n<p data-start=\"1631\" data-end=\"1683\">Wymiary: 270 mm x 204,7 mm x 45,7 mm (10,6\u2033 x 8,1\u2033 x 1,8\u2033)<\/p>\n<\/li>\n<li data-start=\"1684\" data-end=\"1716\">\n<p data-start=\"1686\" data-end=\"1716\">Masa netto: 0,65 kg (bez dysku twardego)<\/p>\n<\/li>\n<li data-start=\"1717\" data-end=\"1749\">\n<p data-start=\"1719\" data-end=\"1749\">Masa brutto: 1,8 kg (bez dysku twardego)<\/p>\n<\/li>\n<li data-start=\"1750\" data-end=\"1834\">\n<p data-start=\"1752\" data-end=\"1834\">Certyfikacja: CE EN55032, EN55024, EN50130-4, EN60950-1, FCC cz\u0119\u015b\u0107 15 podcz\u0119\u015b\u0107 B<\/p>\n<\/li>\n<\/ul>","protected":false},"excerpt":{"rendered":"<p>Urz\u0105dzenie Risco VUPoint NVR PoE 8-kana\u0142owe to wydajne rozwi\u0105zanie do monitoringu wideo, przeznaczone do zasilania kamer zgodnych z PoE i oferuj\u0105ce do 6 TB pami\u0119ci masowej przez port SATA III.<\/p>\n<p>Dysk twardy sprzedawany oddzielnie.<\/p>\n<div id=\"gtx-trans\" style=\"position: absolute;left: 120px;top: 106.391px\">\n<div class=\"gtx-trans-icon\"><\/div>\n<\/div>","protected":false},"featured_media":138320,"template":"","meta":{"_acf_changed":false},"product_brand":[],"product_cat":[3250],"product_tag":[],"class_list":{"0":"post-90185","1":"product","2":"type-product","3":"status-publish","4":"has-post-thumbnail","6":"product_cat-risco-nvr","7":"product_shipping_class-tunga-paket","8":"pa_brands-4risco","9":"tm-no-options","11":"first","12":"outofstock","13":"sale","14":"taxable","15":"shipping-taxable","16":"purchasable","17":"product-type-simple"},"acf":[],"_links":{"self":[{"href":"https:\/\/secureus.se\/pl\/wp-json\/wp\/v2\/product\/90185","targetHints":{"allow":["GET"]}}],"collection":[{"href":"https:\/\/secureus.se\/pl\/wp-json\/wp\/v2\/product"}],"about":[{"href":"https:\/\/secureus.se\/pl\/wp-json\/wp\/v2\/types\/product"}],"wp:featuredmedia":[{"embeddable":true,"href":"https:\/\/secureus.se\/pl\/wp-json\/wp\/v2\/media\/138320"}],"wp:attachment":[{"href":"https:\/\/secureus.se\/pl\/wp-json\/wp\/v2\/media?parent=90185"}],"wp:term":[{"taxonomy":"product_brand","embeddable":true,"href":"https:\/\/secureus.se\/pl\/wp-json\/wp\/v2\/product_brand?post=90185"},{"taxonomy":"product_cat","embeddable":true,"href":"https:\/\/secureus.se\/pl\/wp-json\/wp\/v2\/product_cat?post=90185"},{"taxonomy":"product_tag","embeddable":true,"href":"https:\/\/secureus.se\/pl\/wp-json\/wp\/v2\/product_tag?post=90185"}],"curies":[{"name":"wp","href":"https:\/\/api.w.org\/{rel}","templated":true}]}}