{"id":90212,"date":"2024-03-13T12:08:59","date_gmt":"2024-03-13T11:08:59","guid":{"rendered":"https:\/\/secureus.se\/batteri-45ah-helios-12v-8-10-ar\/"},"modified":"2026-04-20T10:19:39","modified_gmt":"2026-04-20T08:19:39","slug":"helios-12v-45ah-agm-batteri-vrla-8-10-ar","status":"publish","type":"product","link":"https:\/\/secureus.se\/pl\/helios-12v-45ah-agm-batteri-vrla-8-10-ar\/","title":{"rendered":"Akumulator 12V 45Ah HELIOS 8\u201310 lat Wersja Pro"},"content":{"rendered":"<p data-start=\"550\" data-end=\"907\">Akumulator HELIOS 12 V 45 Ah AGM (VRLA) to wytrzyma\u0142y, regulowany zaworami i bezobs\u0142ugowy akumulator kwasowo-o\u0142owiowy, opracowany do u\u017cytku profesjonalnego w systemach, w kt\u00f3rych niezawodno\u015b\u0107 dzia\u0142ania ma kluczowe znaczenie.<br data-start=\"725\" data-end=\"728\" \/>Z <strong data-start=\"735\" data-end=\"774\">projektowana \u017cywotno\u015b\u0107 do 8\u201310 lat<\/strong> Akumulator ten doskonale nadaje si\u0119 do stosowania w centrach alarmowych, systemach UPS, systemach telekomunikacyjnych i innych urz\u0105dzeniach 12 V wymagaj\u0105cych ci\u0105g\u0142ej gotowo\u015bci.<\/p>\n<p data-start=\"909\" data-end=\"1209\">Uszczelniony system AGM (Absorbent Glass Mat) sprawia, \u017ce akumulator jest ca\u0142kowicie szczelny i odporny na wibracje, co gwarantuje bezproblemow\u0105 prac\u0119 nawet w trudnych warunkach.<br data-start=\"1069\" data-end=\"1072\" \/>Niska awaryjno\u015b\u0107 (&lt;0,03 %) i wysoka kontrola jako\u015bci sprawiaj\u0105, \u017ce seria HELIOS jest niezawodnym wyborem zar\u00f3wno dla firm, jak i profesjonalnych instalator\u00f3w.<\/p>\n<hr data-start=\"1211\" data-end=\"1214\" \/>\n<h3 data-start=\"1216\" data-end=\"1261\"><strong data-start=\"1220\" data-end=\"1261\">Dlaczego warto wybra\u0107 akumulator HELIOS 45Ah AGM?<\/strong><\/h3>\n<ul data-start=\"1263\" data-end=\"1649\">\n<li data-start=\"1263\" data-end=\"1344\">\n<p data-start=\"1265\" data-end=\"1344\"><strong data-start=\"1265\" data-end=\"1291\">D\u0142uga \u017cywotno\u015b\u0107 8\u201310 lat<\/strong> \u2013 idealne do system\u00f3w o znaczeniu krytycznym i pracy w trybie gotowo\u015bci.<\/p>\n<\/li>\n<li data-start=\"1345\" data-end=\"1426\">\n<p data-start=\"1347\" data-end=\"1426\"><strong data-start=\"1347\" data-end=\"1375\">Bezobs\u0142ugowy VRLA-AGM<\/strong> \u2013 ca\u0142kowicie szczelne, nie wymaga nape\u0142niania p\u0142ynem.<\/p>\n<\/li>\n<li data-start=\"1427\" data-end=\"1498\">\n<p data-start=\"1429\" data-end=\"1498\"><strong data-start=\"1429\" data-end=\"1454\">Stabilna krzywa napi\u0119cia<\/strong> \u2013 zapewnia p\u0142ynne i niezawodne zasilanie.<\/p>\n<\/li>\n<li data-start=\"1499\" data-end=\"1581\">\n<p data-start=\"1501\" data-end=\"1581\"><strong data-start=\"1501\" data-end=\"1524\">Niskie samoroz\u0142adowanie<\/strong> \u2013 idealne do zasilania awaryjnego i system\u00f3w rzadko uruchamianych.<\/p>\n<\/li>\n<li data-start=\"1582\" data-end=\"1649\">\n<p data-start=\"1584\" data-end=\"1649\"><strong data-start=\"1584\" data-end=\"1603\">Gwarancja jako\u015bci<\/strong> \u2013 produkcja zgodnie z normami ISO 9000\/14000\/18000.<\/p>\n<\/li>\n<\/ul>\n<hr data-start=\"1651\" data-end=\"1654\" \/>\n<h3 data-start=\"1656\" data-end=\"1690\"><strong data-start=\"1660\" data-end=\"1690\">Typowe zastosowania<\/strong><\/h3>\n<ul data-start=\"1692\" data-end=\"1933\">\n<li data-start=\"1692\" data-end=\"1736\">\n<p data-start=\"1694\" data-end=\"1736\">Panele alarmowe, syreny i systemy dost\u0119pu<\/p>\n<\/li>\n<li data-start=\"1737\" data-end=\"1767\">\n<p data-start=\"1739\" data-end=\"1767\">UPS i rozwi\u0105zania zasilania awaryjnego<\/p>\n<\/li>\n<li data-start=\"1768\" data-end=\"1811\">\n<p data-start=\"1770\" data-end=\"1811\">Sprz\u0119t telekomunikacyjny i sieciowy<\/p>\n<\/li>\n<li data-start=\"1812\" data-end=\"1843\">\n<p data-start=\"1814\" data-end=\"1843\">Systemy wsparcia montowane na pojazdach<\/p>\n<\/li>\n<li data-start=\"1844\" data-end=\"1887\">\n<p data-start=\"1846\" data-end=\"1887\">O\u015bwietlenie, o\u015bwietlenie awaryjne i zasilanie rezerwowe<\/p>\n<\/li>\n<li data-start=\"1888\" data-end=\"1933\">\n<p data-start=\"1890\" data-end=\"1933\">Ogrodzenia elektryczne i zastosowania przemys\u0142owe<\/p>\n<\/li>\n<\/ul>\n<hr data-start=\"1935\" data-end=\"1938\" \/>\n<h3 data-start=\"1940\" data-end=\"1961\"><strong data-start=\"1944\" data-end=\"1961\">Dane techniczne<\/strong><\/h3>\n<div class=\"_tableContainer_1rjym_1\">\n<div class=\"group _tableWrapper_1rjym_13 flex w-fit flex-col-reverse\">\n<table class=\"w-fit min-w-(--thread-content-width)\" data-start=\"1963\" data-end=\"2506\">\n<thead data-start=\"1963\" data-end=\"1983\">\n<tr data-start=\"1963\" data-end=\"1983\">\n<th data-start=\"1963\" data-end=\"1974\" data-col-size=\"sm\">Nieruchomo\u015b\u0107<\/th>\n<th data-start=\"1974\" data-end=\"1983\" data-col-size=\"md\">Warto\u015b\u0107<\/th>\n<\/tr>\n<\/thead>\n<tbody data-start=\"2007\" data-end=\"2506\">\n<tr data-start=\"2007\" data-end=\"2031\">\n<td data-start=\"2007\" data-end=\"2023\" data-col-size=\"sm\"><strong data-start=\"2009\" data-end=\"2022\">Wolta\u017c:<\/strong><\/td>\n<td data-start=\"2023\" data-end=\"2031\" data-col-size=\"md\">12V<\/td>\n<\/tr>\n<tr data-start=\"2032\" data-end=\"2058\">\n<td data-start=\"2032\" data-end=\"2049\" data-col-size=\"sm\"><strong data-start=\"2034\" data-end=\"2048\">Pojemno\u015b\u0107:<\/strong><\/td>\n<td data-start=\"2049\" data-end=\"2058\" data-col-size=\"md\">45 Ah<\/td>\n<\/tr>\n<tr data-start=\"2059\" data-end=\"2141\">\n<td data-start=\"2059\" data-end=\"2077\" data-col-size=\"sm\"><strong data-start=\"2061\" data-end=\"2076\">Typ baterii:<\/strong><\/td>\n<td data-start=\"2077\" data-end=\"2141\" data-col-size=\"md\">AGM (akumulator kwasowo-o\u0142owiowy z regulowanym zaworem, uszczelniony \/ bezobs\u0142ugowy)<\/td>\n<\/tr>\n<tr data-start=\"2142\" data-end=\"2176\">\n<td data-start=\"2142\" data-end=\"2165\" data-col-size=\"sm\"><strong data-start=\"2144\" data-end=\"2164\">Projekt \u017cycia:<\/strong><\/td>\n<td data-col-size=\"md\" data-start=\"2165\" data-end=\"2176\">8\u201310 lat<\/td>\n<\/tr>\n<tr data-start=\"2177\" data-end=\"2219\">\n<td data-start=\"2177\" data-end=\"2197\" data-col-size=\"sm\"><strong data-start=\"2179\" data-end=\"2196\">Wymiary (d\u0142. \u00d7 szer. \u00d7 wys.):<\/strong><\/td>\n<td data-start=\"2197\" data-end=\"2219\" data-col-size=\"md\">216 \u00d7 186 \u00d7 226 mm<\/td>\n<\/tr>\n<tr data-start=\"2220\" data-end=\"2246\">\n<td data-start=\"2220\" data-end=\"2232\" data-col-size=\"sm\"><strong data-start=\"2222\" data-end=\"2231\">Waga:<\/strong><\/td>\n<td data-start=\"2232\" data-end=\"2246\" data-col-size=\"md\">oko\u0142o 13,7 kg<\/td>\n<\/tr>\n<tr data-start=\"2247\" data-end=\"2285\">\n<td data-start=\"2247\" data-end=\"2261\" data-col-size=\"sm\"><strong data-start=\"2249\" data-end=\"2260\">Typ s\u0142upa:<\/strong><\/td>\n<td data-start=\"2261\" data-end=\"2285\" data-col-size=\"md\">Zacisk \u015brubowy (M6)<\/td>\n<\/tr>\n<tr data-start=\"2286\" data-end=\"2318\">\n<td data-start=\"2286\" data-end=\"2299\" data-col-size=\"sm\"><strong data-start=\"2288\" data-end=\"2298\">Ok\u0142adka:<\/strong><\/td>\n<td data-start=\"2299\" data-end=\"2318\" data-col-size=\"md\">Czarny plastik ABS<\/td>\n<\/tr>\n<tr data-start=\"2319\" data-end=\"2363\">\n<td data-start=\"2319\" data-end=\"2339\" data-col-size=\"sm\"><strong data-start=\"2321\" data-end=\"2338\">Wsp\u00f3\u0142czynnik awaryjno\u015bci:<\/strong><\/td>\n<td data-start=\"2339\" data-end=\"2363\" data-col-size=\"md\">&lt; 0,03 % z fabryki<\/td>\n<\/tr>\n<tr data-start=\"2364\" data-end=\"2433\">\n<td data-start=\"2364\" data-end=\"2386\" data-col-size=\"sm\"><strong data-start=\"2366\" data-end=\"2385\">Certyfikaty:<\/strong><\/td>\n<td data-start=\"2386\" data-end=\"2433\" data-col-size=\"md\">CE, UL, RoHS, ISO9000 \/ ISO14000 \/ ISO18000<\/td>\n<\/tr>\n<tr data-start=\"2434\" data-end=\"2470\">\n<td data-start=\"2434\" data-end=\"2461\" data-col-size=\"sm\"><strong data-start=\"2436\" data-end=\"2460\">Numer artyku\u0142u (SKU):<\/strong><\/td>\n<td data-start=\"2461\" data-end=\"2470\" data-col-size=\"md\">50045<\/td>\n<\/tr>\n<tr data-start=\"2471\" data-end=\"2506\">\n<td data-start=\"2471\" data-end=\"2496\" data-col-size=\"sm\"><strong data-start=\"2473\" data-end=\"2495\">Marka \/ Seria:<\/strong><\/td>\n<td data-start=\"2496\" data-end=\"2506\" data-col-size=\"md\">HELIOS<\/td>\n<\/tr>\n<\/tbody>\n<\/table>\n<\/div>\n<\/div>\n<hr data-start=\"2508\" data-end=\"2511\" \/>\n<h3 data-start=\"2513\" data-end=\"2546\"><strong data-start=\"2517\" data-end=\"2546\">Zalecenia dotycz\u0105ce \u0142adowania<\/strong><\/h3>\n<ul data-start=\"2548\" data-end=\"2658\">\n<li data-start=\"2548\" data-end=\"2587\">\n<p data-start=\"2550\" data-end=\"2587\"><strong data-start=\"2550\" data-end=\"2571\">\u0141adowanie w trybie czuwania:<\/strong> 13,5 \u2013 13,8 V<\/p>\n<\/li>\n<li data-start=\"2588\" data-end=\"2627\">\n<p data-start=\"2590\" data-end=\"2627\"><strong data-start=\"2590\" data-end=\"2611\">\u0141adowanie cykliczne:<\/strong> 14,4 \u2013 15,0 V<\/p>\n<\/li>\n<li data-start=\"2628\" data-end=\"2658\">\n<p data-start=\"2630\" data-end=\"2658\"><strong data-start=\"2630\" data-end=\"2649\">Maksymalny pr\u0105d \u0142adowania:<\/strong> 13,5 A<\/p>\n<\/li>\n<\/ul>\n<p data-start=\"2660\" data-end=\"2901\">Aby zapewni\u0107 optymaln\u0105 \u017cywotno\u015b\u0107 akumulatora, nie nale\u017cy \u0142adowa\u0107 go do poziomu wi\u0119kszego ni\u017c 30% jego pojemno\u015bci podczas pracy cyklicznej.<br data-start=\"2759\" data-end=\"2762\" \/>W przypadku pracy w trybie czuwania zaleca si\u0119 \u0142adowanie podtrzymuj\u0105ce o pojemno\u015bci oko\u0142o 5 %.<br data-start=\"2842\" data-end=\"2845\" \/>Zawsze nale\u017cy przestrzega\u0107 specyfikacji \u0142adowarki i sprz\u0119tu.<\/p>\n<hr data-start=\"2903\" data-end=\"2906\" \/>\n<h3 data-start=\"2908\" data-end=\"2928\"><strong data-start=\"2912\" data-end=\"2928\">Instalacja<\/strong><\/h3>\n<ol data-start=\"2930\" data-end=\"3169\">\n<li data-start=\"2930\" data-end=\"2977\">\n<p data-start=\"2933\" data-end=\"2977\">Od\u0142\u0105czy\u0107 urz\u0105dzenie od napi\u0119cia sieciowego.<\/p>\n<\/li>\n<li data-start=\"2978\" data-end=\"3026\">\n<p data-start=\"2981\" data-end=\"3026\">Sprawd\u017a biegunowo\u015b\u0107 (czerwony = +, czarny = \u2013).<\/p>\n<\/li>\n<li data-start=\"3027\" data-end=\"3100\">\n<p data-start=\"3030\" data-end=\"3100\">Pod\u0142\u0105cz kable do zacisk\u00f3w \u015brubowych i mocno dokr\u0119\u0107 (nie za mocno).<\/p>\n<\/li>\n<li data-start=\"3101\" data-end=\"3169\">\n<p data-start=\"3104\" data-end=\"3169\">Umie\u015b\u0107 bateri\u0119 w komorze i przetestuj jej dzia\u0142anie po zainstalowaniu.<\/p>\n<\/li>\n<\/ol>\n<hr data-start=\"3171\" data-end=\"3174\" \/>\n<h3 data-start=\"3176\" data-end=\"3205\"><strong data-start=\"3180\" data-end=\"3205\">\u015arodowisko i recykling<\/strong><\/h3>\n<p data-start=\"3207\" data-end=\"3389\">Wszystkie akumulatory HELIOS nadaj\u0105 si\u0119 w ca\u0142o\u015bci do recyklingu.<br data-start=\"3254\" data-end=\"3257\" \/>Zu\u017cyte akumulatory kwasowo-o\u0142owiowe nale\u017cy odda\u0107 do punktu zbi\u00f3rki odpad\u00f3w.<br data-start=\"3310\" data-end=\"3313\" \/>Wyprodukowano zgodnie z normami ISO dotycz\u0105cymi ochrony \u015brodowiska, ze szczeg\u00f3lnym uwzgl\u0119dnieniem zr\u00f3wnowa\u017conego rozwoju i bezpiecze\u0144stwa.<\/p>\n<hr data-start=\"3391\" data-end=\"3394\" \/>\n<h3 data-start=\"3396\" data-end=\"3407\"><strong data-start=\"3400\" data-end=\"3407\">Cz\u0119sto zadawane pytania<\/strong><\/h3>\n<p data-start=\"3409\" data-end=\"3525\"><strong data-start=\"3409\" data-end=\"3444\">Jak d\u0142ugo wytrzymuje ta bateria?<\/strong><br data-start=\"3444\" data-end=\"3447\" \/>Przy w\u0142a\u015bciwym u\u017cytkowaniu i odpowiedniej temperaturze \u017cywotno\u015b\u0107 konstrukcji wynosi 8\u201310 lat.<\/p>\n<p data-start=\"3527\" data-end=\"3664\"><strong data-start=\"3527\" data-end=\"3568\">Czy pasuje do systemu UPS\/alarmowego\/telefonicznego?<\/strong><br data-start=\"3568\" data-end=\"3571\" \/>Tak, je\u015bli Twoje urz\u0105dzenie korzysta z napi\u0119cia 12 V i wymaga pojemno\u015bci oko\u0142o 45 Ah ze z\u0142\u0105czem \u015brubowym (M6).<\/p>\n<p data-start=\"3666\" data-end=\"3758\"><strong data-start=\"3666\" data-end=\"3693\">Czy nie wymaga konserwacji?<\/strong><br data-start=\"3693\" data-end=\"3696\" \/>Tak, bateria jest ca\u0142kowicie szczelna i nie wymaga uzupe\u0142niania.<\/p>\n<hr data-start=\"3760\" data-end=\"3763\" \/>\n<h3 data-start=\"3765\" data-end=\"3787\"><strong data-start=\"3769\" data-end=\"3787\">Streszczenie<\/strong><\/h3>\n<p data-start=\"3789\" data-end=\"4111\">Akumulator HELIOS 12 V 45 Ah AGM (VRLA) charakteryzuje si\u0119 wysok\u0105 niezawodno\u015bci\u0105 dzia\u0142ania, d\u0142ug\u0105 \u017cywotno\u015bci\u0105 i solidn\u0105 konstrukcj\u0105.<br data-start=\"3891\" data-end=\"3894\" \/>Doskonale nadaje si\u0119 do profesjonalnego stosowania w systemach alarmowych, UPS-ach, telekomunikacyjnych i przemys\u0142owych.<br data-start=\"4015\" data-end=\"4018\" \/>Przy \u017cywotno\u015bci projektowanej wynosz\u0105cej 8\u201310 lat jest to ekonomiczny i bezpieczny wyb\u00f3r w przypadku d\u0142ugotrwa\u0142ej eksploatacji.<\/p>","protected":false},"excerpt":{"rendered":"<p>Bezobs\u0142ugowy akumulator AGM 12V 45Ah (VRLA) do system\u00f3w alarmowych, UPS, telekomunikacyjnych i zasilania awaryjnego.<br data-start=\"414\" data-end=\"417\" \/>D\u0142uga \u017cywotno\u015b\u0107 8-10 lat. Standardowe wymiary 216\u00d7186\u00d7226 mm. Wysoka niezawodno\u015b\u0107 i niski poziom samoroz\u0142adowania.<\/p>","protected":false},"featured_media":159415,"template":"","meta":{"_acf_changed":false},"product_brand":[],"product_cat":[1596,2428],"product_tag":[4406,2419],"class_list":{"0":"post-90212","1":"product","2":"type-product","3":"status-publish","4":"has-post-thumbnail","6":"product_cat-ackumulatorer-12v-agm-batterier","7":"product_cat-stromforsorjning-batterier","8":"product_tag-batteri-13-45-ah","9":"product_tag-rel-batteri","10":"product_shipping_class-tunga-paket","11":"pa_brands-stonehouse-security","12":"tm-no-options","14":"first","15":"instock","16":"sale","17":"featured","18":"taxable","19":"shipping-taxable","20":"purchasable","21":"product-type-simple"},"acf":[],"_links":{"self":[{"href":"https:\/\/secureus.se\/pl\/wp-json\/wp\/v2\/product\/90212","targetHints":{"allow":["GET"]}}],"collection":[{"href":"https:\/\/secureus.se\/pl\/wp-json\/wp\/v2\/product"}],"about":[{"href":"https:\/\/secureus.se\/pl\/wp-json\/wp\/v2\/types\/product"}],"wp:featuredmedia":[{"embeddable":true,"href":"https:\/\/secureus.se\/pl\/wp-json\/wp\/v2\/media\/159415"}],"wp:attachment":[{"href":"https:\/\/secureus.se\/pl\/wp-json\/wp\/v2\/media?parent=90212"}],"wp:term":[{"taxonomy":"product_brand","embeddable":true,"href":"https:\/\/secureus.se\/pl\/wp-json\/wp\/v2\/product_brand?post=90212"},{"taxonomy":"product_cat","embeddable":true,"href":"https:\/\/secureus.se\/pl\/wp-json\/wp\/v2\/product_cat?post=90212"},{"taxonomy":"product_tag","embeddable":true,"href":"https:\/\/secureus.se\/pl\/wp-json\/wp\/v2\/product_tag?post=90212"}],"curies":[{"name":"wp","href":"https:\/\/api.w.org\/{rel}","templated":true}]}}