{"id":90214,"date":"2024-03-13T15:40:53","date_gmt":"2024-03-13T14:40:53","guid":{"rendered":"https:\/\/secureus.se\/risco-vupoint-nvr-16-channel\/"},"modified":"2025-12-31T21:04:28","modified_gmt":"2025-12-31T20:04:28","slug":"risco-vupoint-nvr-16-channel","status":"publish","type":"product","link":"https:\/\/secureus.se\/pl\/risco-vupoint-nvr-16-channel\/","title":{"rendered":"Risco VUPoint NVR 16 kana\u0142\u00f3w"},"content":{"rendered":"<h1 data-start=\"329\" data-end=\"643\">Risco VUPoint NVR 16 kana\u0142\u00f3w<\/h1>\n<p data-start=\"329\" data-end=\"643\">Urz\u0105dzenie Risco VUPoint NVR 16-kana\u0142owe to wydajne rozwi\u0105zanie do monitoringu wideo i nagrywania.<\/p>\n<p data-start=\"329\" data-end=\"643\">Posiada 16 kana\u0142\u00f3w do pod\u0142\u0105czania kamer i zapewnia doskona\u0142\u0105 wydajno\u015b\u0107 dzi\u0119ki obs\u0142udze przechowywania danych za pomoc\u0105 zewn\u0119trznego dysku twardego SATA III (do 6 TB).<\/p>\n<p data-start=\"329\" data-end=\"643\">Nale\u017cy pami\u0119ta\u0107, \u017ce dysk twardy nie jest cz\u0119\u015bci\u0105 zestawu i nale\u017cy go zakupi\u0107 osobno.<\/p>\n<p data-start=\"645\" data-end=\"909\">Urz\u0105dzenie dzia\u0142a przy napi\u0119ciu DC48V\/1,5A i charakteryzuje si\u0119 niskim poborem mocy, mniejszym ni\u017c 7,5W, bez dysku twardego.<\/p>\n<p data-start=\"645\" data-end=\"909\">Je\u015bli chodzi o funkcj\u0119 PoE (Power over Ethernet), obs\u0142uguje ona maksymaln\u0105 moc 25,5 W na port i \u0142\u0105cznie 50 W dla jednostek 4-kana\u0142owych oraz 80 W dla jednostek 8-kana\u0142owych.<\/p>\n<p data-start=\"911\" data-end=\"1122\">Rejestrator NVR Risco VUPoint zosta\u0142 zaprojektowany do pracy w zakresie temperatur od -10\u00b0C do +55\u00b0C i mo\u017ce by\u0107 przechowywany w temperaturach od -20\u00b0C do +70\u00b0C, dzi\u0119ki czemu nadaje si\u0119 do instalacji zar\u00f3wno wewn\u0105trz, jak i na zewn\u0105trz.<\/p>\n<p data-start=\"1124\" data-end=\"1153\"><strong data-start=\"1124\" data-end=\"1153\">Dane techniczne:<\/strong><\/p>\n<ul data-start=\"1154\" data-end=\"1979\">\n<li data-start=\"1154\" data-end=\"1176\">\n<p data-start=\"1156\" data-end=\"1176\">Model: RVNVR16002FB<\/p>\n<\/li>\n<li data-start=\"1177\" data-end=\"1212\">\n<p data-start=\"1179\" data-end=\"1212\">Kana\u0142y: 16-kana\u0142owy NVR (bez PoE)<\/p>\n<\/li>\n<li data-start=\"1213\" data-end=\"1264\">\n<p data-start=\"1215\" data-end=\"1264\">Pami\u0119\u0107 masowa: 1 port SATA III, pojemno\u015b\u0107 do 6TB<\/p>\n<\/li>\n<li data-start=\"1265\" data-end=\"1282\">\n<p data-start=\"1267\" data-end=\"1282\">Tryb HDD: Prosty<\/p>\n<\/li>\n<li data-start=\"1283\" data-end=\"1305\">\n<p data-start=\"1285\" data-end=\"1305\">Napi\u0119cie: DC48V\/1,5A<\/p>\n<\/li>\n<li data-start=\"1306\" data-end=\"1504\">\n<p data-start=\"1308\" data-end=\"1325\">Pob\u00f3r mocy:<\/p>\n<ul data-start=\"1329\" data-end=\"1504\">\n<li data-start=\"1329\" data-end=\"1364\">\n<p data-start=\"1331\" data-end=\"1364\">Rejestrator NVR 4\/16-kana\u0142owy: &lt;7,5 W (bez dysku twardego)<\/p>\n<\/li>\n<li data-start=\"1368\" data-end=\"1416\">\n<p data-start=\"1370\" data-end=\"1416\">PoE: maks. 25,5 W na port, \u0142\u0105cznie 50 W (4 kana\u0142y)<\/p>\n<\/li>\n<li data-start=\"1420\" data-end=\"1452\">\n<p data-start=\"1422\" data-end=\"1452\">8-kana\u0142owy rejestrator NVR: &lt;8,3 W (bez dysku twardego)<\/p>\n<\/li>\n<li data-start=\"1456\" data-end=\"1504\">\n<p data-start=\"1458\" data-end=\"1504\">PoE: maks. 25,5 W na port, \u0142\u0105cznie 80 W (8 kana\u0142\u00f3w)<\/p>\n<\/li>\n<\/ul>\n<\/li>\n<li data-start=\"1505\" data-end=\"1554\">\n<p data-start=\"1507\" data-end=\"1554\">Warunki pracy: -10\u00b0C ~ +55\u00b0C, 86 ~ 106 kPa<\/p>\n<\/li>\n<li data-start=\"1555\" data-end=\"1604\">\n<p data-start=\"1557\" data-end=\"1604\">Warunki przechowywania: -20\u00b0C ~ +70\u00b0C, 0 ~ 90% RH<\/p>\n<\/li>\n<li data-start=\"1605\" data-end=\"1751\">\n<p data-start=\"1607\" data-end=\"1626\">Wymiary (kana\u0142 4\/16):<\/p>\n<ul data-start=\"1630\" data-end=\"1751\">\n<li data-start=\"1630\" data-end=\"1679\">\n<p data-start=\"1632\" data-end=\"1679\">204,6 mm x 204,6 mm x 45,6 mm (8,1\u2033 x 8,1\u2033 x 1,8\u2033)<\/p>\n<\/li>\n<li data-start=\"1683\" data-end=\"1715\">\n<p data-start=\"1685\" data-end=\"1715\">Masa netto: 0,45 kg (bez dysku twardego)<\/p>\n<\/li>\n<li data-start=\"1719\" data-end=\"1751\">\n<p data-start=\"1721\" data-end=\"1751\">Masa brutto: 1,5 kg (bez dysku twardego)<\/p>\n<\/li>\n<\/ul>\n<\/li>\n<li data-start=\"1752\" data-end=\"1894\">\n<p data-start=\"1754\" data-end=\"1770\">Wymiary (8 kana\u0142\u00f3w):<\/p>\n<ul data-start=\"1774\" data-end=\"1894\">\n<li data-start=\"1774\" data-end=\"1822\">\n<p data-start=\"1776\" data-end=\"1822\">270 mm x 204,7 mm x 45,7 mm (10,6\u2033 x 8,1\u2033 x 1,8\u2033)<\/p>\n<\/li>\n<li data-start=\"1826\" data-end=\"1858\">\n<p data-start=\"1828\" data-end=\"1858\">Masa netto: 0,65 kg (bez dysku twardego)<\/p>\n<\/li>\n<li data-start=\"1862\" data-end=\"1894\">\n<p data-start=\"1864\" data-end=\"1894\">Masa brutto: 1,8 kg (bez dysku twardego)<\/p>\n<\/li>\n<\/ul>\n<\/li>\n<li data-start=\"1895\" data-end=\"1979\">\n<p data-start=\"1897\" data-end=\"1979\">Certyfikacja: CE EN55032, EN55024, EN50130-4, EN60950-1, FCC cz\u0119\u015b\u0107 15 podcz\u0119\u015b\u0107 B<\/p>\n<\/li>\n<\/ul>","protected":false},"excerpt":{"rendered":"<p>Risco VUPoint NVR 16-kana\u0142owe urz\u0105dzenie do nagrywania obrazu (NVR) bez obs\u0142ugi PoE i do\u0142\u0105czonego dysku twardego. Obs\u0142uguje do 6 TB pami\u0119ci masowej i oferuje elastyczn\u0105 instalacj\u0119 z \u0142atwym zarz\u0105dzaniem kamerami i nagraniami.<\/p>","protected":false},"featured_media":138320,"template":"","meta":{"_acf_changed":false},"product_brand":[],"product_cat":[3250],"product_tag":[],"class_list":{"0":"post-90214","1":"product","2":"type-product","3":"status-publish","4":"has-post-thumbnail","6":"product_cat-risco-nvr","7":"product_shipping_class-tunga-paket","8":"pa_brands-4risco","9":"tm-no-options","11":"first","12":"onbackorder","13":"sale","14":"taxable","15":"shipping-taxable","16":"purchasable","17":"product-type-simple"},"acf":[],"_links":{"self":[{"href":"https:\/\/secureus.se\/pl\/wp-json\/wp\/v2\/product\/90214","targetHints":{"allow":["GET"]}}],"collection":[{"href":"https:\/\/secureus.se\/pl\/wp-json\/wp\/v2\/product"}],"about":[{"href":"https:\/\/secureus.se\/pl\/wp-json\/wp\/v2\/types\/product"}],"wp:featuredmedia":[{"embeddable":true,"href":"https:\/\/secureus.se\/pl\/wp-json\/wp\/v2\/media\/138320"}],"wp:attachment":[{"href":"https:\/\/secureus.se\/pl\/wp-json\/wp\/v2\/media?parent=90214"}],"wp:term":[{"taxonomy":"product_brand","embeddable":true,"href":"https:\/\/secureus.se\/pl\/wp-json\/wp\/v2\/product_brand?post=90214"},{"taxonomy":"product_cat","embeddable":true,"href":"https:\/\/secureus.se\/pl\/wp-json\/wp\/v2\/product_cat?post=90214"},{"taxonomy":"product_tag","embeddable":true,"href":"https:\/\/secureus.se\/pl\/wp-json\/wp\/v2\/product_tag?post=90214"}],"curies":[{"name":"wp","href":"https:\/\/api.w.org\/{rel}","templated":true}]}}