{"id":90372,"date":"2024-03-15T09:44:28","date_gmt":"2024-03-15T08:44:28","guid":{"rendered":"https:\/\/secureus.se\/?post_type=product&#038;p=90372"},"modified":"2026-04-08T15:58:25","modified_gmt":"2026-04-08T13:58:25","slug":"cylinderring-659m-6-11mm-oval-multi-f9-rostfritt-utseende","status":"publish","type":"product","link":"https:\/\/secureus.se\/pl\/cylinderring-659m-6-11mm-oval-multi-f9-rostfritt-utseende\/","title":{"rendered":"Pier\u015bcie\u0144 cylindra 659M 6-11 mm Owalny Multi F9 Wygl\u0105d stali nierdzewnej"},"content":{"rendered":"<div>Pier\u015bcie\u0144 b\u0119benkowy HOPPE 659M przystosowany jest do wk\u0142adki owalnej do drzwi z modu\u0142em korpusu zamka lub niekt\u00f3rych zamk\u00f3w do drzwi wewn\u0119trznych. Dost\u0119pne w kilku 3 rozmiarach. Wysoko\u015b\u0107 pier\u015bcieni b\u0119benkowych i d\u0142ugo\u015b\u0107 wkr\u0119tu uzale\u017cniona jest od grubo\u015bci drzwi i umiejscowienia obudowy zamka. Zestaw 659M jest zawarty w zestawie. Akcesoria do butli mo\u017cna \u0142\u0105czy\u0107 z pokr\u0119t\u0142em 42FIS, modu\u0142em, p\u0142ytk\u0105 pokrywy 59F lub pier\u015bcieniem cylindra 59F do u\u017cytku wewn\u0119trznego.<\/div>\n<div><b><br \/>W\u0142a\u015bciwo\u015bci:<\/b><\/div>\n<div>\n<ul>\n<li>Do monta\u017cu razem z owaln\u0105 pojedyncz\u0105 butl\u0105<\/li>\n<li>Dost\u0119pne w rozmiarach: 6-11, 11-16 i 16-21 mm (wystaj\u0105cy cylinder)<\/li>\n<li>Materia\u0142: aluminium<\/li>\n<\/ul>\n<\/div>","protected":false},"excerpt":{"rendered":"<p>HOPPE Cylinderring 659M \u00e4r anpassad f\u00f6r oval cylinder f\u00f6r d\u00f6rrar med l\u00e5shus typ modul eller vissa innerd\u00f6rrsl\u00e5s. Finns i flera 3 storlekar. H\u00f6jd p\u00e5 cylinderringar och l\u00e4ngd p\u00e5 skruv avg\u00f6rs<\/p>","protected":false},"featured_media":137739,"template":"","meta":{"_acf_changed":false},"product_brand":[],"product_cat":[3254],"product_tag":[],"class_list":{"0":"post-90372","1":"product","2":"type-product","3":"status-publish","4":"has-post-thumbnail","6":"product_cat-cylinderringar","7":"product_shipping_class-postnord-varubrev","8":"pa_brands-hoppe","9":"tm-no-options","11":"first","12":"instock","13":"sale","14":"taxable","15":"shipping-taxable","16":"purchasable","17":"product-type-simple"},"acf":[],"_links":{"self":[{"href":"https:\/\/secureus.se\/pl\/wp-json\/wp\/v2\/product\/90372","targetHints":{"allow":["GET"]}}],"collection":[{"href":"https:\/\/secureus.se\/pl\/wp-json\/wp\/v2\/product"}],"about":[{"href":"https:\/\/secureus.se\/pl\/wp-json\/wp\/v2\/types\/product"}],"wp:featuredmedia":[{"embeddable":true,"href":"https:\/\/secureus.se\/pl\/wp-json\/wp\/v2\/media\/137739"}],"wp:attachment":[{"href":"https:\/\/secureus.se\/pl\/wp-json\/wp\/v2\/media?parent=90372"}],"wp:term":[{"taxonomy":"product_brand","embeddable":true,"href":"https:\/\/secureus.se\/pl\/wp-json\/wp\/v2\/product_brand?post=90372"},{"taxonomy":"product_cat","embeddable":true,"href":"https:\/\/secureus.se\/pl\/wp-json\/wp\/v2\/product_cat?post=90372"},{"taxonomy":"product_tag","embeddable":true,"href":"https:\/\/secureus.se\/pl\/wp-json\/wp\/v2\/product_tag?post=90372"}],"curies":[{"name":"wp","href":"https:\/\/api.w.org\/{rel}","templated":true}]}}