{"id":90378,"date":"2024-03-15T09:44:28","date_gmt":"2024-03-15T08:44:28","guid":{"rendered":"https:\/\/secureus.se\/?post_type=product&#038;p=90378"},"modified":"2026-03-25T15:39:16","modified_gmt":"2026-03-25T14:39:16","slug":"cylinderring-59m-13mm-oval-f1-silver","status":"publish","type":"product","link":"https:\/\/secureus.se\/pl\/cylinderring-59m-13mm-oval-f1-silver\/","title":{"rendered":"Pier\u015bcie\u0144 cylindrowy 59M 13mm Owalny F1 Srebrny"},"content":{"rendered":"<div>Pier\u015bcie\u0144 b\u0119benkowy HOPPE 59M przystosowany jest do wk\u0142adki owalnej do drzwi z modu\u0142em obudowy zamka lub niekt\u00f3rych zamk\u00f3w do drzwi wewn\u0119trznych. Dost\u0119pne w kilku r\u00f3\u017cnych rozmiarach. Wysoko\u015b\u0107 pier\u015bcieni b\u0119benkowych i d\u0142ugo\u015b\u0107 wkr\u0119tu uzale\u017cniona jest od grubo\u015bci drzwi i umiejscowienia obudowy zamka. 59M wchodzi w sk\u0142ad zestawu akcesori\u00f3w do butli z owalnym pokr\u0119t\u0142em i mo\u017cna go tak\u017ce po\u0142\u0105czy\u0107 z pokryw\u0105 59F lub pier\u015bcieniem cylindra 59F do u\u017cytku wewn\u0119trznego.<\/div>\n<div><b><br \/>W\u0142a\u015bciwo\u015bci:<\/b><\/div>\n<div>\n<ul>\n<li>Do monta\u017cu razem z owaln\u0105 pojedyncz\u0105 butl\u0105<\/li>\n<li>Dost\u0119pne w rozmiarach: 6, 8, 11, 13, 16, 18 mm<\/li>\n<li>Materia\u0142: aluminium<\/li>\n<\/ul>\n<\/div>","protected":false},"excerpt":{"rendered":"<p>Pier\u015bcie\u0144 cylindryczny HOPPE 59M jest przeznaczony do wk\u0142adek owalnych do drzwi z modu\u0142ow\u0105 obudow\u0105 zamka lub niekt\u00f3rych zamk\u00f3w wewn\u0119trznych. Dost\u0119pny w kilku r\u00f3\u017cnych rozmiarach. Wysoko\u015b\u0107 pier\u015bcieni cylindrycznych i d\u0142ugo\u015b\u0107 \u015bruby s\u0105 dobierane indywidualnie.<\/p>","protected":false},"featured_media":137907,"template":"","meta":{"_acf_changed":false},"product_brand":[],"product_cat":[3254],"product_tag":[],"class_list":{"0":"post-90378","1":"product","2":"type-product","3":"status-publish","4":"has-post-thumbnail","6":"product_cat-cylinderringar","7":"product_shipping_class-postnord-varubrev","8":"pa_brands-hoppe","9":"tm-no-options","11":"first","12":"instock","13":"sale","14":"taxable","15":"shipping-taxable","16":"purchasable","17":"product-type-simple"},"acf":[],"_links":{"self":[{"href":"https:\/\/secureus.se\/pl\/wp-json\/wp\/v2\/product\/90378","targetHints":{"allow":["GET"]}}],"collection":[{"href":"https:\/\/secureus.se\/pl\/wp-json\/wp\/v2\/product"}],"about":[{"href":"https:\/\/secureus.se\/pl\/wp-json\/wp\/v2\/types\/product"}],"wp:featuredmedia":[{"embeddable":true,"href":"https:\/\/secureus.se\/pl\/wp-json\/wp\/v2\/media\/137907"}],"wp:attachment":[{"href":"https:\/\/secureus.se\/pl\/wp-json\/wp\/v2\/media?parent=90378"}],"wp:term":[{"taxonomy":"product_brand","embeddable":true,"href":"https:\/\/secureus.se\/pl\/wp-json\/wp\/v2\/product_brand?post=90378"},{"taxonomy":"product_cat","embeddable":true,"href":"https:\/\/secureus.se\/pl\/wp-json\/wp\/v2\/product_cat?post=90378"},{"taxonomy":"product_tag","embeddable":true,"href":"https:\/\/secureus.se\/pl\/wp-json\/wp\/v2\/product_tag?post=90378"}],"curies":[{"name":"wp","href":"https:\/\/api.w.org\/{rel}","templated":true}]}}