{"id":90380,"date":"2024-03-15T09:44:28","date_gmt":"2024-03-15T08:44:28","guid":{"rendered":"https:\/\/secureus.se\/?post_type=product&#038;p=90380"},"modified":"2026-04-08T15:48:48","modified_gmt":"2026-04-08T13:48:48","slug":"cylinderring-790-8mm-rund-f1-silver","status":"publish","type":"product","link":"https:\/\/secureus.se\/pl\/cylinderring-790-8mm-rund-f1-silver\/","title":{"rendered":"Pier\u015bcie\u0144 cylindrowy 790 8mm Okr\u0105g\u0142y F1 Srebrny"},"content":{"rendered":"<p>\nHOPPE Cylinder ring 790 to pier\u015bcie\u0144 b\u0119benkowy do wk\u0142adek okr\u0105g\u0142ych do drzwi z modu\u0142em typu obudowa zamka. Wysoko\u015b\u0107 pier\u015bcieni b\u0119benkowych i d\u0142ugo\u015b\u0107 wkr\u0119tu uzale\u017cniona jest od grubo\u015bci drzwi i umiejscowienia obudowy zamka. Montowany razem z tulej\u0105 cylindra 990 na cylindrach ASSA ABLOY.<br \/>\n<\/p>\n<div><b><br \/>W\u0142a\u015bciwo\u015bci:<\/b><\/div>\n<div>\n<ul>\n<li>Do monta\u017cu razem z butl\u0105 okr\u0105g\u0142\u0105 pojedyncz\u0105 lub podw\u00f3jn\u0105<\/li>\n<li>Dost\u0119pne w rozmiarach: 8 i 13 mm (15 mm dla Triton\/Neptune)<\/li>\n<li>Materia\u0142: aluminium<\/li>\n<li>Spe\u0142nia wymagania dotycz\u0105ce osadzania niklu - hipoalergiczny<\/li>\n<\/ul>\n<\/div>","protected":false},"excerpt":{"rendered":"<p>HOPPE Cylinder ring 790 to pier\u015bcie\u0144 b\u0119benkowy do wk\u0142adek okr\u0105g\u0142ych do drzwi z modu\u0142em typu obudowa zamka. Wysoko\u015b\u0107 pier\u015bcieni b\u0119benkowych i d\u0142ugo\u015b\u0107 wkr\u0119tu uzale\u017cniona jest od grubo\u015bci drzwi i umiejscowienia obudowy zamka. Zmontowany<\/p>","protected":false},"featured_media":137595,"template":"","meta":{"_acf_changed":false},"product_brand":[],"product_cat":[3254],"product_tag":[],"class_list":{"0":"post-90380","1":"product","2":"type-product","3":"status-publish","4":"has-post-thumbnail","6":"product_cat-cylinderringar","7":"product_shipping_class-postnord-varubrev","8":"pa_brands-hoppe","9":"tm-no-options","11":"first","12":"instock","13":"sale","14":"taxable","15":"shipping-taxable","16":"purchasable","17":"product-type-simple"},"acf":[],"_links":{"self":[{"href":"https:\/\/secureus.se\/pl\/wp-json\/wp\/v2\/product\/90380","targetHints":{"allow":["GET"]}}],"collection":[{"href":"https:\/\/secureus.se\/pl\/wp-json\/wp\/v2\/product"}],"about":[{"href":"https:\/\/secureus.se\/pl\/wp-json\/wp\/v2\/types\/product"}],"wp:featuredmedia":[{"embeddable":true,"href":"https:\/\/secureus.se\/pl\/wp-json\/wp\/v2\/media\/137595"}],"wp:attachment":[{"href":"https:\/\/secureus.se\/pl\/wp-json\/wp\/v2\/media?parent=90380"}],"wp:term":[{"taxonomy":"product_brand","embeddable":true,"href":"https:\/\/secureus.se\/pl\/wp-json\/wp\/v2\/product_brand?post=90380"},{"taxonomy":"product_cat","embeddable":true,"href":"https:\/\/secureus.se\/pl\/wp-json\/wp\/v2\/product_cat?post=90380"},{"taxonomy":"product_tag","embeddable":true,"href":"https:\/\/secureus.se\/pl\/wp-json\/wp\/v2\/product_tag?post=90380"}],"curies":[{"name":"wp","href":"https:\/\/api.w.org\/{rel}","templated":true}]}}