{"id":90393,"date":"2024-03-15T09:44:29","date_gmt":"2024-03-15T08:44:29","guid":{"rendered":"https:\/\/secureus.se\/?post_type=product&#038;p=90393"},"modified":"2026-03-25T15:41:41","modified_gmt":"2026-03-25T14:41:41","slug":"cylinderring-13mm-rund-prion","status":"publish","type":"product","link":"https:\/\/secureus.se\/pl\/cylinderring-13mm-rund-prion\/","title":{"rendered":"Pier\u015bcie\u0144 cylindrowy 13mm Okr\u0105g\u0142y Prion"},"content":{"rendered":"<p><b>Opis:<br \/>\n<\/b><br \/>\nASSA ABLOY Pier\u015bcie\u0144 cylindrowy do cylindra okr\u0105g\u0142ego (wewn\u0105trz i na zewn\u0105trz). Dost\u0119pne w kilku dw\u00f3ch rozmiarach. Wysoko\u015b\u0107 pier\u015bcieni b\u0119benkowych i d\u0142ugo\u015b\u0107 wkr\u0119tu uzale\u017cniona jest od grubo\u015bci drzwi i umiejscowienia obudowy zamka. Okr\u0105g\u0142e pier\u015bcienie cylindrowe ASSA ABLOY s\u0105 zawarte w akcesoriach cylindr\u00f3w 3211 i 3212. W komplecie z tulej\u0105 cylindra, \u015brub\u0105 o wysokiej wytrzyma\u0142o\u015bci i za\u015blepkami cylindra (dla akcesori\u00f3w cylindr\u00f3w 3212)<\/p>\n<div><\/div>\n<div><b>W\u0142a\u015bciwo\u015bci:\u00a0<\/b><\/div>\n<div>\n<ul>\n<li>Do monta\u017cu razem z cylindrem okr\u0105g\u0142ym<\/li>\n<li>Dost\u0119pne w rozmiarach: 8 i 13 mm<\/li>\n<li>Materia\u0142: mosi\u0105dz<\/li>\n<\/ul>\n<\/div>","protected":false},"excerpt":{"rendered":"<p>Opis: Pier\u015bcie\u0144 cylindryczny ASSA ABLOY do wk\u0142adki okr\u0105g\u0142ej (wewn\u0119trznej i zewn\u0119trznej). Dost\u0119pny w kilku rozmiarach. Wysoko\u015b\u0107 pier\u015bcieni cylindrycznych i d\u0142ugo\u015b\u0107 \u015bruby zale\u017c\u0105 od grubo\u015bci drzwi i po\u0142o\u017cenia obudowy zamka.<\/p>","protected":false},"featured_media":137720,"template":"","meta":{"_acf_changed":false},"product_brand":[],"product_cat":[3254],"product_tag":[],"class_list":{"0":"post-90393","1":"product","2":"type-product","3":"status-publish","4":"has-post-thumbnail","6":"product_cat-cylinderringar","7":"product_shipping_class-postnord-varubrev","8":"pa_brands-abloy","9":"tm-no-options","11":"first","12":"onbackorder","13":"taxable","14":"shipping-taxable","15":"purchasable","16":"product-type-simple"},"acf":[],"_links":{"self":[{"href":"https:\/\/secureus.se\/pl\/wp-json\/wp\/v2\/product\/90393","targetHints":{"allow":["GET"]}}],"collection":[{"href":"https:\/\/secureus.se\/pl\/wp-json\/wp\/v2\/product"}],"about":[{"href":"https:\/\/secureus.se\/pl\/wp-json\/wp\/v2\/types\/product"}],"wp:featuredmedia":[{"embeddable":true,"href":"https:\/\/secureus.se\/pl\/wp-json\/wp\/v2\/media\/137720"}],"wp:attachment":[{"href":"https:\/\/secureus.se\/pl\/wp-json\/wp\/v2\/media?parent=90393"}],"wp:term":[{"taxonomy":"product_brand","embeddable":true,"href":"https:\/\/secureus.se\/pl\/wp-json\/wp\/v2\/product_brand?post=90393"},{"taxonomy":"product_cat","embeddable":true,"href":"https:\/\/secureus.se\/pl\/wp-json\/wp\/v2\/product_cat?post=90393"},{"taxonomy":"product_tag","embeddable":true,"href":"https:\/\/secureus.se\/pl\/wp-json\/wp\/v2\/product_tag?post=90393"}],"curies":[{"name":"wp","href":"https:\/\/api.w.org\/{rel}","templated":true}]}}