{"id":90412,"date":"2024-03-15T09:44:29","date_gmt":"2024-03-15T08:44:29","guid":{"rendered":"https:\/\/secureus.se\/?post_type=product&#038;p=90412"},"modified":"2026-03-25T15:38:26","modified_gmt":"2026-03-25T14:38:26","slug":"cylinderring-11mm-oval-nickel","status":"publish","type":"product","link":"https:\/\/secureus.se\/pl\/cylinderring-11mm-oval-nickel\/","title":{"rendered":"Pier\u015bcie\u0144 cylindra 11mm Owalny nikiel"},"content":{"rendered":"<p><b>Opis:<br \/>\n<\/b><br \/>\nASSA ABLOY Pier\u015bcie\u0144 cylindrowy do cylindra owalnego. Dost\u0119pne w kilku r\u00f3\u017cnych rozmiarach. Wysoko\u015b\u0107 pier\u015bcieni b\u0119benkowych i d\u0142ugo\u015b\u0107 wkr\u0119tu uzale\u017cniona jest od grubo\u015bci drzwi i umiejscowienia obudowy zamka. Owalne pier\u015bcienie cylindrowe ASSA ABLOY wchodz\u0105 w sk\u0142ad akcesori\u00f3w cylindr\u00f3w 256, 256E, 2356, 9256 i 18256.<\/p>\n<div><\/div>\n<div><b>W\u0142a\u015bciwo\u015bci:\u00a0<\/b><\/div>\n<div>\n<ul>\n<li>Do monta\u017cu razem z owaln\u0105 pojedyncz\u0105 butl\u0105<\/li>\n<li>Dost\u0119pne w rozmiarach: 6, 8, 11, 13, 16, 18, 21 i 24 mm<\/li>\n<li>Materia\u0142: mosi\u0105dz<\/li>\n<\/ul>\n<\/div>","protected":false},"excerpt":{"rendered":"<p>Beskrivning: ASSA ABLOY Cylinderring f\u00f6r oval cylinder. Finns i flera olika storlekar. H\u00f6jd p\u00e5 cylinderringar och l\u00e4ngd p\u00e5 skruv avg\u00f6rs av d\u00f6rrens tjocklek samt placeringen av l\u00e5shuset. ASSA ABLOY ovala<\/p>","protected":false},"featured_media":138269,"template":"","meta":{"_acf_changed":false},"product_brand":[],"product_cat":[3254],"product_tag":[],"class_list":{"0":"post-90412","1":"product","2":"type-product","3":"status-publish","4":"has-post-thumbnail","6":"product_cat-cylinderringar","7":"product_shipping_class-postnord-varubrev","8":"pa_brands-abloy","9":"tm-no-options","11":"first","12":"instock","13":"taxable","14":"shipping-taxable","15":"purchasable","16":"product-type-simple"},"acf":[],"_links":{"self":[{"href":"https:\/\/secureus.se\/pl\/wp-json\/wp\/v2\/product\/90412","targetHints":{"allow":["GET"]}}],"collection":[{"href":"https:\/\/secureus.se\/pl\/wp-json\/wp\/v2\/product"}],"about":[{"href":"https:\/\/secureus.se\/pl\/wp-json\/wp\/v2\/types\/product"}],"wp:featuredmedia":[{"embeddable":true,"href":"https:\/\/secureus.se\/pl\/wp-json\/wp\/v2\/media\/138269"}],"wp:attachment":[{"href":"https:\/\/secureus.se\/pl\/wp-json\/wp\/v2\/media?parent=90412"}],"wp:term":[{"taxonomy":"product_brand","embeddable":true,"href":"https:\/\/secureus.se\/pl\/wp-json\/wp\/v2\/product_brand?post=90412"},{"taxonomy":"product_cat","embeddable":true,"href":"https:\/\/secureus.se\/pl\/wp-json\/wp\/v2\/product_cat?post=90412"},{"taxonomy":"product_tag","embeddable":true,"href":"https:\/\/secureus.se\/pl\/wp-json\/wp\/v2\/product_tag?post=90412"}],"curies":[{"name":"wp","href":"https:\/\/api.w.org\/{rel}","templated":true}]}}