{"id":90494,"date":"2024-03-15T09:44:27","date_gmt":"2024-03-15T08:44:27","guid":{"rendered":"https:\/\/secureus.se\/?post_type=product&#038;p=90494"},"modified":"2026-04-23T12:14:13","modified_gmt":"2026-04-23T10:14:13","slug":"tackbricka-992-nickel","status":"publish","type":"product","link":"https:\/\/secureus.se\/pl\/tackbricka-992-nickel\/","title":{"rendered":"P\u0142ytka przykrywaj\u0105ca nikiel 992"},"content":{"rendered":"<p>Za\u015blepka ASSA ABLOY 992 to akcesorium umo\u017cliwiaj\u0105ce zakrycie wn\u0119ki dociskowej drzwi. Pasuje do zamk\u00f3w modu\u0142owych w trzpieniach 50 i 70. Dostarczane w parach ze \u015brubami.<\/p>\n<p><b>Zestaw zawiera:<\/b><\/p>\n<p>2 szt. Os\u0142ona 992, 2 szt. \u015aruba obrotowa 65mm M5 z tali\u0105 i 2 szt. Nakr\u0119tka tulejowa M5.<\/p>\n<div><\/div>\n<div><b>W\u0142a\u015bciwo\u015bci:<\/b><\/div>\n<div>\n<ul>\n<li>Zakrywa wy\u0142\u0105cznik ci\u015bnieniowy drzwi.<\/li>\n<li>Stosowany tam, gdzie nie przewiduje si\u0119 monta\u017cu zawias\u00f3w drzwiowych.<\/li>\n<li>\u015arednica: \u00d8 52 mm<\/li>\n<li>Obs\u0142uguje drzwi o grubo\u015bci 40-60 mm, ale mo\u017cna je \u0142atwo uzupe\u0142ni\u0107 d\u0142u\u017csz\u0105 \u015brub\u0105 obrotow\u0105<\/li>\n<li>Materia\u0142: mosi\u0105dz<\/li>\n<\/ul>\n<\/div>","protected":false},"excerpt":{"rendered":"<p>Za\u015blepka ASSA ABLOY 992 to akcesorium umo\u017cliwiaj\u0105ce zakrycie wn\u0119ki dociskowej drzwi. Pasuje do zamk\u00f3w modu\u0142owych w trzpieniach 50 i 70. Dostarczane w parach ze \u015brubami. Zestaw zawiera: 2 szt. Przykryj tac\u0119<\/p>","protected":false},"featured_media":138079,"template":"","meta":{"_acf_changed":false},"product_brand":[],"product_cat":[3255],"product_tag":[],"class_list":{"0":"post-90494","1":"product","2":"type-product","3":"status-publish","4":"has-post-thumbnail","6":"product_cat-skyltbehor","7":"product_shipping_class-tunga-paket","8":"pa_brands-abloy","9":"tm-no-options","11":"first","12":"instock","13":"taxable","14":"shipping-taxable","15":"purchasable","16":"product-type-simple"},"acf":[],"_links":{"self":[{"href":"https:\/\/secureus.se\/pl\/wp-json\/wp\/v2\/product\/90494","targetHints":{"allow":["GET"]}}],"collection":[{"href":"https:\/\/secureus.se\/pl\/wp-json\/wp\/v2\/product"}],"about":[{"href":"https:\/\/secureus.se\/pl\/wp-json\/wp\/v2\/types\/product"}],"wp:featuredmedia":[{"embeddable":true,"href":"https:\/\/secureus.se\/pl\/wp-json\/wp\/v2\/media\/138079"}],"wp:attachment":[{"href":"https:\/\/secureus.se\/pl\/wp-json\/wp\/v2\/media?parent=90494"}],"wp:term":[{"taxonomy":"product_brand","embeddable":true,"href":"https:\/\/secureus.se\/pl\/wp-json\/wp\/v2\/product_brand?post=90494"},{"taxonomy":"product_cat","embeddable":true,"href":"https:\/\/secureus.se\/pl\/wp-json\/wp\/v2\/product_cat?post=90494"},{"taxonomy":"product_tag","embeddable":true,"href":"https:\/\/secureus.se\/pl\/wp-json\/wp\/v2\/product_tag?post=90494"}],"curies":[{"name":"wp","href":"https:\/\/api.w.org\/{rel}","templated":true}]}}