{"id":90586,"date":"2024-03-15T09:21:52","date_gmt":"2024-03-15T08:21:52","guid":{"rendered":"https:\/\/secureus.se\/?post_type=product&#038;p=90586"},"modified":"2026-04-21T12:50:19","modified_gmt":"2026-04-21T10:50:19","slug":"minneskort-microsd-wd-wdd032g1p0c-purple-sc-qd101-series-ultra-endurance-microsd-kort-for-overvakningskamera-32-gb","status":"publish","type":"product","link":"https:\/\/secureus.se\/pl\/minneskort-microsd-wd-wdd032g1p0c-purple-sc-qd101-series-ultra-endurance-microsd-kort-for-overvakningskamera-32-gb\/","title":{"rendered":"Karta pami\u0119ci MicroSD 32 GB Karta Ultra Endurance MicroSD do kamery monitoruj\u0105cej, 32 GB"},"content":{"rendered":"<p>WD WDD032G1P0C Fioletowa kamera monitoruj\u0105ca SC QD101 Series Ultra Endurance Karta MicroSD 32 GB<\/p>\n<h3 id=\"pdp_productoverview\" class=\"item-headertop rd-prod-overview-hygiene\">Przegl\u0105d produktu<\/h3>\n<div class=\"pd-overview-details pd-show-full-overview\">\n<div class=\"headernamehrnone\">Karta microSD\u2122 WD Purple\u2122 SC QD101 firmy Western Digital zosta\u0142a zaprojektowana specjalnie dla szerokiego rynku kamer bezpiecze\u0144stwa. Dzi\u0119ki zaawansowanej technologii 96-warstwowej 3D NAND karta zapewnia ekonomiczne po\u0142\u0105czenie ultratrwa\u0142o\u015bci, wysokiej wydajno\u015bci i szerokiego zakresu pojemno\u015bci do 512 GB, a obs\u0142uga funkcji Card Health Monitor umo\u017cliwia proaktywne zarz\u0105dzanie pami\u0119ci\u0105 masow\u0105. Bior\u0105c pod uwag\u0119 szybko rozwijaj\u0105cy si\u0119 rynek kamer bezpiecze\u0144stwa i rosn\u0105ce wykorzystanie wideo 4K, karta ta oferuje odpowiedni\u0105 kombinacj\u0119 trwa\u0142o\u015bci i pojemno\u015bci, aby wytrzyma\u0107 ci\u0105g\u0142e obci\u0105\u017cenie nagrywania 24 godziny na dob\u0119, 7 dni w tygodniu. Zaufaj firmie Western Digital i dostarcz jej dysk WD Purple \u2014 idealn\u0105 pami\u0119\u0107 microSD do kamer wideo i urz\u0105dze\u0144 brzegowych\u00a0<b>To WD Purple<\/b>Zaprojektowany do nadzoru Bycie cz\u0142onkiem wiod\u0105cej marki na rynku daje pewno\u015b\u0107, \u017ce zosta\u0142a zaprojektowana z odpowiedni\u0105 wytrzyma\u0142o\u015bci\u0105, wydajno\u015bci\u0105 i funkcjami dla kamer wideo do monitoringu i urz\u0105dze\u0144 brzegowych<b>Zaufaj swoim kamerom<\/b>Ultra wytrzyma\u0142o\u015b\u0107. Karty microSD WD Purple SC zaprojektowano z my\u015bl\u0105 o ci\u0105g\u0142ym nagrywaniu przez ca\u0142\u0105 dob\u0119, 7 dni w tygodniu w przypadku utraty po\u0142\u0105czenia kamer z rejestratorem NVR, co zapewnia dodatkowe bezpiecze\u0144stwo w zakresie bezpiecze\u0144stwa wideo.<b>Inteligentna konserwacja pami\u0119ci masowej<\/b>Monitorowanie stanu karty. W kompatybilnych aparatach funkcja monitorowania stanu karty umo\u017cliwia otrzymywanie powiadomie\u0144 o stanie karty microSD WD Purple, dzi\u0119ki czemu mo\u017cna proaktywnie zarz\u0105dza\u0107 pami\u0119ci\u0105.<b>Solidne przechowywanie, wewn\u0105trz lub na zewn\u0105trz<\/b>Obs\u0142uguje zakres temperatur od -25\u00b0C do 85\u00b0C; odporny na wilgo\u0107. Mo\u017cesz by\u0107 pewien, \u017ce ta karta jest przeznaczona do ci\u0105g\u0142ej pracy w ekstremalnych warunkach pogodowych i w zr\u00f3\u017cnicowanym klimacie.<b>Ci\u0105g\u0142e nagrywanie. Godziny lub dni<\/b>Pojemno\u015bci od 32 GB do 512 GB. Szeroki zakres mo\u017cliwo\u015bci dla r\u00f3\u017cnych kombinacji kamer, rozdzielczo\u015bci i implementacji nagrywania; mo\u017cna u\u017cywa\u0107 zar\u00f3wno do nagrywania sterowanego ruchem, jak i do nagrywania ci\u0105g\u0142ego.<\/div>\n<\/div>","protected":false},"excerpt":{"rendered":"<p>Karta microSD\u2122 WD Purple\u2122 SC QD101 firmy Western Digital zosta\u0142a zaprojektowana specjalnie dla szerokiego rynku kamer bezpiecze\u0144stwa. Dzi\u0119ki zaawansowanej 96-warstwowej technologii 3D NAND karta zapewnia ekonomiczne po\u0142\u0105czenie ultra wytrzyma\u0142o\u015bci, wysokiej wydajno\u015bci i szerokiego zakresu pojemno\u015bci.<\/p>","protected":false},"featured_media":138139,"template":"","meta":{"_acf_changed":false},"product_brand":[],"product_cat":[3260],"product_tag":[],"class_list":{"0":"post-90586","1":"product","2":"type-product","3":"status-publish","4":"has-post-thumbnail","6":"product_cat-micro-sd-minneskort","7":"product_shipping_class-postnord-varubrev","8":"pa_brands-western-digital","9":"tm-no-options","11":"first","12":"outofstock","13":"sale","14":"taxable","15":"shipping-taxable","16":"purchasable","17":"product-type-simple"},"acf":[],"_links":{"self":[{"href":"https:\/\/secureus.se\/pl\/wp-json\/wp\/v2\/product\/90586","targetHints":{"allow":["GET"]}}],"collection":[{"href":"https:\/\/secureus.se\/pl\/wp-json\/wp\/v2\/product"}],"about":[{"href":"https:\/\/secureus.se\/pl\/wp-json\/wp\/v2\/types\/product"}],"wp:featuredmedia":[{"embeddable":true,"href":"https:\/\/secureus.se\/pl\/wp-json\/wp\/v2\/media\/138139"}],"wp:attachment":[{"href":"https:\/\/secureus.se\/pl\/wp-json\/wp\/v2\/media?parent=90586"}],"wp:term":[{"taxonomy":"product_brand","embeddable":true,"href":"https:\/\/secureus.se\/pl\/wp-json\/wp\/v2\/product_brand?post=90586"},{"taxonomy":"product_cat","embeddable":true,"href":"https:\/\/secureus.se\/pl\/wp-json\/wp\/v2\/product_cat?post=90586"},{"taxonomy":"product_tag","embeddable":true,"href":"https:\/\/secureus.se\/pl\/wp-json\/wp\/v2\/product_tag?post=90586"}],"curies":[{"name":"wp","href":"https:\/\/api.w.org\/{rel}","templated":true}]}}