{"id":90598,"date":"2024-03-15T12:55:47","date_gmt":"2024-03-15T11:55:47","guid":{"rendered":"https:\/\/secureus.se\/?post_type=product&#038;p=90598"},"modified":"2026-04-06T12:33:16","modified_gmt":"2026-04-06T10:33:16","slug":"harddisk-3-5-hdd-4-tb-35-tums-harddisk-256-mb","status":"publish","type":"product","link":"https:\/\/secureus.se\/pl\/harddisk-3-5-hdd-4-tb-35-tums-harddisk-256-mb\/","title":{"rendered":"Dysk twardy 3,5\u2033 HDD 4 TB SATA \u2013 256 MB pami\u0119ci podr\u0119cznej do inteligentnego nadzoru wideo"},"content":{"rendered":"<h1>Dysk twardy 3,5\u2033 HDD 4 TB SATA \u2013 256 MB pami\u0119ci podr\u0119cznej<\/h1>\n<p>Najwa\u017cniejsze cechy produktu<br \/>\n\u2022 Pojemno\u015b\u0107 do 8 TB1<br \/>\n\u2022 Zaprojektowany dla popularnych system\u00f3w nadzoru<br \/>\n\u2022 WD AllFrame\u2122 pomaga zredukowa\u0107 liczb\u0119 utraconych klatek<br \/>\n\u2022 Obs\u0142uguje obci\u0105\u017cenie do 180 TB\/rok\u2077<br \/>\n\u2022 3-letnia ograniczona gwarancja9<\/p>\n<h3>OPIS PRODUKTU MONITORUJ\u0104CY DYSK TWARDY<\/h3>\n<p>Dyski twarde WD Purple\u00ae<br \/>\nW\u0142a\u015bciwy dysk twardy do inteligentnego nadzoru wideo<br \/>\nDyski WD Purple\u00ae zosta\u0142y zaprojektowane tak, aby sprosta\u0107 wyzwaniom zwi\u0105zanym z nagrywaniem monitoringu wideo 24 godziny na dob\u0119, 7 dni w tygodniu.<\/p>\n<p>Jednostki te zosta\u0142y specjalnie zaprojektowane do nadzoru, aby wytrzyma\u0107 podwy\u017cszone wahania temperatury i wibracje sprz\u0119tu w \u015brodowiskach NVR. Przeci\u0119tne urz\u0105dzenie stacjonarne jest zaprojektowane tak, aby dzia\u0142a\u0142o tylko przez kr\u00f3tkie okresy czasu, a nie w trudnych warunkach, kt\u00f3re s\u0105 zawsze aktywne 24 godziny na dob\u0119, 7 dni w tygodniu, jak ma to miejsce w przypadku systemu nadzoru o wysokiej rozdzielczo\u015bci.<\/p>\n<p>Dzi\u0119ki dyskom WD Purple otrzymujesz niezawodn\u0105 pami\u0119\u0107 masow\u0105 do monitoringu, sprawdzon\u0105 pod k\u0105tem zgodno\u015bci z szerok\u0105 gam\u0105 system\u00f3w zabezpiecze\u0144. Ekskluzywna technologia WD AllFrame\u2122 pomaga zmniejszy\u0107 utrat\u0119 klatek i poprawi\u0107 og\u00f3ln\u0105 jako\u015b\u0107 odtwarzania wideo.<\/p>\n<p>Wiod\u0105ca w bran\u017cy pami\u0119\u0107 masowa. Monitorowanie, kt\u00f3remu mo\u017cesz zaufa\u0107.<br \/>\nWestern Digital od ponad dekady zapewnia pami\u0119\u0107 masow\u0105 o jako\u015bci przeznaczonej do monitoringu.<\/p>\n<p>Dyski WD Purple\u00ae do monitoringu zosta\u0142y zaprojektowane z my\u015bl\u0105 o pracuj\u0105cych w wysokich temperaturach, zawsze aktywnych systemach monitoringu, dzi\u0119ki czemu mo\u017cesz polega\u0107 na wysokiej jako\u015bci wideo, kiedy tego najbardziej potrzebujesz. WD Purple zapewnia inteligentn\u0105 pami\u0119\u0107 wideo, kt\u00f3rej mo\u017cesz zaufa\u0107 i jest obj\u0119ta 3-letni\u0105 ograniczon\u0105 gwarancj\u01059.<\/p>\n<p>Ekskluzywna technologia WD AllFrame\u2122 firmy Western Digital<br \/>\nWszystkie dyski WD Purple\u00ae s\u0105 wyposa\u017cone w technologi\u0119 AllFrame\u2122, kt\u00f3ra pomaga zredukowa\u0107 liczb\u0119 utraconych klatek oraz usprawni\u0107 nagrywanie i odtwarzanie wideo.<\/p>\n<p>Poprawiona ocena obci\u0105\u017cenia<br \/>\nDyski WD Purple\u00ae charakteryzuj\u0105 si\u0119 obci\u0105\u017calno\u015bci\u0105 do 180 TB\/rok\u2077 \u2013 nawet trzykrotnie wi\u0119ksz\u0105 ni\u017c dyski do komputer\u00f3w stacjonarnych \u2013 aby sprosta\u0107 wyj\u0105tkowym wymaganiom popularnych system\u00f3w DVR i NVR do monitoringu wideo.<\/p>\n<p>Wiele kamer, wiele strumieni<br \/>\nBardziej nowoczesne rejestratory obs\u0142uguj\u0105 teraz wiele strumieni wideo na kamer\u0119. Dyski WD Purple\u00ae obs\u0142uguj\u0105 do 64 pojedynczych kamer HD3.<\/p>\n<p>Dzi\u0119ki tak wielu opcjom mo\u017cesz w przysz\u0142o\u015bci aktualizowa\u0107 lub rozszerza\u0107 swoje aplikacje zabezpieczaj\u0105ce.<\/p>\n<p>Zaprojektowany z my\u015bl\u0105 o niezawodnym dzia\u0142aniu<br \/>\nZaprojektowane z my\u015bl\u0105 o niezawodno\u015bci i MTBF wynosz\u0105cym do 1 miliona godzin8 i obj\u0119te 3-letni\u0105 ograniczon\u0105 gwarancj\u01059, dyski WD Purple\u00ae s\u0105 wyposa\u017cone w komponenty odporne na odbarwienia11 i obs\u0142uguj\u0105 systemy pami\u0119ci masowej z maksymalnie 16 wn\u0119kami na dyski12.<\/p>\n<p>Dyski twarde WD Purple\u00ae s\u0105 wyposa\u017cone w funkcj\u0119 odzyskiwania po b\u0142\u0119dach RAID, kt\u00f3ra pomaga redukowa\u0107 b\u0142\u0119dy w obs\u0142ugiwanych rejestratorach wideo.<\/p>\n<p>Szeroka kompatybilno\u015b\u0107. Bezproblemowa integracja.<br \/>\nDyski twarde WD Purple\u00ae zosta\u0142y zaprojektowane z my\u015bl\u0105 o kompatybilno\u015bci, dzi\u0119ki czemu mo\u017cna szybko i bezproblemowo zwi\u0119ksza\u0107 pojemno\u015b\u0107 systemu monitoringu.<\/p>\n<p>Dzi\u0119ki obs\u0142udze szerokiej gamy wiod\u0105cych w bran\u017cy obud\u00f3w i chipset\u00f3w z pewno\u015bci\u0105 znajdziesz konfiguracj\u0119 DVR lub NVR odpowiedni\u0105 dla siebie.<\/p>\n<p>Trzyletnia ograniczona gwarancja<br \/>\nJako wiod\u0105cy w bran\u017cy producent dysk\u00f3w twardych, firma Western Digital oferuje rozwi\u0105zania pami\u0119ci masowej do monitoringu, oferuj\u0105c 3-letni\u0105 ograniczon\u0105 gwarancj\u01199 do\u0142\u0105czon\u0105 do ka\u017cdego dysku WD Purple\u00ae.<\/p>","protected":false},"excerpt":{"rendered":"<p>Dysk twardy 3,5\u2033 HDD WD WD43PURZ Purple Series, 3,5-calowy dysk twardy 4 TB, 256 MB pami\u0119ci podr\u0119cznej, obs\u0142uga do 64 kamer HD<\/p>","protected":false},"featured_media":138021,"template":"","meta":{"_acf_changed":false},"product_brand":[],"product_cat":[3261],"product_tag":[],"class_list":{"0":"post-90598","1":"product","2":"type-product","3":"status-publish","4":"has-post-thumbnail","6":"product_cat-hdd-harddisk-3-5","7":"product_shipping_class-tunga-paket","8":"pa_brands-western-digital","9":"tm-no-options","11":"first","12":"onbackorder","13":"sale","14":"taxable","15":"shipping-taxable","16":"purchasable","17":"product-type-simple"},"acf":[],"_links":{"self":[{"href":"https:\/\/secureus.se\/pl\/wp-json\/wp\/v2\/product\/90598","targetHints":{"allow":["GET"]}}],"collection":[{"href":"https:\/\/secureus.se\/pl\/wp-json\/wp\/v2\/product"}],"about":[{"href":"https:\/\/secureus.se\/pl\/wp-json\/wp\/v2\/types\/product"}],"wp:featuredmedia":[{"embeddable":true,"href":"https:\/\/secureus.se\/pl\/wp-json\/wp\/v2\/media\/138021"}],"wp:attachment":[{"href":"https:\/\/secureus.se\/pl\/wp-json\/wp\/v2\/media?parent=90598"}],"wp:term":[{"taxonomy":"product_brand","embeddable":true,"href":"https:\/\/secureus.se\/pl\/wp-json\/wp\/v2\/product_brand?post=90598"},{"taxonomy":"product_cat","embeddable":true,"href":"https:\/\/secureus.se\/pl\/wp-json\/wp\/v2\/product_cat?post=90598"},{"taxonomy":"product_tag","embeddable":true,"href":"https:\/\/secureus.se\/pl\/wp-json\/wp\/v2\/product_tag?post=90598"}],"curies":[{"name":"wp","href":"https:\/\/api.w.org\/{rel}","templated":true}]}}