{"id":90609,"date":"2024-03-15T13:35:50","date_gmt":"2024-03-15T12:35:50","guid":{"rendered":"https:\/\/secureus.se\/harddisk-3-5-hdd-2-tb-256-mb-cache\/"},"modified":"2026-04-21T12:46:46","modified_gmt":"2026-04-21T10:46:46","slug":"harddisk-3-5-hdd-2-tb-256-mb-cache","status":"publish","type":"product","link":"https:\/\/secureus.se\/pl\/harddisk-3-5-hdd-2-tb-256-mb-cache\/","title":{"rendered":"WD Purple WD23PURZ \u2013 dysk twardy do monitoringu 2TB 3,5\u2033 SATA"},"content":{"rendered":"<h3 data-start=\"608\" data-end=\"658\">Dysk twardy do monitoringu przystosowany do pracy 24\/7<\/h3>\n<p data-start=\"659\" data-end=\"888\">WD Purple WD23PURZ to 3,5-calowy dysk twardy SATA zaprojektowany specjalnie do monitoringu wideo. W przeciwie\u0144stwie do standardowych dysk\u00f3w twardych do komputer\u00f3w stacjonarnych, jest on przeznaczony do ci\u0105g\u0142ego obci\u0105\u017cenia zapisem w systemach monitoringu pracuj\u0105cych w trybie ci\u0105g\u0142ym.<\/p>\n<h3 data-start=\"890\" data-end=\"930\">Stabilne nagrywanie dzi\u0119ki WD AllFrame\u2122<\/h3>\n<p data-start=\"931\" data-end=\"1139\">Dysk wykorzystuje technologi\u0119 WD AllFrame\u2122, kt\u00f3ra zmniejsza ryzyko utraty klatek oraz poprawia nagrywanie i odtwarzanie wideo, co jest niezb\u0119dne w systemach, w kt\u00f3rych niezawodno\u015b\u0107 danych wideo ma kluczowe znaczenie.<\/p>\n<h3 data-start=\"1141\" data-end=\"1173\">Dostosowany do wielu kamer<\/h3>\n<p data-start=\"1174\" data-end=\"1379\">WD23PURZ obs\u0142uguje do 64 kamer HD w systemie monitoringu i nadaje si\u0119 do rozwi\u0105za\u0144 DVR i NVR z maksymalnie 8 kieszeniami na dyski twarde. Dobry wyb\u00f3r do ma\u0142ych i \u015brednich instalacji monitoringu.<\/p>\n<h3 data-start=\"1381\" data-end=\"1413\">Zbudowany dla niezawodno\u015bci<\/h3>\n<p data-start=\"1414\" data-end=\"1564\">Przy rocznym obci\u0105\u017ceniu do 180 TB i \u015brednim czasie bezawaryjnej pracy (MTBF) wynosz\u0105cym 1 milion godzin dysk jest przeznaczony do d\u0142ugotrwa\u0142ej i stabilnej pracy w wymagaj\u0105cych \u015brodowiskach.<\/p>\n<hr data-start=\"1566\" data-end=\"1569\" \/>\n<h2 data-start=\"1571\" data-end=\"1603\"><strong data-start=\"1574\" data-end=\"1603\">SPECYFIKACJA TECHNICZNA:<\/strong><\/h2>\n<ul data-start=\"1605\" data-end=\"2139\">\n<li data-start=\"1605\" data-end=\"1625\">\n<p data-start=\"1607\" data-end=\"1625\">Model: WD23PURZ<\/p>\n<\/li>\n<li data-start=\"1626\" data-end=\"1646\">\n<p data-start=\"1628\" data-end=\"1646\">Seria: WD Purple<\/p>\n<\/li>\n<li data-start=\"1647\" data-end=\"1674\">\n<p data-start=\"1649\" data-end=\"1674\">Pojemno\u015b\u0107 pami\u0119ci masowej: 2TB<\/p>\n<\/li>\n<li data-start=\"1675\" data-end=\"1698\">\n<p data-start=\"1677\" data-end=\"1698\">Wsp\u00f3\u0142czynnik kszta\u0142tu: 3,5 cala<\/p>\n<\/li>\n<li data-start=\"1699\" data-end=\"1732\">\n<p data-start=\"1701\" data-end=\"1732\">Interfejs: SATA III (6 Gb\/s)<\/p>\n<\/li>\n<li data-start=\"1733\" data-end=\"1758\">\n<p data-start=\"1735\" data-end=\"1758\">Pami\u0119\u0107 podr\u0119czna: <strong data-start=\"1747\" data-end=\"1756\">64 MB<\/strong><\/p>\n<\/li>\n<li data-start=\"1759\" data-end=\"1785\">\n<p data-start=\"1761\" data-end=\"1785\">Technologia nagrywania: CMR<\/p>\n<\/li>\n<li data-start=\"1786\" data-end=\"1812\">\n<p data-start=\"1788\" data-end=\"1812\">Oprogramowanie uk\u0142adowe: WD AllFrame\u2122<\/p>\n<\/li>\n<li data-start=\"1813\" data-end=\"1850\">\n<p data-start=\"1815\" data-end=\"1850\">Maksymalna liczba kamer: do 64 HD<\/p>\n<\/li>\n<li data-start=\"1851\" data-end=\"1879\">\n<p data-start=\"1853\" data-end=\"1879\">Maksymalna liczba stanowisk do mycia: 8<\/p>\n<\/li>\n<li data-start=\"1880\" data-end=\"1920\">\n<p data-start=\"1882\" data-end=\"1920\">Obci\u0105\u017cenie: do 180 TB\/rok<\/p>\n<\/li>\n<li data-start=\"1921\" data-end=\"1947\">\n<p data-start=\"1923\" data-end=\"1947\">\u015aredni czas mi\u0119dzyawaryjny (MTBF): 1 000 000 godzin<\/p>\n<\/li>\n<li data-start=\"1948\" data-end=\"1990\">\n<p data-start=\"1950\" data-end=\"1990\">Pob\u00f3r mocy (odczyt\/zapis): ok. 3,8 W<\/p>\n<\/li>\n<li data-start=\"1991\" data-end=\"2028\">\n<p data-start=\"1993\" data-end=\"2028\">Temperatura pracy: od 0\u00b0C do 65\u00b0C<\/p>\n<\/li>\n<li data-start=\"2029\" data-end=\"2056\">\n<p data-start=\"2031\" data-end=\"2056\">Poziom ha\u0142asu (bieg ja\u0142owy): 21 dBA<\/p>\n<\/li>\n<li data-start=\"2057\" data-end=\"2100\">\n<p data-start=\"2059\" data-end=\"2100\">Wymiary (wys. x szer. x g\u0142.): 26,1 x 101,6 x 147 mm<\/p>\n<\/li>\n<li data-start=\"2101\" data-end=\"2121\">\n<p data-start=\"2103\" data-end=\"2121\">Waga: ok. 0,45 kg<\/p>\n<\/li>\n<\/ul>","protected":false},"excerpt":{"rendered":"<p>WD Purple WD23PURZ to dysk twardy o pojemno\u015bci 2 TB do system\u00f3w monitoringu, przeznaczony do ci\u0105g\u0142ej pracy 24\/7. Zoptymalizowany pod k\u0105tem system\u00f3w DVR i NVR z wieloma kamerami, stanowi niezawodny wyb\u00f3r do stabilnego i bezpiecznego przechowywania nagra\u0144 wideo.<\/p>","protected":false},"featured_media":137844,"template":"","meta":{"_acf_changed":false},"product_brand":[],"product_cat":[3261],"product_tag":[],"class_list":{"0":"post-90609","1":"product","2":"type-product","3":"status-publish","4":"has-post-thumbnail","6":"product_cat-hdd-harddisk-3-5","7":"product_shipping_class-tunga-paket","8":"pa_brands-western-digital","9":"tm-no-options","11":"first","12":"instock","13":"sale","14":"taxable","15":"shipping-taxable","16":"purchasable","17":"product-type-simple"},"acf":[],"_links":{"self":[{"href":"https:\/\/secureus.se\/pl\/wp-json\/wp\/v2\/product\/90609","targetHints":{"allow":["GET"]}}],"collection":[{"href":"https:\/\/secureus.se\/pl\/wp-json\/wp\/v2\/product"}],"about":[{"href":"https:\/\/secureus.se\/pl\/wp-json\/wp\/v2\/types\/product"}],"wp:featuredmedia":[{"embeddable":true,"href":"https:\/\/secureus.se\/pl\/wp-json\/wp\/v2\/media\/137844"}],"wp:attachment":[{"href":"https:\/\/secureus.se\/pl\/wp-json\/wp\/v2\/media?parent=90609"}],"wp:term":[{"taxonomy":"product_brand","embeddable":true,"href":"https:\/\/secureus.se\/pl\/wp-json\/wp\/v2\/product_brand?post=90609"},{"taxonomy":"product_cat","embeddable":true,"href":"https:\/\/secureus.se\/pl\/wp-json\/wp\/v2\/product_cat?post=90609"},{"taxonomy":"product_tag","embeddable":true,"href":"https:\/\/secureus.se\/pl\/wp-json\/wp\/v2\/product_tag?post=90609"}],"curies":[{"name":"wp","href":"https:\/\/api.w.org\/{rel}","templated":true}]}}