{"id":90637,"date":"2024-03-18T11:21:31","date_gmt":"2024-03-18T10:21:31","guid":{"rendered":"https:\/\/secureus.se\/sond-till-vattenlarm-xd-2-multidetektor-eller-andra-givare\/"},"modified":"2026-03-04T09:43:42","modified_gmt":"2026-03-04T08:43:42","slug":"sond-till-vattenlarm-xd-2-multidetektor-eller-andra-givare","status":"publish","type":"product","link":"https:\/\/secureus.se\/pl\/sond-till-vattenlarm-xd-2-multidetektor-eller-andra-givare\/","title":{"rendered":"Sonda do multidetektora Vattenlarm XD-2 lub innych czujnik\u00f3w"},"content":{"rendered":"<h1>Sonda powodziowa FPX-1 \u2014 Twoja pierwsza linia obrony przed szkodami spowodowanymi przez wod\u0119<\/h1>\n<p>FPX-1 charakteryzuje si\u0119 wysok\u0105 wydajno\u015bci\u0105 <strong>sonda powodziowa<\/strong>, idealny do ochrony dom\u00f3w i firm przed potencjalnymi szkodami spowodowanymi przez wod\u0119.<\/p>\n<p>Zaprojektowany do u\u017cytku z <strong>czujniki uniwersalne takie jak XD-2, AXD-200 i MXD-300<\/strong> firmy SATEL, FPX-1 umo\u017cliwia niezawodne i szybkie wykrywanie wyciek\u00f3w wody.<\/p>\n<h5>G\u0142\u00f3wne funkcje<\/h5>\n<ul>\n<li><strong>Kabel o d\u0142ugo\u015bci 3 metr\u00f3w<\/strong>: D\u0142ugi kabel umo\u017cliwiaj\u0105cy elastyczne umieszczenie w celu zapewnienia optymalnej ochrony.<\/li>\n<li><strong>Zgodno\u015b\u0107<\/strong>: Przeznaczony do wsp\u00f3\u0142pracy z czujnikami XD-2, AXD-200 i MXD-300 SATEL.<\/li>\n<li><strong>Uniwersalne zastosowanie<\/strong>: Idealny do budynk\u00f3w mieszkalnych, biurowych i komercyjnych.<\/li>\n<li><strong>Solidna konstrukcja<\/strong>: Zbudowany tak, aby wytrzyma\u0107 wymagaj\u0105ce warunki i zapewni\u0107 d\u0142ugotrwa\u0142\u0105 wydajno\u015b\u0107.<\/li>\n<\/ul>\n<h5>Korzy\u015bci<\/h5>\n<ul>\n<li><strong>Niezawodne wykrywanie<\/strong>: Szybko identyfikuje wycieki wody i powodzie, aby zminimalizowa\u0107 szkody.<\/li>\n<li><strong>Elastyczna instalacja<\/strong>: Dzi\u0119ki 3-metrowemu kablowi sond\u0119 mo\u017cna \u0142atwo dostosowa\u0107 do r\u00f3\u017cnych przestrzeni i potrzeb.<\/li>\n<li><strong>Zwi\u0119kszone bezpiecze\u0144stwo<\/strong>: Dzia\u0142a jako cz\u0119\u015b\u0107 zintegrowanego systemu bezpiecze\u0144stwa, zapewniaj\u0105c pe\u0142n\u0105 ochron\u0119.<\/li>\n<\/ul>\n<h5>Obszary zastosowa\u0144<\/h5>\n<ul>\n<li><strong>Rezydencje<\/strong>: Do ochrony piwnic, pralni i innych nara\u017conych obszar\u00f3w.<\/li>\n<li><strong>Biuro i firma<\/strong>: Upewnij si\u0119, \u017ce pomieszczenia techniczne i obszary wra\u017cliwe pozostaj\u0105 suche.<\/li>\n<li><strong>\u015arodowiska przemys\u0142owe<\/strong>: Idealny do magazyn\u00f3w i zak\u0142ad\u00f3w produkcyjnych, gdzie zalanie wod\u0105 mo\u017ce powodowa\u0107 du\u017ce straty.<\/li>\n<\/ul>\n<p>Z <strong>Sonda zalania FPX-1<\/strong> otrzymujesz niezawodne i elastyczne narz\u0119dzie do ochrony Twojego maj\u0105tku przed szkodami spowodowanymi przez wod\u0119.<\/p>","protected":false},"excerpt":{"rendered":"<p>FPX-1 to sonda zalania z 3-metrowym kablem, kompatybilna z czujnikami XD-2, AXD-200 i MXD-300 SATEL.<\/p>\n<p>Niezawodna ochrona przed szkodami spowodowanymi przez wod\u0119.<\/p>","protected":false},"featured_media":138251,"template":"","meta":{"_acf_changed":false},"product_brand":[],"product_cat":[1309,4114],"product_tag":[],"class_list":{"0":"post-90637","1":"product","2":"type-product","3":"status-publish","4":"has-post-thumbnail","6":"product_cat-temperaturdetektor-vattendetektor","7":"product_cat-vattenlarm","8":"product_shipping_class-postnord-varubrev","9":"pa_brands-satel","10":"tm-no-options","12":"first","13":"instock","14":"sale","15":"featured","16":"taxable","17":"shipping-taxable","18":"purchasable","19":"product-type-simple"},"acf":[],"_links":{"self":[{"href":"https:\/\/secureus.se\/pl\/wp-json\/wp\/v2\/product\/90637","targetHints":{"allow":["GET"]}}],"collection":[{"href":"https:\/\/secureus.se\/pl\/wp-json\/wp\/v2\/product"}],"about":[{"href":"https:\/\/secureus.se\/pl\/wp-json\/wp\/v2\/types\/product"}],"wp:featuredmedia":[{"embeddable":true,"href":"https:\/\/secureus.se\/pl\/wp-json\/wp\/v2\/media\/138251"}],"wp:attachment":[{"href":"https:\/\/secureus.se\/pl\/wp-json\/wp\/v2\/media?parent=90637"}],"wp:term":[{"taxonomy":"product_brand","embeddable":true,"href":"https:\/\/secureus.se\/pl\/wp-json\/wp\/v2\/product_brand?post=90637"},{"taxonomy":"product_cat","embeddable":true,"href":"https:\/\/secureus.se\/pl\/wp-json\/wp\/v2\/product_cat?post=90637"},{"taxonomy":"product_tag","embeddable":true,"href":"https:\/\/secureus.se\/pl\/wp-json\/wp\/v2\/product_tag?post=90637"}],"curies":[{"name":"wp","href":"https:\/\/api.w.org\/{rel}","templated":true}]}}