{"id":90892,"date":"2024-03-27T11:42:38","date_gmt":"2024-03-27T10:42:38","guid":{"rendered":"https:\/\/secureus.se\/plomberingstrad-bla-finns-aven-med-graverad-eller-tryckt-logga-text\/"},"modified":"2026-04-22T12:32:37","modified_gmt":"2026-04-22T10:32:37","slug":"plomberingstrad-bla-finns-aven-med-graverad-eller-tryckt-logga-text","status":"publish","type":"product","link":"https:\/\/secureus.se\/pl\/plomberingstrad-bla-finns-aven-med-graverad-eller-tryckt-logga-text\/","title":{"rendered":"Drut plombowniczy niebieski standardowy \u2013 mo\u017cliwo\u015b\u0107 personalizacji logo\/tekstu"},"content":{"rendered":"<h2 data-section-id=\"tzpez3\" data-start=\"601\" data-end=\"657\">Drut plombuj\u0105cy do drzwi awaryjnych i urz\u0105dze\u0144 bezpiecze\u0144stwa<\/h2>\n<p data-start=\"658\" data-end=\"833\">Ten niebieski drut plombowniczy s\u0142u\u017cy do oznaczania i zabezpieczania sprz\u0119tu, kt\u00f3ry powinien by\u0107 u\u017cywany wy\u0142\u0105cznie w razie konieczno\u015bci, np. drzwi ewakuacyjnych, ga\u015bnic i innego sprz\u0119tu bezpiecze\u0144stwa.<\/p>\n<p data-start=\"835\" data-end=\"994\">Plomba pozwala szybko sprawdzi\u0107, czy urz\u0105dzenie by\u0142o otwierane lub u\u017cywane. Zerwanie plomby od razu wskazuje na pr\u00f3b\u0119 manipulacji przy urz\u0105dzeniu.<\/p>\n<p data-start=\"996\" data-end=\"1171\">Dzi\u0119ki temu produkt jest szczeg\u00f3lnie przydatny w miejscach, w kt\u00f3rych konieczna jest regularna kontrola sprz\u0119tu bezpiecze\u0144stwa, np. w budynkach, zak\u0142adach przemys\u0142owych, szko\u0142ach i miejscach publicznych.<\/p>\n<hr data-start=\"1173\" data-end=\"1176\" \/>\n<h2 data-section-id=\"1pcm1ba\" data-start=\"1178\" data-end=\"1229\">Spersonalizuj piecz\u0119\u0107 w\u0142asnym tekstem lub logo<\/h2>\n<p data-start=\"1230\" data-end=\"1400\">Ten drut plombowniczy mo\u017cna r\u00f3wnie\u017c zam\u00f3wi\u0107 z <strong data-start=\"1275\" data-end=\"1302\">w\u0142asny tekst lub logo<\/strong>Personalizacja mo\u017ce odbywa\u0107 si\u0119 poprzez drukowanie w kolorze lub grawerowanie laserowe i jest mo\u017cliwa tak\u017ce w przypadku mniejszych serii.<\/p>\n<p data-start=\"1402\" data-end=\"1460\">Dzi\u0119ki temu mo\u017cliwe jest np. oznaczenie plomby za pomoc\u0105:<\/p>\n<ul data-start=\"1462\" data-end=\"1532\">\n<li data-section-id=\"nzxgki\" data-start=\"1462\" data-end=\"1478\">\n<p data-start=\"1464\" data-end=\"1478\">nazwa firmy<\/p>\n<\/li>\n<li data-section-id=\"cej8am\" data-start=\"1479\" data-end=\"1490\">\n<p data-start=\"1481\" data-end=\"1490\">logo<\/p>\n<\/li>\n<li data-section-id=\"1uptt1j\" data-start=\"1491\" data-end=\"1509\">\n<p data-start=\"1493\" data-end=\"1509\">numer kontrolny<\/p>\n<\/li>\n<li data-section-id=\"1f8c95p\" data-start=\"1510\" data-end=\"1532\">\n<p data-start=\"1512\" data-end=\"1532\">w\u0142asny tekst bezpiecze\u0144stwa<\/p>\n<\/li>\n<\/ul>\n<hr data-start=\"1534\" data-end=\"1537\" \/>\n<h2 data-section-id=\"1dhihmh\" data-start=\"1539\" data-end=\"1556\">Grawerowanie laserowe<\/h2>\n<p data-start=\"1557\" data-end=\"1678\">W przypadku grawerowania laserowego tekst jest wypalany w materiale. Rezultatem jest <strong data-start=\"1626\" data-end=\"1652\">jasny lub ciemny odcie\u0144 szaro\u015bci<\/strong> w zale\u017cno\u015bci od koloru opaski.<\/p>\n<p data-start=\"1680\" data-end=\"1762\">Grawerowanie laserowe pozwala na uzyskanie trwa\u0142ych i odpornych na uszkodzenia oznacze\u0144.<\/p>\n<hr data-start=\"1764\" data-end=\"1767\" \/>\n<h1 data-section-id=\"16fopcq\" data-start=\"1769\" data-end=\"1779\">Korzy\u015bci<\/h1>\n<ul data-start=\"1781\" data-end=\"2002\">\n<li data-section-id=\"ls77ve\" data-start=\"1781\" data-end=\"1823\">\n<p data-start=\"1783\" data-end=\"1823\">Natychmiast pokazuje, czy sprz\u0119t zosta\u0142 otwarty<\/p>\n<\/li>\n<li data-section-id=\"1pqowha\" data-start=\"1824\" data-end=\"1869\">\n<p data-start=\"1826\" data-end=\"1869\">Zapobiega niepotrzebnemu korzystaniu z drzwi ewakuacyjnych<\/p>\n<\/li>\n<li data-section-id=\"1vnjlqh\" data-start=\"1870\" data-end=\"1923\">\n<p data-start=\"1872\" data-end=\"1923\">Nadaje si\u0119 do ga\u015bnic i sprz\u0119tu bezpiecze\u0144stwa<\/p>\n<\/li>\n<li data-section-id=\"dhsf4s\" data-start=\"1924\" data-end=\"1968\">\n<p data-start=\"1926\" data-end=\"1968\">Mo\u017cna dostosowa\u0107, dodaj\u0105c w\u0142asny tekst lub logo<\/p>\n<\/li>\n<li data-section-id=\"1ofabbw\" data-start=\"1969\" data-end=\"2002\">\n<p data-start=\"1971\" data-end=\"2002\">\u0141atwy w monta\u017cu i u\u017cyciu<\/p>\n<\/li>\n<\/ul>\n<hr data-start=\"2004\" data-end=\"2007\" \/>\n<h1 data-section-id=\"brc9ws\" data-start=\"2009\" data-end=\"2037\">Typowe zastosowania<\/h1>\n<ul data-start=\"2039\" data-end=\"2133\">\n<li data-section-id=\"1hfb5n9\" data-start=\"2039\" data-end=\"2052\">\n<p data-start=\"2041\" data-end=\"2052\">Drzwi awaryjne<\/p>\n<\/li>\n<li data-section-id=\"1glgnsm\" data-start=\"2053\" data-end=\"2070\">\n<p data-start=\"2055\" data-end=\"2070\">Ga\u015bnica<\/p>\n<\/li>\n<li data-section-id=\"ybft18\" data-start=\"2071\" data-end=\"2086\">\n<p data-start=\"2073\" data-end=\"2086\">Hydranty przeciwpo\u017carowe<\/p>\n<\/li>\n<li data-section-id=\"hh5nt0\" data-start=\"2087\" data-end=\"2104\">\n<p data-start=\"2089\" data-end=\"2104\">Sejf<\/p>\n<\/li>\n<li data-section-id=\"1d7qlpj\" data-start=\"2105\" data-end=\"2133\">\n<p data-start=\"2107\" data-end=\"2133\">Instalacje nieruchomo\u015bci<\/p>\n<\/li>\n<\/ul>\n<hr data-start=\"2135\" data-end=\"2138\" \/>\n<h1 data-section-id=\"vb28v8\" data-start=\"2140\" data-end=\"2157\">Dane techniczne<\/h1>\n<p data-start=\"2159\" data-end=\"2248\">Rozmiar: <strong data-start=\"2168\" data-end=\"2183\">250 \u00d7 20 mm<\/strong><br data-start=\"2183\" data-end=\"2186\" \/>Farba: <strong>Niebieski<\/strong><br data-start=\"2199\" data-end=\"2202\" \/>Typ: <strong data-start=\"2207\" data-end=\"2248\">Drut plombowniczy \/ plomba zabezpieczaj\u0105ca<\/strong><\/p>\n<p data-start=\"2159\" data-end=\"2248\">Chcesz dowiedzie\u0107 si\u0119 wi\u0119cej o tym, jak dzia\u0142a uszczelnianie?<br data-start=\"2755\" data-end=\"2758\" \/>Przeczytaj nasz przewodnik: <a href=\"https:\/\/secureus.se\/pl\/vad-ar-plomberingstrad-sa-fungerar-sakerhetsplombering\/\" target=\"_blank\" rel=\"noopener\"><strong data-start=\"2775\" data-end=\"2854\">Czym jest drut plombowniczy i jak si\u0119 go wykorzystuje w przypadku drzwi ewakuacyjnych i ga\u015bnic?<\/strong><\/a><\/p>\n<p data-start=\"2159\" data-end=\"2248\">","protected":false},"excerpt":{"rendered":"<p data-start=\"335\" data-end=\"528\">Niebieska ni\u0107 uszczelniaj\u0105ca do oznaczania i plombowania drzwi ewakuacyjnych, ga\u015bnic i innego sprz\u0119tu bezpiecze\u0144stwa.<\/p>\n<p data-start=\"335\" data-end=\"528\">Dzi\u0119ki plombie mo\u017cna szybko i \u0142atwo stwierdzi\u0107, czy urz\u0105dzenie by\u0142o otwierane lub naruszane.<\/p>\n<p data-start=\"530\" data-end=\"653\">Jest on cz\u0119sto stosowany w budynkach, miejscach publicznych i ga\u0142\u0119ziach przemys\u0142u, w kt\u00f3rych konieczna jest regularna kontrola sprz\u0119tu bezpiecze\u0144stwa.<\/p>","protected":false},"featured_media":161208,"template":"","meta":{"_acf_changed":false},"product_brand":[],"product_cat":[1332,1560,3224],"product_tag":[2958],"class_list":{"0":"post-90892","1":"product","2":"type-product","3":"status-publish","4":"has-post-thumbnail","6":"product_cat-utrymning-tillbehor","7":"product_cat-branddorrstangning","8":"product_cat-nodutrymning","9":"product_tag-stonehouse-produkt","10":"product_shipping_class-postnord-varubrev","11":"pa_brands-stonehouse-security","12":"tm-has-options","14":"first","15":"instock","16":"sale","17":"featured","18":"taxable","19":"shipping-taxable","20":"purchasable","21":"product-type-simple"},"acf":[],"_links":{"self":[{"href":"https:\/\/secureus.se\/pl\/wp-json\/wp\/v2\/product\/90892","targetHints":{"allow":["GET"]}}],"collection":[{"href":"https:\/\/secureus.se\/pl\/wp-json\/wp\/v2\/product"}],"about":[{"href":"https:\/\/secureus.se\/pl\/wp-json\/wp\/v2\/types\/product"}],"wp:featuredmedia":[{"embeddable":true,"href":"https:\/\/secureus.se\/pl\/wp-json\/wp\/v2\/media\/161208"}],"wp:attachment":[{"href":"https:\/\/secureus.se\/pl\/wp-json\/wp\/v2\/media?parent=90892"}],"wp:term":[{"taxonomy":"product_brand","embeddable":true,"href":"https:\/\/secureus.se\/pl\/wp-json\/wp\/v2\/product_brand?post=90892"},{"taxonomy":"product_cat","embeddable":true,"href":"https:\/\/secureus.se\/pl\/wp-json\/wp\/v2\/product_cat?post=90892"},{"taxonomy":"product_tag","embeddable":true,"href":"https:\/\/secureus.se\/pl\/wp-json\/wp\/v2\/product_tag?post=90892"}],"curies":[{"name":"wp","href":"https:\/\/api.w.org\/{rel}","templated":true}]}}