{"id":91091,"date":"2024-04-05T16:21:50","date_gmt":"2024-04-05T14:21:50","guid":{"rendered":"https:\/\/secureus.se\/?post_type=product&#038;p=91091"},"modified":"2026-04-03T12:16:46","modified_gmt":"2026-04-03T10:16:46","slug":"larmdekal-aluminium-2-sjalvhaftande-stor-a5-148x210mm","status":"publish","type":"product","link":"https:\/\/secureus.se\/pl\/larmdekal-aluminium-2-sjalvhaftande-stor-a5-148x210mm\/","title":{"rendered":"Naklejka alarmowa Aluminiowa Monitorowana Samoprzylepna Du\u017ca (A5) 148x210mm"},"content":{"rendered":"<p><em>Nasze aluminiowe naklejki alarmowe zosta\u0142y zaprojektowane tak, aby Twoje bezpiecze\u0144stwo by\u0142o widoczne i wyra\u017ane, niezale\u017cnie od warunk\u00f3w otoczenia. Wyprodukowane z precyzj\u0105, aby sprosta\u0107 wymagaj\u0105cym warunkom skandynawskiego klimatu, naklejki te charakteryzuj\u0105 si\u0119 wyj\u0105tkow\u0105 trwa\u0142o\u015bci\u0105 i odporno\u015bci\u0105. Zosta\u0142y zaprojektowane tak, aby wytrzyma\u0107 warunki atmosferyczne, od mrozu po ulewny deszcz, dzi\u0119ki czemu idealnie nadaj\u0105 si\u0119 do u\u017cytku na zewn\u0105trz. Dzi\u0119ki dwustronnej ta\u015bmie 3M z ty\u0142u naklejki te umo\u017cliwiaj\u0105 \u0142atwy i niezawodny monta\u017c na r\u00f3\u017cnych powierzchniach.<\/em><\/p>\n<p>Inspiruj\u0105ce zaufanie, przejrzyste i trwa\u0142e \u2013 to w\u0142a\u015bnie oferuj\u0105 nasze aluminiowe naklejki alarmowe, kt\u00f3re przenosz\u0105 bezpiecze\u0144stwo na wy\u017cszy poziom.<\/p>\n<p>Naklejki alarmowe dzia\u0142aj\u0105 jako silny wizualny \u015brodek odstraszaj\u0105cy potencjalne pr\u00f3by w\u0142ama\u0144.<\/p>\n<p><strong>Solidne i trwa\u0142e<\/strong><br \/>\nWykonane z wysokiej jako\u015bci aluminium. Nasze naklejki alarmowe s\u0105 zaprojektowane tak, aby by\u0142y odporne na zu\u017cycie i temperatur\u0119. Mo\u017cesz mie\u0107 pewno\u015b\u0107, \u017ce pozostan\u0105 w doskona\u0142ej kondycji niezale\u017cnie od pogody.<\/p>\n<p>Ta naklejka alarmowa jest r\u00f3wnie skuteczna w pomieszczeniach, jak i na zewn\u0105trz. Dostosuj do swoich konkretnych potrzeb.<\/p>\n<h3>Obszary zastosowania:<\/h3>\n<ul>\n<li><strong>Dom:<\/strong> Chro\u0144 swoj\u0105 rodzin\u0119 i dom, umieszczaj\u0105c te naklejki alarmowe na wszystkich wa\u017cnych wej\u015bciach.<br \/>\n<strong>Firma:<\/strong> Popraw bezpiecze\u0144stwo w swoim miejscu pracy, udost\u0119pniaj\u0105c najbardziej krytyczne obszary widoczne zar\u00f3wno pracownikom, jak i go\u015bciom.<br \/>\n<strong>Sklepy i firmy:<\/strong> Stw\u00f3rz bezpieczniejsze \u015brodowisko dla swoich klient\u00f3w i personelu, zaznaczaj\u0105c najbardziej odpowiednie wej\u015bcia i wyj\u015bcia.<\/li>\n<\/ul>\n<h3>Specyfikacja produktu:<\/h3>\n<ul>\n<li>Materia\u0142: aluminium<\/li>\n<li>Wymiary: 148x210mm<\/li>\n<\/ul>\n<h3>Pakiet zawiera:<\/h3>\n<ul>\n<li>1 szt. Samoprzylepna naklejka alarmowa z aluminium o wymiarach 148x210 mm Ka\u017cda naklejka to inwestycja w Twoje bezpiecze\u0144stwo!<\/li>\n<\/ul>","protected":false},"excerpt":{"rendered":"<p><em>Bardzo du\u017ca naklejka z alarmem. Zwi\u0119ksz bezpiecze\u0144stwo dzi\u0119ki naszym aluminiowym naklejkom alarmowym, stworzonym tak, aby wytrzyma\u0107 surowe skandynawskie warunki klimatyczne. Idealny do u\u017cytku na zewn\u0105trz.<\/em><\/p>","protected":false},"featured_media":156018,"template":"","meta":{"_acf_changed":false},"product_brand":[],"product_cat":[1323],"product_tag":[3053],"class_list":{"0":"post-91091","1":"product","2":"type-product","3":"status-publish","4":"has-post-thumbnail","6":"product_cat-larmdekaler","7":"product_tag-nyhet","8":"product_shipping_class-dekaler-skyltar","9":"tm-no-options","11":"first","12":"instock","13":"featured","14":"taxable","15":"shipping-taxable","16":"purchasable","17":"product-type-simple"},"acf":[],"_links":{"self":[{"href":"https:\/\/secureus.se\/pl\/wp-json\/wp\/v2\/product\/91091","targetHints":{"allow":["GET"]}}],"collection":[{"href":"https:\/\/secureus.se\/pl\/wp-json\/wp\/v2\/product"}],"about":[{"href":"https:\/\/secureus.se\/pl\/wp-json\/wp\/v2\/types\/product"}],"wp:featuredmedia":[{"embeddable":true,"href":"https:\/\/secureus.se\/pl\/wp-json\/wp\/v2\/media\/156018"}],"wp:attachment":[{"href":"https:\/\/secureus.se\/pl\/wp-json\/wp\/v2\/media?parent=91091"}],"wp:term":[{"taxonomy":"product_brand","embeddable":true,"href":"https:\/\/secureus.se\/pl\/wp-json\/wp\/v2\/product_brand?post=91091"},{"taxonomy":"product_cat","embeddable":true,"href":"https:\/\/secureus.se\/pl\/wp-json\/wp\/v2\/product_cat?post=91091"},{"taxonomy":"product_tag","embeddable":true,"href":"https:\/\/secureus.se\/pl\/wp-json\/wp\/v2\/product_tag?post=91091"}],"curies":[{"name":"wp","href":"https:\/\/api.w.org\/{rel}","templated":true}]}}