{"id":91100,"date":"2024-04-05T16:35:19","date_gmt":"2024-04-05T14:35:19","guid":{"rendered":"https:\/\/secureus.se\/?post_type=product&#038;p=91100"},"modified":"2026-04-04T14:31:01","modified_gmt":"2026-04-04T12:31:01","slug":"larmdekal-dubbelsidig-2-sjalvhaftande-a6-105x148-5mm","status":"publish","type":"product","link":"https:\/\/secureus.se\/pl\/larmdekal-dubbelsidig-2-sjalvhaftande-a6-105x148-5mm\/","title":{"rendered":"Naklejka alarmowa Dwustronnie monitorowana Samoprzylepna (A6) \u2013 105\u00d7148,5mm"},"content":{"rendered":"<p>Dzi\u0119ki tej naklejce alarmowej mo\u017cesz w widoczny i wyra\u017any spos\u00f3b oznaczy\u0107 najwa\u017cniejsze punkty wej\u015bcia, takie jak okna i drzwi. Naklejki alarmowe dzia\u0142aj\u0105 jako silny wizualny \u015brodek odstraszaj\u0105cy potencjalne pr\u00f3by w\u0142ama\u0144.<\/p>\n<p><strong>Solidne i trwa\u0142e<\/strong><br \/>\nWykonane z wysokiej jako\u015bci poliw\u0119glanu. Nasze naklejki alarmowe s\u0105 zaprojektowane tak, aby by\u0142y odporne na zu\u017cycie i temperatur\u0119. Mo\u017cesz by\u0107 pewien, \u017ce pozostan\u0105 w doskona\u0142ym stanie.<\/p>\n<p><strong>Dwustronna konstrukcja<\/strong><br \/>\nNajlepsz\u0105 cech\u0105 tych naklejek alarmowych jest to, \u017ce s\u0105 dwustronne. Oznacza to, \u017ce motyw jest widoczny zar\u00f3wno wewn\u0105trz, jak i na zewn\u0105trz, co zapewnia dodatkowe bezpiecze\u0144stwo i widoczno\u015b\u0107 niezale\u017cnie od tego, gdzie si\u0119 znajdujesz.<\/p>\n<p>Ta naklejka alarmowa jest r\u00f3wnie skuteczna w pomieszczeniach, jak i na zewn\u0105trz. Aby jeszcze bardziej zwi\u0119kszy\u0107 bezpiecze\u0144stwo, mo\u017cna je umie\u015bci\u0107 w pomieszczeniu dla dodatkowej ochrony. Zapewnia elastyczno\u015b\u0107 dostosowania \u015brodk\u00f3w bezpiecze\u0144stwa do konkretnych potrzeb.<\/p>\n<h3>Obszary zastosowania:<\/h3>\n<ul>\n<li><strong>Dom:<\/strong> Chro\u0144 swoj\u0105 rodzin\u0119 i dom, umieszczaj\u0105c te naklejki alarmowe na wszystkich wa\u017cnych wej\u015bciach.<br \/>\n<strong>Firma:<\/strong> Popraw bezpiecze\u0144stwo w swoim miejscu pracy, udost\u0119pniaj\u0105c najbardziej krytyczne obszary widoczne zar\u00f3wno pracownikom, jak i go\u015bciom.<br \/>\n<strong>Sklepy i firmy:<\/strong> Stw\u00f3rz bezpieczniejsze \u015brodowisko dla swoich klient\u00f3w i personelu, zaznaczaj\u0105c najbardziej odpowiednie wej\u015bcia i wyj\u015bcia.<\/li>\n<\/ul>\n<h3>Specyfikacja produktu:<\/h3>\n<ul>\n<li>Materia\u0142: poliw\u0119glan<\/li>\n<li>Mierzy\u0107: <b>105 x 148,5 mm<\/b><\/li>\n<\/ul>\n<h3>Pakiet zawiera:<\/h3>\n<ul>\n<li>1 szt. 105 x 148,5 mm Dwustronna samoprzylepna naklejka alarmowa<\/li>\n<\/ul>\n<p>Podnie\u015b poziom bezpiecze\u0144stwa swojej przestrzeni dzi\u0119ki naszym niezawodnym, samoprzylepnym, dwustronnym naklejkom alarmowym. Ka\u017cda naklejka to inwestycja w Twoje bezpiecze\u0144stwo!<\/p>","protected":false},"excerpt":{"rendered":"<p><em>Oznacz swoje punkty wej\u015bcia nasz\u0105 samoprzylepn\u0105 dwustronn\u0105 naklejk\u0105 alarmow\u0105. Wykonane z wytrzyma\u0142ego poliw\u0119glanu i doskona\u0142ej odporno\u015bci na temperatur\u0119. Widoczno\u015b\u0107 zar\u00f3wno wewn\u0105trz, jak i na zewn\u0105trz jest konieczno\u015bci\u0105 dla zwi\u0119kszenia bezpiecze\u0144stwa i ochrony<\/em><\/p>","protected":false},"featured_media":156014,"template":"","meta":{"_acf_changed":false},"product_brand":[],"product_cat":[1323],"product_tag":[3053],"class_list":{"0":"post-91100","1":"product","2":"type-product","3":"status-publish","4":"has-post-thumbnail","6":"product_cat-larmdekaler","7":"product_tag-nyhet","8":"product_shipping_class-dekaler-skyltar","9":"tm-no-options","11":"first","12":"instock","13":"featured","14":"taxable","15":"shipping-taxable","16":"purchasable","17":"product-type-simple"},"acf":[],"_links":{"self":[{"href":"https:\/\/secureus.se\/pl\/wp-json\/wp\/v2\/product\/91100","targetHints":{"allow":["GET"]}}],"collection":[{"href":"https:\/\/secureus.se\/pl\/wp-json\/wp\/v2\/product"}],"about":[{"href":"https:\/\/secureus.se\/pl\/wp-json\/wp\/v2\/types\/product"}],"wp:featuredmedia":[{"embeddable":true,"href":"https:\/\/secureus.se\/pl\/wp-json\/wp\/v2\/media\/156014"}],"wp:attachment":[{"href":"https:\/\/secureus.se\/pl\/wp-json\/wp\/v2\/media?parent=91100"}],"wp:term":[{"taxonomy":"product_brand","embeddable":true,"href":"https:\/\/secureus.se\/pl\/wp-json\/wp\/v2\/product_brand?post=91100"},{"taxonomy":"product_cat","embeddable":true,"href":"https:\/\/secureus.se\/pl\/wp-json\/wp\/v2\/product_cat?post=91100"},{"taxonomy":"product_tag","embeddable":true,"href":"https:\/\/secureus.se\/pl\/wp-json\/wp\/v2\/product_tag?post=91100"}],"curies":[{"name":"wp","href":"https:\/\/api.w.org\/{rel}","templated":true}]}}