{"id":91165,"date":"2024-04-11T10:23:43","date_gmt":"2024-04-11T08:23:43","guid":{"rendered":"https:\/\/secureus.se\/brandlarmsbox-rod-20-polig-sk-sk-2-5mm2\/"},"modified":"2025-12-31T21:08:41","modified_gmt":"2025-12-31T20:08:41","slug":"brandlarmsbox-rod-20-polig-sk-sk-2-5mm2","status":"publish","type":"product","link":"https:\/\/secureus.se\/pl\/brandlarmsbox-rod-20-polig-sk-sk-2-5mm2\/","title":{"rendered":"Skrzynka sygnalizacji po\u017caru czerwona 20-biegunowa Sk\/Sk \u2013 2,5mm2"},"content":{"rendered":"<h1>Skrzynka sygnalizacji po\u017caru SKRZYNKA ALARMOWA PO\u017bAR<\/h1>\n<p>Kompletna czerwona puszka przy\u0142\u0105czeniowa z przy\u0142\u0105czem 2,5 mm2 do monta\u017cu system\u00f3w przeciwpo\u017carowych lub innych.<\/p>\n<p>Puszka przy\u0142\u0105czeniowa zabezpieczona przed manipulacj\u0105 na 21 par przewod\u00f3w i flaga z podpisem.<\/p>\n<p>Terminal posiada z\u0142\u0105cze \u015brubowe do 2,5 mm2 z funkcj\u0105 podnoszenia.<\/p>\n<p>Zalecane maksymalne obci\u0105\u017cenie 2A\/60V Rozmiar: 133 x 70 x 50 mm<\/p>","protected":false},"excerpt":{"rendered":"<p>SKRZYNKA ALARMOWA PO\u017bAROWA 20-BIEGUNOWA \u015aRUBA<\/p>","protected":false},"featured_media":137875,"template":"","meta":{"_acf_changed":false},"product_brand":[],"product_cat":[1547],"product_tag":[],"class_list":{"0":"post-91165","1":"product","2":"type-product","3":"status-publish","4":"has-post-thumbnail","6":"product_cat-plint-larm-telebox","7":"product_shipping_class-tunga-paket","8":"tm-no-options","10":"first","11":"instock","12":"sale","13":"taxable","14":"shipping-taxable","15":"purchasable","16":"product-type-simple"},"acf":[],"_links":{"self":[{"href":"https:\/\/secureus.se\/pl\/wp-json\/wp\/v2\/product\/91165","targetHints":{"allow":["GET"]}}],"collection":[{"href":"https:\/\/secureus.se\/pl\/wp-json\/wp\/v2\/product"}],"about":[{"href":"https:\/\/secureus.se\/pl\/wp-json\/wp\/v2\/types\/product"}],"wp:featuredmedia":[{"embeddable":true,"href":"https:\/\/secureus.se\/pl\/wp-json\/wp\/v2\/media\/137875"}],"wp:attachment":[{"href":"https:\/\/secureus.se\/pl\/wp-json\/wp\/v2\/media?parent=91165"}],"wp:term":[{"taxonomy":"product_brand","embeddable":true,"href":"https:\/\/secureus.se\/pl\/wp-json\/wp\/v2\/product_brand?post=91165"},{"taxonomy":"product_cat","embeddable":true,"href":"https:\/\/secureus.se\/pl\/wp-json\/wp\/v2\/product_cat?post=91165"},{"taxonomy":"product_tag","embeddable":true,"href":"https:\/\/secureus.se\/pl\/wp-json\/wp\/v2\/product_tag?post=91165"}],"curies":[{"name":"wp","href":"https:\/\/api.w.org\/{rel}","templated":true}]}}