{"id":91259,"date":"2024-04-15T14:49:57","date_gmt":"2024-04-15T12:49:57","guid":{"rendered":"https:\/\/secureus.se\/detector-fireprotect-2-rb\/"},"modified":"2026-03-30T23:38:16","modified_gmt":"2026-03-30T21:38:16","slug":"ajax-fireprotect-2-rb-heat-endast-varme-vit","status":"publish","type":"product","link":"https:\/\/secureus.se\/pl\/ajax-fireprotect-2-rb-heat-endast-varme-vit\/","title":{"rendered":"Ajax FireProtect 2 RB Heat - czujka ciep\u0142a (bia\u0142a)"},"content":{"rendered":"<h3>Ajax FireProtect 2 RB Heat to zaawansowany alarm po\u017carowy, kt\u00f3ry zapewnia niezawodne i skuteczne monitorowanie zmian ciep\u0142a w \u015brodowiskach, w kt\u00f3rych tradycyjne czujki dymu nie s\u0105 ani po\u017c\u0105dane, ani skuteczne.<\/h3>\n<p>Ta wersja gamy FireProtect zosta\u0142a specjalnie zaprojektowana do wykrywania jedynie zmian temperatury, dzi\u0119ki czemu idealnie nadaje si\u0119 do stosowania w obszarach, w kt\u00f3rych ciep\u0142o jest niezawodnym wska\u017anikiem po\u017caru, takich jak kuchnie lub pomieszczenia techniczne.<\/p>\n<p>Urz\u0105dzenie bezprzewodowe jest kompatybilne ze wszystkimi urz\u0105dzeniami Ajax Hub, w tym Hub Plus, Hub 2, Hub 2 Plus, Hub Hybrid, ReX i ReX 2, co u\u0142atwia integracj\u0119 z systemem bezpiecze\u0144stwa Ajax.<\/p>\n<p>Dzi\u0119ki bezprzewodowemu zasi\u0119gowi do 1700 metr\u00f3w na otwartym terenie, alarm przeciwpo\u017carowy mo\u017ce szybko i skutecznie reagowa\u0107 na zmiany temperatury nawet w du\u017cych lub skomplikowanych budynkach.<\/p>\n<p><strong>G\u0142\u00f3wne cechy i zalety<\/strong>:<\/p>\n<ul>\n<li><strong>Wykrywanie ciep\u0142a<\/strong>: Tylko czujnik ciep\u0142a, bez wykrywania dymu, dzi\u0119ki czemu nadaje si\u0119 do stosowania tam, gdzie nie mo\u017cna prawid\u0142owo wykry\u0107 dymu.<\/li>\n<li><strong>Zasi\u0119g bezprzewodowy<\/strong>: Do 1700 metr\u00f3w na otwartym terenie dla \u0142atwego umieszczenia w wi\u0119kszych posesjach.<\/li>\n<li><strong>D\u0142ugi czas pracy baterii<\/strong>: \u017bywotno\u015b\u0107 baterii do 7 lat przy dw\u00f3ch bateriach CR123A, co zmniejsza potrzeb\u0119 cz\u0119stej wymiany baterii.<\/li>\n<li><strong>Wysoki poziom ha\u0142asu<\/strong>: Poziom d\u017awi\u0119ku 85 dB w odleg\u0142o\u015bci 3 metr\u00f3w, co zapewnia wyra\u017ane ostrze\u017cenie nawet w ha\u0142a\u015bliwym otoczeniu.<\/li>\n<li><strong>Tolerancja na niskie temperatury i wilgotno\u015b\u0107<\/strong>: Zakres temperatur od 0\u00b0 do +50\u00b0C i odporno\u015b\u0107 na wilgotno\u015b\u0107 do 80%, dzi\u0119ki czemu mo\u017cna go u\u017cywa\u0107 w wielu r\u00f3\u017cnych \u015brodowiskach.<\/li>\n<\/ul>\n<p>System ten jest r\u00f3wnie\u017c bardzo niezawodny, poniewa\u017c wykorzystuje zaawansowan\u0105 technologi\u0119, aby zmniejszy\u0107 ryzyko fa\u0142szywych alarm\u00f3w.<\/p>\n<p>Ajax FireProtect 2 RB Heat posiada specjalnie opracowan\u0105 funkcj\u0119, kt\u00f3ra sprawia, \u017ce rozr\u00f3\u017cnia par\u0119 od ciep\u0142a, co skutecznie zmniejsza ryzyko niepokoj\u0105cych alarm\u00f3w podczas np. gotowania czy brania prysznica.<\/p>\n<p>Detektor ten wykorzystuje r\u00f3wnie\u017c wymienn\u0105 bateri\u0119, dzi\u0119ki czemu konserwacja jest \u0142atwiejsza i ta\u0144sza.<\/p>\n<p>Gdy \u017cywotno\u015b\u0107 baterii dobiega ko\u0144ca, u\u017cytkownik otrzymuje ostrze\u017cenie za po\u015brednictwem systemu Ajax, co u\u0142atwia utrzymanie urz\u0105dzenia w doskona\u0142ej kondycji.<\/p>\n<p><strong>Dane techniczne<\/strong>:<\/p>\n<ul>\n<li><strong>Zgodno\u015b\u0107<\/strong>: Hub Plus, Hub 2, Hub 2 Plus, Hub Hybrid, ReX i ReX 2<\/li>\n<li><strong>Zasi\u0119g bezprzewodowy<\/strong>: Do 1700 m w otwartym terenie<\/li>\n<li><strong>Typ baterii<\/strong>: 2x CR123A<\/li>\n<li><strong>\u017bywotno\u015b\u0107 baterii<\/strong>: Do 7 lat<\/li>\n<li><strong>Zakres temperatur<\/strong>: 0\u00b0 do +50\u00b0C<\/li>\n<li><strong>Wilgotno\u015b\u0107<\/strong>: Do 80%<\/li>\n<li><strong>G\u0142o\u015bno\u015b\u0107<\/strong>: 85 dB (3 metry)<\/li>\n<li><strong>Pr\u00f3g alarmowy<\/strong>: +64\u00b0C lub wzrost o 10\u00b0C w czasie kr\u00f3tszym ni\u017c 1 minuta<\/li>\n<li><strong>Klasa IP<\/strong>: IP20<\/li>\n<\/ul>\n<p><strong>Wniosek<\/strong>: Ajax FireProtect 2 RB Heat to idealne rozwi\u0105zanie do monitorowania i wykrywania zmian temperatury w obszarach, w kt\u00f3rych tradycyjna detekcja dymu nie jest odpowiednia.<\/p>\n<p>Oferuje wysokie bezpiecze\u0144stwo, d\u0142ug\u0105 \u017cywotno\u015b\u0107 baterii i \u0142atw\u0105 integracj\u0119 z systemem Ajax, co czyni go inteligentnym i niezawodnym wyborem zar\u00f3wno dla nieruchomo\u015bci mieszkalnych, jak i komercyjnych.<\/p>\n<p><strong>Pakiet zawiera<\/strong>:<\/p>\n<ul>\n<li>Ajax FireProtect 2 RB Heat<\/li>\n<li>Instrukcja instalacji<\/li>\n<li>Baterie (2 x CR123A)<\/li>\n<\/ul>\n<p>&nbsp;<\/p>","protected":false},"excerpt":{"rendered":"<p>Ajax FireProtect 2 RB Heat to czujnik ciep\u0142a, kt\u00f3ry wykrywa tylko ciep\u0142o.<\/p>\n<p>Jest kompatybilny ze wszystkimi urz\u0105dzeniami Ajax Hub i oferuje zasi\u0119g bezprzewodowy do 1700 m w otwartym terenie.<\/p>\n<p>Idealny do monitorowania bezpiecze\u0144stwa, gdzie priorytetem jest wykrywanie ciep\u0142a.<\/p>","protected":false},"featured_media":156025,"template":"","meta":{"_acf_changed":false},"product_brand":[],"product_cat":[1319,3159],"product_tag":[3152,3127,4863],"class_list":{"0":"post-91259","1":"product","2":"type-product","3":"status-publish","4":"has-post-thumbnail","6":"product_cat-ajax-larm","7":"product_cat-brandvarnare","8":"product_tag-cr123-tillbehor","9":"product_tag-kontrollprodukt","10":"product_tag-pf","11":"product_shipping_class-postnord-varubrev","12":"pa_brands-ajax-systems","13":"pa_farg-vit","14":"tm-no-options","16":"first","17":"instock","18":"sale","19":"featured","20":"taxable","21":"shipping-taxable","22":"purchasable","23":"product-type-simple"},"acf":[],"_links":{"self":[{"href":"https:\/\/secureus.se\/pl\/wp-json\/wp\/v2\/product\/91259","targetHints":{"allow":["GET"]}}],"collection":[{"href":"https:\/\/secureus.se\/pl\/wp-json\/wp\/v2\/product"}],"about":[{"href":"https:\/\/secureus.se\/pl\/wp-json\/wp\/v2\/types\/product"}],"wp:featuredmedia":[{"embeddable":true,"href":"https:\/\/secureus.se\/pl\/wp-json\/wp\/v2\/media\/156025"}],"wp:attachment":[{"href":"https:\/\/secureus.se\/pl\/wp-json\/wp\/v2\/media?parent=91259"}],"wp:term":[{"taxonomy":"product_brand","embeddable":true,"href":"https:\/\/secureus.se\/pl\/wp-json\/wp\/v2\/product_brand?post=91259"},{"taxonomy":"product_cat","embeddable":true,"href":"https:\/\/secureus.se\/pl\/wp-json\/wp\/v2\/product_cat?post=91259"},{"taxonomy":"product_tag","embeddable":true,"href":"https:\/\/secureus.se\/pl\/wp-json\/wp\/v2\/product_tag?post=91259"}],"curies":[{"name":"wp","href":"https:\/\/api.w.org\/{rel}","templated":true}]}}