{"id":91430,"date":"2024-05-01T22:05:07","date_gmt":"2024-05-01T20:05:07","guid":{"rendered":"https:\/\/secureus.se\/?post_type=product&#038;p=91430"},"modified":"2026-04-08T15:48:07","modified_gmt":"2026-04-08T13:48:07","slug":"dorrstangarsats-dc300-ob-3-6-med-standardarm-svart","status":"publish","type":"product","link":"https:\/\/secureus.se\/pl\/dorrstangarsats-dc300-ob-3-6-med-standardarm-svart\/","title":{"rendered":"Samozamykacz drzwiowy ASSA ABLOY DC300 \u2013 zestaw kompletny \u2013 EN 3-6 \u2013 rami\u0119 standardowe L190 \u2013 czarny"},"content":{"rendered":"<p><strong>ASSA ABLOY DC300<\/strong> To niezawodny samozamykacz dla tych, kt\u00f3rzy chc\u0105 bezpiecznie, p\u0142ynnie i kontrolowanie zamyka\u0107 drzwi zewn\u0119trzne, wewn\u0119trzne i przeciwpo\u017carowe. Ten wariant jest dostarczany jako <strong>kompletny zestaw<\/strong> w kolorze czarnym z <strong>standardowe rami\u0119 L190<\/strong>, co czyni go wygodnym wyborem zar\u00f3wno w przypadku nowych instalacji, jak i wymiany.<\/p>\n<p>Samozamykacz pasuje do drzwi o szeroko\u015bci do <strong>1400 mm<\/strong> i ma <strong>regulowana si\u0142a zamykania EN 3-6<\/strong>. DC300 zosta\u0142 opracowany do \u015brodowisk, w kt\u00f3rych wymagane jest bezpieczne dzia\u0142anie, stabilna praca i \u0142atwa regulacja podczas instalacji.<\/p>\n<h3>To jest zawarte w zestawie<\/h3>\n<ul>\n<li>Obudowa samozamykacza DC300<\/li>\n<li>Rami\u0119 standardowe L190<\/li>\n<li>P\u0142yta monta\u017cowa A120<\/li>\n<\/ul>\n<h3>Charakterystyka<\/h3>\n<ul>\n<li>Kompletny zestaw z obudow\u0105 samozamykacza, standardowym ramieniem i p\u0142yt\u0105 monta\u017cow\u0105<\/li>\n<li>Regulowana si\u0142a spr\u0119\u017cyny <strong>JEDEN 3-6<\/strong><\/li>\n<li>Moment zamykaj\u0105cy <strong>18 Nm do 54 Nm<\/strong><\/li>\n<li>Maksymalna szeroko\u015b\u0107 drzwi <strong>1400 mm<\/strong><\/li>\n<li>Klasa zaliczeniowa <strong>C5<\/strong><\/li>\n<li>Regulowana wysoko\u015b\u0107 wa\u0142u do <strong>14 mm<\/strong> dla \u0142atwiejszej instalacji<\/li>\n<li>Regulowana pr\u0119dko\u015b\u0107 zamykania<\/li>\n<li>Regulowana si\u0142a uderzenia<\/li>\n<li>Regulowany hamulec otwieraj\u0105cy<\/li>\n<li>K\u0105t otwarcia do <strong>180\u00b0<\/strong><\/li>\n<li>Zatwierdzono zgodnie z <strong>EN1154<\/strong><\/li>\n<li>Zatwierdzony typ dla drzwi przeciwpo\u017carowych<\/li>\n<li>Pasuje do drzwi lewych i prawych<\/li>\n<li>Ukryta p\u0142yta monta\u017cowa<\/li>\n<li>Obr\u00f3bka powierzchni: <strong>Czarny<\/strong><\/li>\n<\/ul>\n<h3>Funkcjonowa\u0107<\/h3>\n<p>DC300 to <strong>zamykacz drzwi spr\u0119\u017cynowy<\/strong> z wysokiej jako\u015bci olejem hydraulicznym i zaworami kompensuj\u0105cymi temperatur\u0119. Zapewnia to niezawodne dzia\u0142anie i p\u0142ynne zamykanie nawet w \u015brodowiskach o zmiennej temperaturze.<\/p>\n<h3>Mierzy\u0107<\/h3>\n<ul>\n<li>Wysoko\u015b\u0107: <strong>60 mm<\/strong><\/li>\n<li>G\u0142\u0119boko\u015b\u0107: <strong>47 mm<\/strong><\/li>\n<li>D\u0142ugo\u015b\u0107: <strong>260 mm<\/strong><\/li>\n<\/ul>\n<h3>Nadaje si\u0119 do<\/h3>\n<ul>\n<li>drzwi wej\u015bciowe<\/li>\n<li>drzwi wewn\u0119trzne<\/li>\n<li>drzwi przeciwpo\u017carowe<\/li>\n<li>drzwi wej\u015bciowe<\/li>\n<li>nieruchomo\u015bci, biura i przestrzenie publiczne<\/li>\n<\/ul>\n<p>ASSA ABLOY DC300 to dobry wyb\u00f3r dla os\u00f3b poszukuj\u0105cych <strong>czarny samozamykacz<\/strong> W komplecie ze standardowym ramieniem i wysokim zakresem regulacji. \u0141\u0105czy bezpieczne zamykanie, stabiln\u0105 prac\u0119 i dyskretny wygl\u0105d, kt\u00f3ry pasuje do wielu r\u00f3\u017cnych zastosowa\u0144 drzwiowych.<\/p>\n<div style=\"background: #f6f8fa;padding: 14px;border-radius: 6px;margin: 18px 0\"><strong>Potrzebujesz pomocy w wyborze odpowiedniego samozamykacza?<\/strong><br \/>\nPor\u00f3wnaj typ drzwi, typ ramienia i szeroko\u015b\u0107 drzwi lub zobacz wi\u0119cej modeli w naszej ofercie.<a style=\"font-weight: bold\" href=\"https:\/\/secureus.se\/pl\/dorrstangare-kompletta\/\"><br \/>\nZobacz wszystkie kompletne samozamykacze tutaj \u2192<br \/>\n<\/a><\/div>","protected":false},"excerpt":{"rendered":"<p><strong>Kompletny zestaw samozamykacza drzwi ASSA ABLOY DC300 w kolorze czarnym<\/strong> Ze standardowym ramieniem L190 do bezpiecznego i kontrolowanego zamykania drzwi zewn\u0119trznych, wewn\u0119trznych i przeciwpo\u017carowych. Pasuje do drzwi o szeroko\u015bci do <strong>1400 mm<\/strong> i dostarczany jest jako kompletny zestaw z obudow\u0105 samozamykacza, p\u0142yt\u0105 monta\u017cow\u0105 i ramieniem.<\/p>\n<p>Model ma <strong>regulowana si\u0142a zamykania EN 3-6<\/strong>, hamulec otwierania i pasuje zar\u00f3wno do drzwi lewych, jak i prawych. Dobry wyb\u00f3r do budynk\u00f3w, wej\u015b\u0107 i innych miejsc, w kt\u00f3rych wa\u017cne jest stabilne i p\u0142ynne zamykanie drzwi.<\/p>","protected":false},"featured_media":137283,"template":"","meta":{"_acf_changed":false},"product_brand":[],"product_cat":[3258,4864],"product_tag":[4863],"class_list":{"0":"post-91430","1":"product","2":"type-product","3":"status-publish","4":"has-post-thumbnail","6":"product_cat-dorrstangare","7":"product_cat-dorrstangare-kompletta","8":"product_tag-pf","9":"product_shipping_class-tunga-paket","10":"pa_brands-abloy","11":"tm-no-options","13":"first","14":"instock","15":"sale","16":"taxable","17":"shipping-taxable","18":"purchasable","19":"product-type-simple"},"acf":[],"_links":{"self":[{"href":"https:\/\/secureus.se\/pl\/wp-json\/wp\/v2\/product\/91430","targetHints":{"allow":["GET"]}}],"collection":[{"href":"https:\/\/secureus.se\/pl\/wp-json\/wp\/v2\/product"}],"about":[{"href":"https:\/\/secureus.se\/pl\/wp-json\/wp\/v2\/types\/product"}],"wp:featuredmedia":[{"embeddable":true,"href":"https:\/\/secureus.se\/pl\/wp-json\/wp\/v2\/media\/137283"}],"wp:attachment":[{"href":"https:\/\/secureus.se\/pl\/wp-json\/wp\/v2\/media?parent=91430"}],"wp:term":[{"taxonomy":"product_brand","embeddable":true,"href":"https:\/\/secureus.se\/pl\/wp-json\/wp\/v2\/product_brand?post=91430"},{"taxonomy":"product_cat","embeddable":true,"href":"https:\/\/secureus.se\/pl\/wp-json\/wp\/v2\/product_cat?post=91430"},{"taxonomy":"product_tag","embeddable":true,"href":"https:\/\/secureus.se\/pl\/wp-json\/wp\/v2\/product_tag?post=91430"}],"curies":[{"name":"wp","href":"https:\/\/api.w.org\/{rel}","templated":true}]}}