{"id":91432,"date":"2024-05-01T22:05:04","date_gmt":"2024-05-01T20:05:04","guid":{"rendered":"https:\/\/secureus.se\/?post_type=product&#038;p=91432"},"modified":"2026-04-23T12:12:40","modified_gmt":"2026-04-23T10:12:40","slug":"dorrstangarsats-ts5000-2-6-med-forstarkt-glidskena-silver","status":"publish","type":"product","link":"https:\/\/secureus.se\/pl\/dorrstangarsats-ts5000-2-6-med-forstarkt-glidskena-silver\/","title":{"rendered":"Samozamykacz GEZE TS5000 \u2013 zestaw kompletny \u2013 EN 2-6 \u2013 wzmocniona szyna \u015blizgowa \u2013 srebrny"},"content":{"rendered":"<p><strong>GEZE TS5000<\/strong> To pot\u0119\u017cny samozamykacz do drzwi przesuwnych dla tych, kt\u00f3rzy potrzebuj\u0105 bezpiecznego, p\u0142ynnego i kontrolowanego zamykania drzwi wewn\u0119trznych, zewn\u0119trznych i przeciwpo\u017carowych. Model ten jest dostarczany jako <strong>kompletny zestaw<\/strong> w srebrze z <strong>wzmocniona szyna \u015blizgowa<\/strong>, co czyni go dobrym wyborem w \u015brodowiskach, w kt\u00f3rych chcesz po\u0142\u0105czy\u0107 stabiln\u0105 prac\u0119 z bardziej dyskretnym systemem ramion.<\/p>\n<p>Samozamykacz pasuje <strong>drzwi pojedyncze do 1400 mm<\/strong> i ma <strong>bezstopniowa regulacja si\u0142y zamykania EN 2-6<\/strong>. Jest zamontowany na <strong>strona zawiasowa skrzyd\u0142a drzwi<\/strong> Lub <strong>strona oporowa ramy<\/strong>. Do monta\u017cu przeciwnego nale\u017cy stosowa\u0107 <strong>GEZE TS5000L<\/strong>.<\/p>\n<h3>To jest zawarte w zestawie<\/h3>\n<ul>\n<li>Obudowa samozamykacza TS5000 2-6<\/li>\n<li>Szyna \u015blizgowa TS3000\/5000 Wzmocniona<\/li>\n<li>P\u0142yta monta\u017cowa TS4000\/5000<\/li>\n<\/ul>\n<h3>Charakterystyka<\/h3>\n<ul>\n<li>Kompletny zestaw z obudow\u0105 samozamykacza, wzmocnion\u0105 szyn\u0105 \u015blizgow\u0105 i p\u0142yt\u0105 monta\u017cow\u0105<\/li>\n<li>System ramion: <strong>Szyna przesuwna<\/strong><\/li>\n<li>Si\u0142a zamykania: <strong>PL 2-6<\/strong><\/li>\n<li>P\u0142ynna regulacja si\u0142y zamykania<\/li>\n<li>Pasuje do pojedynczych drzwi<\/li>\n<li>Maksymalna szeroko\u015b\u0107 skrzyd\u0142a drzwi: <strong>1400 mm<\/strong><\/li>\n<li>Monta\u017c skrzyd\u0142a drzwiowego po stronie zawias\u00f3w<\/li>\n<li>Monta\u017c ramy po stronie stopu<\/li>\n<li>K\u0105t otwarcia do <strong>180\u00b0<\/strong> w przypadku monta\u017cu po stronie zawias\u00f3w<\/li>\n<li>Optyczny wska\u017anik rozmiaru<\/li>\n<li>Zatwierdzono zgodnie z <strong>EN 1154<\/strong><\/li>\n<li>Obr\u00f3bka powierzchni: <strong>Srebrny<\/strong><\/li>\n<\/ul>\n<h3>Funkcje<\/h3>\n<ul>\n<li>Wszystkie funkcje s\u0105 regulowane z przodu<\/li>\n<li>Regulowana pr\u0119dko\u015b\u0107 zamykania<\/li>\n<li>Ustawienie si\u0142y uderzenia za pomoc\u0105 uk\u0142adu ramienia <strong>7\u00b0 do 0\u00b0<\/strong><\/li>\n<li>Zintegrowany hamulec otwieraj\u0105cy, regulowany hydraulicznie od <strong>70\u00b0<\/strong><\/li>\n<li>Zaw\u00f3r bezpiecze\u0144stwa chroni\u0105cy przed wandalizmem<\/li>\n<li>Zaw\u00f3r stabilny termicznie<\/li>\n<li>Hamulec otwieraj\u0105cy: Tak<\/li>\n<li>Konfiguracja elektromechaniczna: Nie<\/li>\n<li>Funkcja swobodnego hu\u015btania: Nie<\/li>\n<li>Zamykanie z op\u00f3\u017anieniem: Nie<\/li>\n<\/ul>\n<h3>Wa\u017cne informacje<\/h3>\n<p>GEZE TS5000 przeznaczony jest do monta\u017cu na <strong>strona zawias\u00f3w drzwi<\/strong> Lub <strong>strona zatrzymania ramy<\/strong>. Je\u015bli potrzebujesz monta\u017cu przeciwnego, wybierz zamiast tego <strong>TS5000L<\/strong>.<\/p>\n<h3>Nadaje si\u0119 do<\/h3>\n<ul>\n<li>drzwi wewn\u0119trzne<\/li>\n<li>drzwi wej\u015bciowe<\/li>\n<li>drzwi przeciwpo\u017carowe<\/li>\n<li>drzwi wej\u015bciowe<\/li>\n<li>nieruchomo\u015bci, biura i przestrzenie publiczne<\/li>\n<\/ul>\n<p>GEZE TS5000 to dobry wyb\u00f3r dla os\u00f3b poszukuj\u0105cych <strong>samozamykacz z szyn\u0105 \u015blizgow\u0105<\/strong> W kompletnym zestawie do bardziej wymagaj\u0105cych zastosowa\u0144. Otrzymujesz stabilny i niezawodny samozamykacz o szerokim zakresie regulacji, wzmocnionym systemie ramion i dyskretnym wygl\u0105dzie, kt\u00f3ry pasuje do wielu r\u00f3\u017cnych obiekt\u00f3w.<\/p>\n<div style=\"background: #f6f8fa;padding: 14px;border-radius: 6px;margin: 18px 0\"><strong>Potrzebujesz pomocy w wyborze odpowiedniego samozamykacza?<\/strong><br \/>\nPor\u00f3wnaj typ drzwi, typ ramienia i szeroko\u015b\u0107 drzwi lub zobacz wi\u0119cej modeli w naszej ofercie.<br \/>\n<a style=\"font-weight: bold\" href=\"https:\/\/secureus.se\/pl\/dorrstangare-kompletta\/\"><br \/>\nZobacz wszystkie kompletne samozamykacze tutaj \u2192<br \/>\n<\/a><\/div>","protected":false},"excerpt":{"rendered":"<p><strong>Samozamykacz GEZE TS5000 kompletny w kolorze srebrnym<\/strong> ze wzmocnion\u0105 szyn\u0105 \u015blizgow\u0105 do bezpiecznego i kontrolowanego zamykania drzwi wewn\u0119trznych, zewn\u0119trznych i przeciwpo\u017carowych. Odpowiednie <strong>drzwi pojedyncze do 1400 mm<\/strong> i zamontowany na <strong>strona zawias\u00f3w drzwi<\/strong> Lub <strong>strona oporowa ramy<\/strong>.<\/p>\n<p>Kompletny zestaw zawiera: <strong>obudowa samozamykacza TS5000 2-6, wzmocniona szyna \u015blizgowa TS3000\/5000 i p\u0142yta monta\u017cowa TS4000\/5000<\/strong>. Model ma <strong>bezstopniowa regulacja si\u0142y zamykania EN 2-6<\/strong>, zintegrowany hamulec otwieraj\u0105cy i wszystkie funkcje mo\u017cna \u0142atwo regulowa\u0107 od przodu.<\/p>","protected":false},"featured_media":138127,"template":"","meta":{"_acf_changed":false},"product_brand":[],"product_cat":[3258,4864],"product_tag":[4863],"class_list":{"0":"post-91432","1":"product","2":"type-product","3":"status-publish","4":"has-post-thumbnail","6":"product_cat-dorrstangare","7":"product_cat-dorrstangare-kompletta","8":"product_tag-pf","9":"product_shipping_class-tunga-paket","10":"pa_brands-geze","11":"tm-no-options","13":"first","14":"instock","15":"sale","16":"taxable","17":"shipping-taxable","18":"purchasable","19":"product-type-simple"},"acf":[],"_links":{"self":[{"href":"https:\/\/secureus.se\/pl\/wp-json\/wp\/v2\/product\/91432","targetHints":{"allow":["GET"]}}],"collection":[{"href":"https:\/\/secureus.se\/pl\/wp-json\/wp\/v2\/product"}],"about":[{"href":"https:\/\/secureus.se\/pl\/wp-json\/wp\/v2\/types\/product"}],"wp:featuredmedia":[{"embeddable":true,"href":"https:\/\/secureus.se\/pl\/wp-json\/wp\/v2\/media\/138127"}],"wp:attachment":[{"href":"https:\/\/secureus.se\/pl\/wp-json\/wp\/v2\/media?parent=91432"}],"wp:term":[{"taxonomy":"product_brand","embeddable":true,"href":"https:\/\/secureus.se\/pl\/wp-json\/wp\/v2\/product_brand?post=91432"},{"taxonomy":"product_cat","embeddable":true,"href":"https:\/\/secureus.se\/pl\/wp-json\/wp\/v2\/product_cat?post=91432"},{"taxonomy":"product_tag","embeddable":true,"href":"https:\/\/secureus.se\/pl\/wp-json\/wp\/v2\/product_tag?post=91432"}],"curies":[{"name":"wp","href":"https:\/\/api.w.org\/{rel}","templated":true}]}}