{"id":91444,"date":"2024-05-01T22:05:07","date_gmt":"2024-05-01T20:05:07","guid":{"rendered":"https:\/\/secureus.se\/?post_type=product&#038;p=91444"},"modified":"2026-04-14T10:50:29","modified_gmt":"2026-04-14T08:50:29","slug":"dorrstangarsats-dc300-ob-3-6-paket-silver","status":"publish","type":"product","link":"https:\/\/secureus.se\/pl\/dorrstangarsats-dc300-ob-3-6-paket-silver\/","title":{"rendered":"Samozamykacz drzwiowy ASSA ABLOY DC300 \u2013 zestaw kompletny (pakiet) \u2013 EN 3-6 \u2013 rami\u0119 standardowe L190 \u2013 srebrny"},"content":{"rendered":"<p><strong>ASSA ABLOY DC300<\/strong> to mocny i niezawodny samozamykacz dla tych, kt\u00f3rzy potrzebuj\u0105 bezpiecznego, kontrolowanego i p\u0142ynnego zamykania drzwi w budynkach mieszkalnych, obiektach u\u017cyteczno\u015bci publicznej i obiektach komercyjnych. Ten kompletny zestaw zawiera: <strong>obudowa samozamykacza DC300, rami\u0119 standardowe L190 i p\u0142yta monta\u017cowa A120<\/strong>, co czyni go wygodnym wyborem zar\u00f3wno w przypadku nowych instalacji, jak i wymiany.<\/p>\n<p>Pasuje do DC300 <strong>drzwi zewn\u0119trzne, drzwi wewn\u0119trzne i drzwi przeciwpo\u017carowe<\/strong> i jest zatwierdzony zgodnie z <strong>EN1154<\/strong>. Regulowana si\u0142a spr\u0119\u017cyny w <strong>JEDEN 3-6<\/strong> umo\u017cliwia dostosowanie samozamykacza do r\u00f3\u017cnych \u015brodowisk drzwiowych i szeroko\u015bci drzwi do <strong>1400 mm<\/strong>. Dzi\u0119ki zastosowaniu wysokiej jako\u015bci oleju hydraulicznego i zawor\u00f3w kompensuj\u0105cych temperatur\u0119 uzyskasz stabiln\u0105 prac\u0119 nawet przy zmiennych temperaturach.<\/p>\n<h3>Charakterystyka<\/h3>\n<ul>\n<li>Kompletny zestaw z obudow\u0105 samozamykacza DC300, standardowym ramieniem L190 i p\u0142yt\u0105 monta\u017cow\u0105 A120<\/li>\n<li>Regulowana si\u0142a spr\u0119\u017cyny <strong>JEDEN 3-6<\/strong><\/li>\n<li>Pasuje do drzwi o szeroko\u015bci do <strong>1400 mm<\/strong><\/li>\n<li>Regulowana pr\u0119dko\u015b\u0107 zamykania<\/li>\n<li>Regulowana si\u0142a uderzenia<\/li>\n<li>Regulowany hamulec otwieraj\u0105cy<\/li>\n<li>K\u0105t otwarcia do <strong>180\u00b0<\/strong><\/li>\n<li>Pasuje do obu <strong>drzwi lewe i prawe<\/strong><\/li>\n<li>Zatwierdzono zgodnie z <strong>EN1154<\/strong> i homologowane dla drzwi przeciwpo\u017carowych<\/li>\n<li>Klasa zaliczeniowa <strong>C5<\/strong><\/li>\n<li>Regulowana wysoko\u015b\u0107 wa\u0142u do <strong>14 mm<\/strong> dla \u0142atwiejszej instalacji<\/li>\n<li>Ukryta p\u0142ytka monta\u017cowa zapewniaj\u0105ca czystszy efekt<\/li>\n<\/ul>\n<h3>Wymiary i dane techniczne<\/h3>\n<ul>\n<li>Wysoko\u015b\u0107: <strong>60 mm<\/strong><\/li>\n<li>G\u0142\u0119boko\u015b\u0107: <strong>47 mm<\/strong><\/li>\n<li>D\u0142ugo\u015b\u0107: <strong>260 mm<\/strong><\/li>\n<li>Moment zamykaj\u0105cy: <strong>18 Nm do 54 Nm<\/strong><\/li>\n<li>Wydajno\u015b\u0107: <strong>Srebrny<\/strong><\/li>\n<\/ul>\n<h3>Nadaje si\u0119 do<\/h3>\n<p>Ten samozamykacz \u015bwietnie sprawdzi si\u0119 w miejscach, w kt\u00f3rych chcesz mie\u0107 pewno\u015b\u0107, \u017ce drzwi zawsze zamkn\u0105 si\u0119 w kontrolowany spos\u00f3b, na przyk\u0142ad:<\/p>\n<ul>\n<li>drzwi wej\u015bciowe<\/li>\n<li>drzwi wej\u015bciowe<\/li>\n<li>drzwi wewn\u0119trzne<\/li>\n<li>drzwi przeciwpo\u017carowe<\/li>\n<li>drzwi w budynkach, biurach, budynkach mieszkalnych i miejscach publicznych<\/li>\n<\/ul>\n<h3>Wa\u017cne informacje<\/h3>\n<p>To jest <strong>kompletny zestaw<\/strong> dla tych, kt\u00f3rzy chc\u0105 kompletnego rozwi\u0105zania z obudow\u0105, ramieniem i p\u0142yt\u0105 monta\u017cow\u0105 w jednym pakiecie. DC300 to dobry wyb\u00f3r, je\u015bli szukasz <strong>Samozamykacz drzwi ASSA ABLOY<\/strong> o du\u017cej elastyczno\u015bci, stabilnej pracy i \u0142atwej regulacji podczas monta\u017cu.<\/p>\n<div style=\"background: #f6f8fa;padding: 14px;border-radius: 6px;margin: 18px 0\"><strong>Potrzebujesz pomocy w wyborze odpowiedniego samozamykacza?<\/strong><br \/>\nPor\u00f3wnaj typ drzwi, szeroko\u015b\u0107 drzwi i po\u017c\u0105dany typ ramienia lub zobacz wi\u0119cej modeli w naszej ofercie.<br \/>\n<a style=\"font-weight: bold\" href=\"https:\/\/secureus.se\/pl\/dorrstangare-kompletta\/\"><br \/>\nZobacz wszystkie kompletne samozamykacze tutaj \u2192<br \/>\n<\/a><\/div>","protected":false},"excerpt":{"rendered":"<p><strong>Kompletny samozamykacz drzwi ASSA ABLOY DC300 w kolorze srebrnym<\/strong> Do drzwi zewn\u0119trznych, wewn\u0119trznych i przeciwpo\u017carowych. Zestaw zawiera obudow\u0119 samozamykacza DC300, rami\u0119 standardowe L190 oraz p\u0142yt\u0119 monta\u017cow\u0105 A120 dla \u0142atwego monta\u017cu.<\/p>\n<p>DC300 ma <strong>regulowana si\u0142a spr\u0119\u017cyny EN 3-6<\/strong> i pasuje do drzwi do <strong>1400 mm<\/strong>. Model ten umo\u017cliwia kontrolowane zamykanie z regulowan\u0105 pr\u0119dko\u015bci\u0105 zamykania, si\u0142\u0105 zamykania i hamulcem otwierania. Nadaje si\u0119 do drzwi zar\u00f3wno lewo-, jak i prawoskrzyd\u0142owych.<\/p>","protected":false},"featured_media":137463,"template":"","meta":{"_acf_changed":false},"product_brand":[],"product_cat":[3258,4864],"product_tag":[4863],"class_list":{"0":"post-91444","1":"product","2":"type-product","3":"status-publish","4":"has-post-thumbnail","6":"product_cat-dorrstangare","7":"product_cat-dorrstangare-kompletta","8":"product_tag-pf","9":"product_shipping_class-tunga-paket","10":"pa_brands-abloy","11":"tm-no-options","13":"first","14":"instock","15":"sale","16":"taxable","17":"shipping-taxable","18":"purchasable","19":"product-type-simple"},"acf":[],"_links":{"self":[{"href":"https:\/\/secureus.se\/pl\/wp-json\/wp\/v2\/product\/91444","targetHints":{"allow":["GET"]}}],"collection":[{"href":"https:\/\/secureus.se\/pl\/wp-json\/wp\/v2\/product"}],"about":[{"href":"https:\/\/secureus.se\/pl\/wp-json\/wp\/v2\/types\/product"}],"wp:featuredmedia":[{"embeddable":true,"href":"https:\/\/secureus.se\/pl\/wp-json\/wp\/v2\/media\/137463"}],"wp:attachment":[{"href":"https:\/\/secureus.se\/pl\/wp-json\/wp\/v2\/media?parent=91444"}],"wp:term":[{"taxonomy":"product_brand","embeddable":true,"href":"https:\/\/secureus.se\/pl\/wp-json\/wp\/v2\/product_brand?post=91444"},{"taxonomy":"product_cat","embeddable":true,"href":"https:\/\/secureus.se\/pl\/wp-json\/wp\/v2\/product_cat?post=91444"},{"taxonomy":"product_tag","embeddable":true,"href":"https:\/\/secureus.se\/pl\/wp-json\/wp\/v2\/product_tag?post=91444"}],"curies":[{"name":"wp","href":"https:\/\/api.w.org\/{rel}","templated":true}]}}