{"id":91460,"date":"2024-05-01T22:05:06","date_gmt":"2024-05-01T20:05:06","guid":{"rendered":"https:\/\/secureus.se\/?post_type=product&#038;p=91460"},"modified":"2026-04-08T15:47:57","modified_gmt":"2026-04-08T13:47:57","slug":"dorrstangarsats-ts4000-1-6-med-standardarm-silver","status":"publish","type":"product","link":"https:\/\/secureus.se\/pl\/dorrstangarsats-ts4000-1-6-med-standardarm-silver\/","title":{"rendered":"Samozamykacz GEZE TS 4000 \u2013 zestaw kompletny \u2013 EN 1-6 \u2013 rami\u0119 standardowe \u2013 srebrny"},"content":{"rendered":"<p><strong>GEZE TS 4000<\/strong> To mocny i elastyczny samozamykacz dla tych, kt\u00f3rzy potrzebuj\u0105 bezpiecznego, p\u0142ynnego i kontrolowanego zamykania drzwi wewn\u0119trznych, zewn\u0119trznych i przeciwpo\u017carowych. Model ten jest dostarczany jako <strong>kompletny zestaw<\/strong> w srebrze z <strong>standardowe rami\u0119<\/strong>, co czyni go wygodnym wyborem zar\u00f3wno w przypadku nowych instalacji, jak i wymiany.<\/p>\n<p>Samozamykacz pasuje <strong>drzwi pojedyncze do 1400 mm<\/strong> i ma <strong>bezstopniowa regulacja si\u0142y zamykania EN 1-6<\/strong>. Mo\u017cna go zamontowa\u0107 na <strong>strona zawiasowa skrzyd\u0142a drzwi<\/strong> Lub <strong>strona oporowa ramy<\/strong>. W razie potrzeby r\u00f3wnie\u017c <strong>monta\u017c skrzyd\u0142a drzwiowego po stronie uderzeniowej<\/strong> mo\u017cliwe przy u\u017cyciu wspornika ramienia r\u00f3wnoleg\u0142ego.<\/p>\n<h3>To jest zawarte w zestawie<\/h3>\n<ul>\n<li>Obudowa samozamykacza TS4000<\/li>\n<li>Rami\u0119 standardowe TS2000\/4000<\/li>\n<li>P\u0142yta monta\u017cowa TS4000\/5000<\/li>\n<\/ul>\n<h3>Charakterystyka<\/h3>\n<ul>\n<li>Kompletny zestaw z obudow\u0105 samozamykacza, standardowym ramieniem i p\u0142yt\u0105 monta\u017cow\u0105<\/li>\n<li>System ramion: <strong>Rami\u0119 standardowe<\/strong><\/li>\n<li>Si\u0142a zamykania: <strong>PL 1-6<\/strong><\/li>\n<li>P\u0142ynna regulacja si\u0142y zamykania<\/li>\n<li>Pasuje do pojedynczych drzwi<\/li>\n<li>Maksymalna szeroko\u015b\u0107 skrzyd\u0142a drzwi: <strong>1400 mm<\/strong><\/li>\n<li>Montowany po stronie zawiasu skrzyd\u0142a drzwiowego lub po stronie zaczepu o\u015bcie\u017cnicy<\/li>\n<li>Monta\u017c skrzyd\u0142a drzwiowego po stronie zaczepu mo\u017cliwy za pomoc\u0105 wspornika ramienia r\u00f3wnoleg\u0142ego<\/li>\n<li>Do drzwi prawych i lewych<\/li>\n<li>Maksymalny k\u0105t otwarcia: <strong>180\u00b0<\/strong><\/li>\n<li>Optyczny wska\u017anik si\u0142y zamykania<\/li>\n<li>Zaw\u00f3r bezpiecze\u0144stwa chroni\u0105cy przed wandalizmem<\/li>\n<li>Zaw\u00f3r stabilny termicznie<\/li>\n<li>Obr\u00f3bka powierzchni: <strong>Srebrny<\/strong><\/li>\n<\/ul>\n<h3>Funkcje<\/h3>\n<ul>\n<li>Wszystkie funkcje s\u0105 regulowane z przodu<\/li>\n<li>Regulowana pr\u0119dko\u015b\u0107 zamykania<\/li>\n<li>Regulowany zaczep ze standardowym ramieniem<\/li>\n<li>Zintegrowany, hydraulicznie regulowany hamulec otwierania<\/li>\n<li>Regulacja hamulca otwieraj\u0105cego odbywa si\u0119 od przodu za pomoc\u0105 zaworu<\/li>\n<li>Konfiguracja elektromechaniczna: Nie<\/li>\n<li>Funkcja swobodnego hu\u015btania: Nie<\/li>\n<li>Zamykanie z op\u00f3\u017anieniem: Nie<\/li>\n<\/ul>\n<h3>Wa\u017cne informacje<\/h3>\n<p>Z <strong>rami\u0119 do stania<\/strong> drzwi mo\u017cna trzyma\u0107 pod k\u0105tem pomi\u0119dzy <strong>70\u00b0 i 150\u00b0<\/strong>. Jednak\u017ce rami\u0119 statywowe nie jest zawarte w tym zestawie, lecz jest opcj\u0105 dodatkow\u0105.<\/p>\n<h3>Zatwierdzenie i wykonanie<\/h3>\n<ul>\n<li>Zatwierdzono zgodnie z <strong>EN 1154<\/strong><\/li>\n<li>Kolory standardowe: srebrny, br\u0105zowy i bia\u0142y lakierowany RAL 9016<\/li>\n<li>Mo\u017cliwo\u015b\u0107 wykonania kolor\u00f3w specjalnych wed\u0142ug skali RAL lub NCS na \u017cyczenie.<\/li>\n<\/ul>\n<h3>Nadaje si\u0119 do<\/h3>\n<ul>\n<li>drzwi wewn\u0119trzne<\/li>\n<li>drzwi wej\u015bciowe<\/li>\n<li>drzwi przeciwpo\u017carowe<\/li>\n<li>drzwi wej\u015bciowe<\/li>\n<li>nieruchomo\u015bci, biura i przestrzenie publiczne<\/li>\n<\/ul>\n<p>GEZE TS 4000 to dobry wyb\u00f3r dla os\u00f3b poszukuj\u0105cych <strong>samozamykacz z ramieniem standardowym<\/strong> W kompletnym zestawie. Otrzymujesz niezawodny samozamykacz o szerokim zakresie regulacji, stabilnym dzia\u0142aniu i \u0142atwym dopasowaniu do r\u00f3\u017cnych warunk\u00f3w otoczenia.<\/p>\n<div style=\"background: #f6f8fa;padding: 14px;border-radius: 6px;margin: 18px 0\"><strong>Potrzebujesz pomocy w wyborze odpowiedniego samozamykacza?<\/strong><br \/>\nPor\u00f3wnaj typ drzwi, typ ramienia i szeroko\u015b\u0107 drzwi lub zobacz wi\u0119cej modeli w naszej ofercie.<br \/>\n<a style=\"font-weight: bold\" href=\"https:\/\/secureus.se\/pl\/dorrstangare-kompletta\/\"><br \/>\nZobacz wszystkie kompletne samozamykacze tutaj \u2192<br \/>\n<\/a><\/div>","protected":false},"excerpt":{"rendered":"<p><strong>Samozamykacz GEZE TS 4000 kompletny w kolorze srebrnym<\/strong> ze standardowym ramieniem do bezpiecznego i kontrolowanego zamykania drzwi wewn\u0119trznych, zewn\u0119trznych i przeciwpo\u017carowych. Pasuje <strong>drzwi pojedyncze do 1400 mm<\/strong> i mo\u017cna go zamontowa\u0107 na <strong>strona zawiasowa skrzyd\u0142a drzwi<\/strong> Lub <strong>strona oporowa ramy<\/strong>.<\/p>\n<p>Kompletny zestaw zawiera: <strong>obudowa samozamykacza TS4000, rami\u0119 standardowe TS2000\/4000 i p\u0142yta monta\u017cowa TS4000\/5000<\/strong>. Model ma <strong>bezstopniowa regulacja si\u0142y zamykania EN 1-6<\/strong>, regulowany hamulec otwierania, pasuje zar\u00f3wno do drzwi prawych, jak i lewych.<\/p>","protected":false},"featured_media":137495,"template":"","meta":{"_acf_changed":false},"product_brand":[],"product_cat":[3258,4864],"product_tag":[4863],"class_list":{"0":"post-91460","1":"product","2":"type-product","3":"status-publish","4":"has-post-thumbnail","6":"product_cat-dorrstangare","7":"product_cat-dorrstangare-kompletta","8":"product_tag-pf","9":"product_shipping_class-tunga-paket","10":"pa_brands-geze","11":"tm-no-options","13":"first","14":"instock","15":"sale","16":"taxable","17":"shipping-taxable","18":"purchasable","19":"product-type-simple"},"acf":[],"_links":{"self":[{"href":"https:\/\/secureus.se\/pl\/wp-json\/wp\/v2\/product\/91460","targetHints":{"allow":["GET"]}}],"collection":[{"href":"https:\/\/secureus.se\/pl\/wp-json\/wp\/v2\/product"}],"about":[{"href":"https:\/\/secureus.se\/pl\/wp-json\/wp\/v2\/types\/product"}],"wp:featuredmedia":[{"embeddable":true,"href":"https:\/\/secureus.se\/pl\/wp-json\/wp\/v2\/media\/137495"}],"wp:attachment":[{"href":"https:\/\/secureus.se\/pl\/wp-json\/wp\/v2\/media?parent=91460"}],"wp:term":[{"taxonomy":"product_brand","embeddable":true,"href":"https:\/\/secureus.se\/pl\/wp-json\/wp\/v2\/product_brand?post=91460"},{"taxonomy":"product_cat","embeddable":true,"href":"https:\/\/secureus.se\/pl\/wp-json\/wp\/v2\/product_cat?post=91460"},{"taxonomy":"product_tag","embeddable":true,"href":"https:\/\/secureus.se\/pl\/wp-json\/wp\/v2\/product_tag?post=91460"}],"curies":[{"name":"wp","href":"https:\/\/api.w.org\/{rel}","templated":true}]}}