{"id":91465,"date":"2024-05-01T22:05:06","date_gmt":"2024-05-01T20:05:06","guid":{"rendered":"https:\/\/secureus.se\/?post_type=product&#038;p=91465"},"modified":"2026-04-08T15:51:20","modified_gmt":"2026-04-08T13:51:20","slug":"dorrstangarsats-dc700-461-silver","status":"publish","type":"product","link":"https:\/\/secureus.se\/pl\/dorrstangarsats-dc700-461-silver\/","title":{"rendered":"Zestaw drzwi podw\u00f3jnych ASSA ABLOY DC700 \u2013 EN 3-6 \u2013 srebrny"},"content":{"rendered":"<p><strong>ASSA ABLOY DC700 pard\u00f6rrsats<\/strong> \u00e4r en komplett l\u00f6sning f\u00f6r dig som beh\u00f6ver s\u00e4ker, kontrollerad och korrekt st\u00e4ngning av <strong>podw\u00f3jne drzwi<\/strong> i fastigheter, offentliga milj\u00f6er och andra kr\u00e4vande d\u00f6rrmilj\u00f6er. Satsen \u00e4r baserad p\u00e5 <strong>DC700-serien<\/strong> och levereras med <strong>glidskena G461<\/strong> med inbyggd mekanisk koordinator, vilket s\u00e4kerst\u00e4ller r\u00e4tt st\u00e4ngningsordning mellan d\u00f6rrbladen.<\/p>\n<p>Den h\u00e4r pard\u00f6rrssatsen passar f\u00f6r <strong>drzwi zewn\u0119trzne, drzwi wewn\u0119trzne i drzwi przeciwpo\u017carowe<\/strong> och \u00e4r utvecklad f\u00f6r d\u00f6rrmilj\u00f6er d\u00e4r b\u00e5de s\u00e4kerhet, h\u00e5llbarhet och korrekt funktion \u00e4r avg\u00f6rande. Med <strong>si\u0142a zamykania EN 3-6<\/strong> och glidskenesystem f\u00e5r du en stabil l\u00f6sning med god kontroll och ett mer diskret armsystem.<\/p>\n<h3>To jest zawarte w zestawie<\/h3>\n<ul>\n<li>2 st d\u00f6rrst\u00e4ngarhus DC700<\/li>\n<li>2 st montageplatta A120<\/li>\n<li>Glidskena G461 med inbyggd mekanisk d\u00f6rrkoordinator<\/li>\n<\/ul>\n<h3>Charakterystyka<\/h3>\n<ul>\n<li>Komplett pard\u00f6rrsats med tv\u00e5 d\u00f6rrst\u00e4ngarhus, tv\u00e5 montageplattor och glidskena med koordinator<\/li>\n<li>System ramion: <strong>Szyna przesuwna<\/strong><\/li>\n<li>Si\u0142a zamykania: <strong>JEDEN 3-6<\/strong><\/li>\n<li>F\u00f6r <strong>pard\u00f6rr<\/strong><\/li>\n<li>Szyna \u015blizgowa z wbudowanym mechanicznym koordynatorem drzwi do drzwi podw\u00f3jnych<\/li>\n<li>Pasuje do drzwi lewych i prawych<\/li>\n<li>Hamulec otwieraj\u0105cy: Tak<\/li>\n<li>Oceniony produkt budowlany: Tak<\/li>\n<li>Obr\u00f3bka powierzchni: <strong>Srebrny<\/strong><\/li>\n<\/ul>\n<h3>D\u00f6rrm\u00e5tt och \u00f6ppningsvinkel<\/h3>\n<ul>\n<li>Klarar d\u00f6rrbredd <strong>1250 till 2800 mm c\/c mellan g\u00e5ngj\u00e4rnen<\/strong> w przypadku monta\u017cu po stronie zawias\u00f3w<\/li>\n<li>Klarar d\u00f6rrbredd <strong>1400 till 2800 mm<\/strong> vid montage p\u00e5 anslagssidan<\/li>\n<li>Minsta d\u00f6rrbladsbredd passivt d\u00f6rrblad p\u00e5 g\u00e5ngj\u00e4rnssidan: <strong>350 mm<\/strong><\/li>\n<li>Minsta d\u00f6rrbladsbredd passivt d\u00f6rrblad p\u00e5 anslagssidan: <strong>400 mm<\/strong><\/li>\n<li>\u00d6ppningsvinkel p\u00e5 g\u00e5ngj\u00e4rnssidan justerbar upp till <strong>160\u00b0<\/strong><\/li>\n<li>\u00d6ppningsvinkel p\u00e5 anslagssidan justerbar upp till cirka <strong>120\u00b0<\/strong><\/li>\n<\/ul>\n<h3>Montage och funktion<\/h3>\n<p>ASSA ABLOY DC700-461 \u00e4r framtagen f\u00f6r montage p\u00e5 <strong>strona zawias\u00f3w drzwi<\/strong> Lub <strong>d\u00f6rr anslagssida<\/strong>. Om du beh\u00f6ver st\u00f6rre \u00f6ppningsvinkel \u00e4n <strong>160\u00b0<\/strong> vid montage p\u00e5 g\u00e5ngj\u00e4rnssidan rekommenderas <strong>d\u00f6rrst\u00e4ngarhus DC700AC<\/strong>.<\/p>\n<p>Glidskenan \u00e4r justerbar <strong>14 mm i h\u00f6jdled<\/strong>, vilket underl\u00e4ttar installationen. F\u00f6r montage p\u00e5 <strong>strona og\u0142oszenia<\/strong> beh\u00f6vs tillbeh\u00f6r <strong>G120<\/strong>.<\/p>\n<h3>Wa\u017cne informacje<\/h3>\n<ul>\n<li><strong>D\u00f6rrmedbringare ASSA ABLOY 2010<\/strong> b\u00f6r anv\u00e4ndas f\u00f6r att s\u00e4kerst\u00e4lla d\u00f6rrkoordinatorns funktion<\/li>\n<li><strong>Vridlager A151<\/strong> kan anv\u00e4ndas tillsammans med G461 f\u00f6r koordinering av brandklassad d\u00f6rr och slagd\u00f6rrsautomatik<\/li>\n<li><strong>Uppst\u00e4llningsenhet A114 f\u00e5r inte anv\u00e4ndas p\u00e5 d\u00f6rrar i brandcellsgr\u00e4ns<\/strong><\/li>\n<li>Klarar kraven enligt <strong>EN 1154\/1158<\/strong><\/li>\n<\/ul>\n<h3>Mierzy\u0107<\/h3>\n<ul>\n<li>Wysoko\u015b\u0107: <strong>31 mm<\/strong><\/li>\n<li>G\u0142\u0119boko\u015b\u0107: <strong>33 mm<\/strong><\/li>\n<li>L\u00e4ngd: beroende p\u00e5 d\u00f6rrbredd<\/li>\n<\/ul>\n<h3>Nadaje si\u0119 do<\/h3>\n<ul>\n<li>pard\u00f6rrar i fastigheter och offentliga milj\u00f6er<\/li>\n<li>drzwi wewn\u0119trzne<\/li>\n<li>drzwi wej\u015bciowe<\/li>\n<li>drzwi przeciwpo\u017carowe<\/li>\n<li>d\u00f6rrmilj\u00f6er d\u00e4r korrekt st\u00e4ngningsordning kr\u00e4vs<\/li>\n<\/ul>\n<p>ASSA ABLOY DC700 pard\u00f6rrsats \u00e4r ett bra val f\u00f6r dig som s\u00f6ker en <strong>komplett d\u00f6rrst\u00e4ngarl\u00f6sning f\u00f6r pard\u00f6rr<\/strong> med koordinator och glidskena. Du f\u00e5r en robust och p\u00e5litlig l\u00f6sning som hj\u00e4lper d\u00f6rrbladen att st\u00e4nga i r\u00e4tt ordning och ger s\u00e4ker funktion i kr\u00e4vande milj\u00f6er.<\/p>\n<div style=\"background: #f6f8fa;padding: 14px;border-radius: 6px;margin: 18px 0\"><strong>Potrzebujesz pomocy w wyborze odpowiedniego samozamykacza?<\/strong><br \/>\nPor\u00f3wnaj typ drzwi, typ ramienia i szeroko\u015b\u0107 drzwi lub zobacz wi\u0119cej modeli w naszej ofercie.<br \/>\n<a style=\"font-weight: bold\" href=\"https:\/\/secureus.se\/pl\/dorrstangare-kompletta\/\"><br \/>\nZobacz wszystkie kompletne samozamykacze tutaj \u2192<br \/>\n<\/a><\/div>","protected":false},"excerpt":{"rendered":"<p><strong>Zestaw drzwi podw\u00f3jnych ASSA ABLOY DC700 w kolorze srebrnym<\/strong> Z szyn\u0105 \u015blizgow\u0105 G461 i wbudowanym koordynatorem do bezpiecznego i kontrolowanego zamykania drzwi dwuskrzyd\u0142owych, wewn\u0119trznych, zewn\u0119trznych i przeciwpo\u017carowych. Zestaw jest przystosowany do <strong>podw\u00f3jne drzwi<\/strong> i ma <strong>si\u0142a zamykania EN 3-6<\/strong>.<\/p>\n<p>Pakiet zawiera <strong>2 obudowy samozamykacza DC700, 2 p\u0142ytki monta\u017cowe A120 i szyna \u015blizgowa G461 z mechanicznym koordynatorem drzwi<\/strong>. Dobry wyb\u00f3r, gdy w drzwiach dwuskrzyd\u0142owych wa\u017cna jest prawid\u0142owa kolejno\u015b\u0107 zamykania i bezpieczne dzia\u0142anie.<\/p>","protected":false},"featured_media":137745,"template":"","meta":{"_acf_changed":false},"product_brand":[],"product_cat":[3258,4864],"product_tag":[4863],"class_list":{"0":"post-91465","1":"product","2":"type-product","3":"status-publish","4":"has-post-thumbnail","6":"product_cat-dorrstangare","7":"product_cat-dorrstangare-kompletta","8":"product_tag-pf","9":"product_shipping_class-tunga-paket","10":"pa_brands-abloy","11":"tm-no-options","13":"first","14":"instock","15":"sale","16":"taxable","17":"shipping-taxable","18":"purchasable","19":"product-type-simple"},"acf":[],"_links":{"self":[{"href":"https:\/\/secureus.se\/pl\/wp-json\/wp\/v2\/product\/91465","targetHints":{"allow":["GET"]}}],"collection":[{"href":"https:\/\/secureus.se\/pl\/wp-json\/wp\/v2\/product"}],"about":[{"href":"https:\/\/secureus.se\/pl\/wp-json\/wp\/v2\/types\/product"}],"wp:featuredmedia":[{"embeddable":true,"href":"https:\/\/secureus.se\/pl\/wp-json\/wp\/v2\/media\/137745"}],"wp:attachment":[{"href":"https:\/\/secureus.se\/pl\/wp-json\/wp\/v2\/media?parent=91465"}],"wp:term":[{"taxonomy":"product_brand","embeddable":true,"href":"https:\/\/secureus.se\/pl\/wp-json\/wp\/v2\/product_brand?post=91465"},{"taxonomy":"product_cat","embeddable":true,"href":"https:\/\/secureus.se\/pl\/wp-json\/wp\/v2\/product_cat?post=91465"},{"taxonomy":"product_tag","embeddable":true,"href":"https:\/\/secureus.se\/pl\/wp-json\/wp\/v2\/product_tag?post=91465"}],"curies":[{"name":"wp","href":"https:\/\/api.w.org\/{rel}","templated":true}]}}