{"id":91471,"date":"2024-05-01T22:05:07","date_gmt":"2024-05-01T20:05:07","guid":{"rendered":"https:\/\/secureus.se\/?post_type=product&#038;p=91471"},"modified":"2026-04-08T15:51:17","modified_gmt":"2026-04-08T13:51:17","slug":"dorrstangarsats-ts93g-2-5-n-med-standardglidskena-silver","status":"publish","type":"product","link":"https:\/\/secureus.se\/pl\/dorrstangarsats-ts93g-2-5-n-med-standardglidskena-silver\/","title":{"rendered":"Samozamykacz Dormakaba TS93G \u2013 zestaw kompletny \u2013 EN 2-5 \u2013 szyna \u015blizgowa \u2013 srebrny"},"content":{"rendered":"<p><strong>Dormakaba TS93G<\/strong> jest zaawansowanym i niezawodnym samozamykaczem do drzwi <strong>Projekt konturowy<\/strong> Dla tych, kt\u00f3rzy chc\u0105 bezpiecznego, p\u0142ynnego i kontrolowanego zamykania drzwi w nowoczesnych \u015brodowiskach. Ten model jest dostarczany jako <strong>kompletny zestaw<\/strong> w srebrze z <strong>szyna \u015blizgowa G93N<\/strong> i nadaje si\u0119 do drzwi wewn\u0119trznych, drzwi zewn\u0119trznych, drzwi przeciwpo\u017carowych i wewn\u0119trznych drzwi dymoszczelnych.<\/p>\n<p>Dzi\u0119ki <strong>Technologia EASY OPEN<\/strong> Dzi\u0119ki krzywce w kszta\u0142cie serca uzyskuje si\u0119 mniejszy op\u00f3r otwierania, co sprawia, \u017ce drzwi s\u0105 wygodniejsze w u\u017cyciu, a jednocze\u015bnie zachowuj\u0105 stabiln\u0105 i kontrolowan\u0105 funkcj\u0119 zamykania. Samozamykacz ma <strong>bezstopniowa regulacja si\u0142y zamykania EN 2-5<\/strong> i pasuje <strong>drzwi pojedyncze do 1250 mm<\/strong>.<\/p>\n<p>Dom zamykacza drzwi <strong>TS93G<\/strong> zamontowany na <strong>d\u00f6rrbladets anslagssida<\/strong> Lub <strong>karmens g\u00e5ngj\u00e4rnssida<\/strong>. Do monta\u017cu przeciwnego nale\u017cy stosowa\u0107 <strong>TS93B<\/strong>.<\/p>\n<h3>To jest zawarte w zestawie<\/h3>\n<ul>\n<li>D\u00f6rrst\u00e4ngarhus TS93G<\/li>\n<li>P\u0142yta monta\u017cowa<\/li>\n<li>Szyna \u015blizgowa G93N<\/li>\n<\/ul>\n<h3>Charakterystyka<\/h3>\n<ul>\n<li>Kompletny zestaw z obudow\u0105 samozamykacza, p\u0142yt\u0105 monta\u017cow\u0105 i szyn\u0105 \u015blizgow\u0105<\/li>\n<li>Hydrauliczny samozamykacz do drzwi z tarcz\u0105 krzywkow\u0105 i spr\u0119\u017cyn\u0105 dociskow\u0105<\/li>\n<li>System ramion: <strong>Szyna przesuwna<\/strong><\/li>\n<li>Si\u0142a zamykania: <strong>PL 2-5<\/strong><\/li>\n<li>P\u0142ynna regulacja si\u0142y zamykania drzwi<\/li>\n<li>Pasuje do pojedynczych drzwi<\/li>\n<li>Maksymalna szeroko\u015b\u0107 skrzyd\u0142a drzwi: <strong>1250 mm<\/strong><\/li>\n<li>Pasuje do lewych i prawych drzwi<\/li>\n<li>Monteras p\u00e5 d\u00f6rrblad anslagssida eller karm g\u00e5ngj\u00e4rnssida<\/li>\n<li>Hydrauliczny hamulec otwieraj\u0105cy<\/li>\n<li>Zamykanie z op\u00f3\u017anieniem<\/li>\n<li>Obr\u00f3bka powierzchni: <strong>Srebrny<\/strong><\/li>\n<\/ul>\n<h3>Funkcje<\/h3>\n<ul>\n<li>Pr\u0119dko\u015b\u0107 zamykania regulowana bezstopniowo za pomoc\u0105 zaworu<\/li>\n<li>Si\u0142a zamykania regulowana bezstopniowo za pomoc\u0105 \u015bruby regulacyjnej<\/li>\n<li>Funkcja w\u0142\u0105czania i wy\u0142\u0105czania z p\u0142ynn\u0105 regulacj\u0105 za pomoc\u0105 zaworu<\/li>\n<li>Hamulec otwieraj\u0105cy regulowany zaworem<\/li>\n<li>Funkcja op\u00f3\u017anionego zamykania z p\u0142ynn\u0105 regulacj\u0105 za pomoc\u0105 zaworu<\/li>\n<li>Mo\u017cna stosowa\u0107 wy\u0142\u0105cznie z szyn\u0105 \u015blizgow\u0105<\/li>\n<li>Samozamykacz przetestowany zgodnie z <strong>EN 1154<\/strong><\/li>\n<li>Konfiguracja elektromechaniczna: Nie<\/li>\n<li>Funkcja swobodnego hu\u015btania: Nie<\/li>\n<\/ul>\n<h3>K\u0105t otwarcia<\/h3>\n<ul>\n<li><strong>Monta\u017c drzwi:<\/strong> od 120\u00b0 do 145\u00b0 w zale\u017cno\u015bci od warunk\u00f3w technicznych<\/li>\n<li><strong>Monta\u017c ramy:<\/strong> w zale\u017cno\u015bci od warunk\u00f3w drzwi mo\u017cna otworzy\u0107 do 180\u00b0<\/li>\n<\/ul>\n<h3>Mierzy\u0107<\/h3>\n<ul>\n<li>D\u0142ugo\u015b\u0107: <strong>275 mm<\/strong><\/li>\n<li>Wysoko\u015b\u0107: <strong>60 mm<\/strong><\/li>\n<li>G\u0142\u0119boko\u015b\u0107: <strong>53 mm<\/strong><\/li>\n<\/ul>\n<h3>Nadaje si\u0119 do<\/h3>\n<ul>\n<li>drzwi wewn\u0119trzne<\/li>\n<li>drzwi wej\u015bciowe<\/li>\n<li>drzwi przeciwpo\u017carowe<\/li>\n<li>para drzwi wewn\u0119trznych oddzielaj\u0105cych dym<\/li>\n<li>nieruchomo\u015bci, biura i przestrzenie publiczne<\/li>\n<\/ul>\n<p>Dormakaba TS93G \u00e4r ett bra val f\u00f6r dig som s\u00f6ker en <strong>samozamykacz z szyn\u0105 \u015blizgow\u0105<\/strong> W kompletnym zestawie, w kt\u00f3rym liczy si\u0119 komfort, funkcjonalno\u015b\u0107 i design. Otrzymujesz niezawodny samozamykacz z lekkim odczuciem otwierania, wysokim zakresem regulacji i dyskretnym wygl\u0105dem, kt\u00f3ry pasuje do wielu r\u00f3\u017cnych \u015brodowisk.<\/p>\n<div style=\"background: #f6f8fa;padding: 14px;border-radius: 6px;margin: 18px 0\"><strong>Potrzebujesz pomocy w wyborze odpowiedniego samozamykacza?<\/strong><br \/>\nPor\u00f3wnaj typ drzwi, typ ramienia i szeroko\u015b\u0107 drzwi lub zobacz wi\u0119cej modeli w naszej ofercie.<br \/>\n<a style=\"font-weight: bold\" href=\"https:\/\/secureus.se\/pl\/dorrstangare-kompletta\/\"><br \/>\nZobacz wszystkie kompletne samozamykacze tutaj \u2192<br \/>\n<\/a><\/div>","protected":false},"excerpt":{"rendered":"<p><strong>Kompletny samozamykacz Dormakaba TS93G w kolorze srebrnym<\/strong> Z szyn\u0105 \u015blizgow\u0105 do bezpiecznego, cichego i kontrolowanego zamykania drzwi wewn\u0119trznych, zewn\u0119trznych i przeciwpo\u017carowych. Odpowiedni <strong>drzwi pojedyncze do 1250 mm<\/strong> i ma <strong>Technologia EASY OPEN<\/strong> dla mniejszego oporu przy otwieraniu.<\/p>\n<p>Kompletny zestaw zawiera: <strong>obudowa samozamykacza TS93G z p\u0142yt\u0105 monta\u017cow\u0105 i szyn\u0105 \u015blizgow\u0105 G93N<\/strong>. Model ma <strong>bezstopniowa regulacja si\u0142y zamykania EN 2-5<\/strong>, hamulec otwierania i op\u00f3\u017anione zamykanie zapewniaj\u0105 wysoki komfort i elastyczn\u0105 adaptacj\u0119.<\/p>","protected":false},"featured_media":137270,"template":"","meta":{"_acf_changed":false},"product_brand":[],"product_cat":[3258,4864],"product_tag":[4863],"class_list":{"0":"post-91471","1":"product","2":"type-product","3":"status-publish","4":"has-post-thumbnail","6":"product_cat-dorrstangare","7":"product_cat-dorrstangare-kompletta","8":"product_tag-pf","9":"product_shipping_class-tunga-paket","10":"pa_brands-dormakaba","11":"tm-no-options","13":"first","14":"instock","15":"sale","16":"taxable","17":"shipping-taxable","18":"purchasable","19":"product-type-simple"},"acf":[],"_links":{"self":[{"href":"https:\/\/secureus.se\/pl\/wp-json\/wp\/v2\/product\/91471","targetHints":{"allow":["GET"]}}],"collection":[{"href":"https:\/\/secureus.se\/pl\/wp-json\/wp\/v2\/product"}],"about":[{"href":"https:\/\/secureus.se\/pl\/wp-json\/wp\/v2\/types\/product"}],"wp:featuredmedia":[{"embeddable":true,"href":"https:\/\/secureus.se\/pl\/wp-json\/wp\/v2\/media\/137270"}],"wp:attachment":[{"href":"https:\/\/secureus.se\/pl\/wp-json\/wp\/v2\/media?parent=91471"}],"wp:term":[{"taxonomy":"product_brand","embeddable":true,"href":"https:\/\/secureus.se\/pl\/wp-json\/wp\/v2\/product_brand?post=91471"},{"taxonomy":"product_cat","embeddable":true,"href":"https:\/\/secureus.se\/pl\/wp-json\/wp\/v2\/product_cat?post=91471"},{"taxonomy":"product_tag","embeddable":true,"href":"https:\/\/secureus.se\/pl\/wp-json\/wp\/v2\/product_tag?post=91471"}],"curies":[{"name":"wp","href":"https:\/\/api.w.org\/{rel}","templated":true}]}}